{"id":4847,"date":"2024-11-02T21:40:27","date_gmt":"2024-11-02T20:40:27","guid":{"rendered":"https:\/\/etev7e.pef.czu.cz\/zs2223\/?post_type=product&#038;p=4847"},"modified":"2024-11-13T14:03:49","modified_gmt":"2024-11-13T13:03:49","slug":"kocici-konzervy","status":"publish","type":"product","link":"https:\/\/etev7e.pef.czu.cz\/zs2223\/produkt\/kocici-konzervy\/","title":{"rendered":"Ko\u010di\u010d\u00ed konzervy"},"content":{"rendered":"<p>Na\u0161e pr\u00e9miov\u00e9 ko\u010di\u010d\u00ed konzervy jsou pe\u010dliv\u011b vyroben\u00e9 z vysoce kvalitn\u00edch surovin, kter\u00e9 poskytuj\u00ed va\u0161\u00ed ko\u010dce vyv\u00e1\u017eenou a chutnou stravu. Ka\u017ed\u00e1 porce obsahuje bohat\u00e9 mno\u017estv\u00ed b\u00edlkovin a nezbytn\u00fdch \u017eivin pro podporu zdrav\u00ed srsti, k\u016f\u017ee a siln\u00e9ho imunitn\u00edho syst\u00e9mu. Bez um\u011bl\u00fdch p\u0159\u00edsad a konzervant\u016f jsou tyto konzervy \u0161etrn\u00e9 k citliv\u00fdm \u017ealudk\u016fm a jsou ide\u00e1ln\u00ed volbou i pro n\u00e1ro\u010dn\u00e9 ko\u010dky. Nab\u00edz\u00edme \u0161irokou \u0161k\u00e1lu chut\u00ed, kter\u00e9 uspokoj\u00ed i ty nejn\u00e1ro\u010dn\u011bj\u0161\u00ed ko\u010di\u010d\u00ed jaz\u00fd\u010dky. Dop\u0159ejte sv\u00e9 ko\u010dce luxusn\u00ed z\u00e1\u017eitek s na\u0161imi lahodn\u00fdmi konzervami, kter\u00e9 jsou nejen v\u00fd\u017eivn\u00e9, ale tak\u00e9 zcela p\u0159irozen\u00e9.<\/p>\n","protected":false},"excerpt":{"rendered":"<p>Na\u0161e pr\u00e9miov\u00e9 ko\u010di\u010d\u00ed konzervy jsou pe\u010dliv\u011b vyroben\u00e9 z vysoce kvalitn\u00edch surovin, kter\u00e9 poskytuj\u00ed va\u0161\u00ed ko\u010dce vyv\u00e1\u017eenou a chutnou stravu. Ka\u017ed\u00e1 porce obsahuje bohat\u00e9 mno\u017estv\u00ed b\u00edlkovin a nezbytn\u00fdch \u017eivin pro podporu zdrav\u00ed srsti, k\u016f\u017ee a siln\u00e9ho imunitn\u00edho syst\u00e9mu. Bez um\u011bl\u00fdch p\u0159\u00edsad a konzervant\u016f jsou tyto konzervy \u0161etrn\u00e9 k citliv\u00fdm \u017ealudk\u016fm a jsou ide\u00e1ln\u00ed volbou i pro [&hellip;]<\/p>\n","protected":false},"featured_media":4848,"comment_status":"open","ping_status":"closed","template":"","meta":[],"product_brand":[],"product_cat":[1195],"product_tag":[1301,1302,1756,1755,1297,1298],"class_list":{"0":"post-4847","1":"product","2":"type-product","3":"status-publish","4":"has-post-thumbnail","6":"product_cat-krmivo","7":"product_tag-bez-konzervantu","8":"product_tag-bohate-na-bilkoviny","9":"product_tag-imunita-pro-kocky","10":"product_tag-kocici-konzervy","11":"product_tag-kocky","12":"product_tag-krmivo-pro-kocky","14":"first","15":"instock","16":"taxable","17":"shipping-taxable","18":"purchasable","19":"product-type-simple"},"jetpack_sharing_enabled":true,"_links":{"self":[{"href":"https:\/\/etev7e.pef.czu.cz\/zs2223\/wp-json\/wp\/v2\/product\/4847","targetHints":{"allow":["GET"]}}],"collection":[{"href":"https:\/\/etev7e.pef.czu.cz\/zs2223\/wp-json\/wp\/v2\/product"}],"about":[{"href":"https:\/\/etev7e.pef.czu.cz\/zs2223\/wp-json\/wp\/v2\/types\/product"}],"replies":[{"embeddable":true,"href":"https:\/\/etev7e.pef.czu.cz\/zs2223\/wp-json\/wp\/v2\/comments?post=4847"}],"wp:featuredmedia":[{"embeddable":true,"href":"https:\/\/etev7e.pef.czu.cz\/zs2223\/wp-json\/wp\/v2\/media\/4848"}],"wp:attachment":[{"href":"https:\/\/etev7e.pef.czu.cz\/zs2223\/wp-json\/wp\/v2\/media?parent=4847"}],"wp:term":[{"taxonomy":"product_brand","embeddable":true,"href":"https:\/\/etev7e.pef.czu.cz\/zs2223\/wp-json\/wp\/v2\/product_brand?post=4847"},{"taxonomy":"product_cat","embeddable":true,"href":"https:\/\/etev7e.pef.czu.cz\/zs2223\/wp-json\/wp\/v2\/product_cat?post=4847"},{"taxonomy":"product_tag","embeddable":true,"href":"https:\/\/etev7e.pef.czu.cz\/zs2223\/wp-json\/wp\/v2\/product_tag?post=4847"}],"curies":[{"name":"wp","href":"https:\/\/api.w.org\/{rel}","templated":true}]}}