{"id":4849,"date":"2024-11-02T21:44:30","date_gmt":"2024-11-02T20:44:30","guid":{"rendered":"https:\/\/etev7e.pef.czu.cz\/zs2223\/?post_type=product&#038;p=4849"},"modified":"2024-11-13T14:03:21","modified_gmt":"2024-11-13T13:03:21","slug":"kocici-pamlsky","status":"publish","type":"product","link":"https:\/\/etev7e.pef.czu.cz\/zs2223\/produkt\/kocici-pamlsky\/","title":{"rendered":"Ko\u010di\u010d\u00ed pamlsky"},"content":{"rendered":"<p>Na\u0161e ko\u010di\u010d\u00ed pamlsky z kachn\u00edho masa jsou skv\u011blou pochoutkou pro va\u0161i ko\u010dku, vyroben\u00e9 z \u010dist\u00fdch, p\u0159\u00edrodn\u00edch surovin. Jedn\u00e1 se o lahodn\u00e9 kousky \u0161\u0165avnat\u00e9ho kachn\u00edho masa, kter\u00e9 jsou bohat\u00e9 na b\u00edlkoviny a n\u00edzk\u00e9 na tuky, co\u017e podporuje zdrav\u00ed a vitalitu va\u0161\u00ed ko\u010dky. Bez um\u011bl\u00fdch barviv, konzervant\u016f a p\u0159idan\u00fdch cukr\u016f jsou tyto pamlsky ide\u00e1ln\u00ed volbou i pro citliv\u00e9 nebo alergick\u00e9 ko\u010dky. D\u00edky jejich neodolateln\u00e9 chuti je va\u0161e ko\u010dka bude milovat, a vy m\u016f\u017eete m\u00edt jistotu, \u017ee j\u00ed dop\u0159\u00e1v\u00e1te zdravou odm\u011bnu. Skv\u011bl\u00e9 pro motivaci p\u0159i h\u0159e nebo tr\u00e9ninku, tyto pamlsky p\u0159edstavuj\u00ed ide\u00e1ln\u00ed zp\u016fsob, jak rozmazlit va\u0161i ko\u010dku s n\u011b\u010d\u00edm speci\u00e1ln\u00edm.<\/p>\n","protected":false},"excerpt":{"rendered":"<p>Na\u0161e ko\u010di\u010d\u00ed pamlsky z kachn\u00edho masa jsou skv\u011blou pochoutkou pro va\u0161i ko\u010dku, vyroben\u00e9 z \u010dist\u00fdch, p\u0159\u00edrodn\u00edch surovin. Jedn\u00e1 se o lahodn\u00e9 kousky \u0161\u0165avnat\u00e9ho kachn\u00edho masa, kter\u00e9 jsou bohat\u00e9 na b\u00edlkoviny a n\u00edzk\u00e9 na tuky, co\u017e podporuje zdrav\u00ed a vitalitu va\u0161\u00ed ko\u010dky. Bez um\u011bl\u00fdch barviv, konzervant\u016f a p\u0159idan\u00fdch cukr\u016f jsou tyto pamlsky ide\u00e1ln\u00ed volbou i pro [&hellip;]<\/p>\n","protected":false},"featured_media":4850,"comment_status":"open","ping_status":"closed","template":"","meta":[],"product_brand":[],"product_cat":[1195],"product_tag":[1299,1028,1752,1297,1298,437,1754,1753,1300],"class_list":{"0":"post-4849","1":"product","2":"type-product","3":"status-publish","4":"has-post-thumbnail","6":"product_cat-krmivo","7":"product_tag-bez-barviv","8":"product_tag-bez-cukru","9":"product_tag-kocici-pamlsky","10":"product_tag-kocky","11":"product_tag-krmivo-pro-kocky","12":"product_tag-pamlsky","13":"product_tag-pamlsky-bez-konzervantu","14":"product_tag-pamlsky-pro-kocky","15":"product_tag-s-nizkym-obsahem-tuku","17":"first","18":"instock","19":"taxable","20":"shipping-taxable","21":"purchasable","22":"product-type-simple"},"jetpack_sharing_enabled":true,"_links":{"self":[{"href":"https:\/\/etev7e.pef.czu.cz\/zs2223\/wp-json\/wp\/v2\/product\/4849","targetHints":{"allow":["GET"]}}],"collection":[{"href":"https:\/\/etev7e.pef.czu.cz\/zs2223\/wp-json\/wp\/v2\/product"}],"about":[{"href":"https:\/\/etev7e.pef.czu.cz\/zs2223\/wp-json\/wp\/v2\/types\/product"}],"replies":[{"embeddable":true,"href":"https:\/\/etev7e.pef.czu.cz\/zs2223\/wp-json\/wp\/v2\/comments?post=4849"}],"wp:featuredmedia":[{"embeddable":true,"href":"https:\/\/etev7e.pef.czu.cz\/zs2223\/wp-json\/wp\/v2\/media\/4850"}],"wp:attachment":[{"href":"https:\/\/etev7e.pef.czu.cz\/zs2223\/wp-json\/wp\/v2\/media?parent=4849"}],"wp:term":[{"taxonomy":"product_brand","embeddable":true,"href":"https:\/\/etev7e.pef.czu.cz\/zs2223\/wp-json\/wp\/v2\/product_brand?post=4849"},{"taxonomy":"product_cat","embeddable":true,"href":"https:\/\/etev7e.pef.czu.cz\/zs2223\/wp-json\/wp\/v2\/product_cat?post=4849"},{"taxonomy":"product_tag","embeddable":true,"href":"https:\/\/etev7e.pef.czu.cz\/zs2223\/wp-json\/wp\/v2\/product_tag?post=4849"}],"curies":[{"name":"wp","href":"https:\/\/api.w.org\/{rel}","templated":true}]}}