{"id":4854,"date":"2024-11-02T21:52:28","date_gmt":"2024-11-02T20:52:28","guid":{"rendered":"https:\/\/etev7e.pef.czu.cz\/zs2223\/?post_type=product&#038;p=4854"},"modified":"2024-11-13T14:01:10","modified_gmt":"2024-11-13T13:01:10","slug":"piskoty-mini","status":"publish","type":"product","link":"https:\/\/etev7e.pef.czu.cz\/zs2223\/produkt\/piskoty-mini\/","title":{"rendered":"Pi\u0161koty MINI"},"content":{"rendered":"<p>Asi nejobl\u00edben\u011bj\u0161\u00ed pamlsky \u2013 pi\u0161koty, kter\u00e9 jsou nyn\u00ed i v mini velikosti pro men\u0161\u00ed plemena pro je\u0161t\u011b snadn\u011bj\u0161\u00ed odm\u011b\u0148ov\u00e1n\u00ed, a to nejen pro pejsky \u2013 pochutnaj\u00ed si na nich i pt\u00e1ci a hlodavci. Obsahuj\u00ed p\u0159\u00edrodn\u00ed zdroj v\u00e1pn\u00edku z vaje\u010dn\u00fdch sko\u0159\u00e1pek, co\u017e podporuje zdrav\u00e9 kosti a zuby, a proteiny z \u010derstv\u00fdch vajec, kter\u00e9 p\u0159isp\u00edvaj\u00ed k celkov\u00e9mu zdrav\u00ed a vitalit\u011b va\u0161ich mazl\u00ed\u010dk\u016f. Na rozd\u00edl od d\u011btsk\u00fdch pi\u0161kot\u016f maj\u00ed ni\u017e\u0161\u00ed obsah cukru, co\u017e je \u010din\u00ed vhodn\u011bj\u0161\u00edmi pro zv\u00ed\u0159ata, kter\u00e1 pot\u0159ebuj\u00ed kontrolovat p\u0159\u00edjem cukru. Vyrobeno v \u010cesk\u00e9 republice.<\/p>\n","protected":false},"excerpt":{"rendered":"<p>Asi nejobl\u00edben\u011bj\u0161\u00ed pamlsky \u2013 pi\u0161koty, kter\u00e9 jsou nyn\u00ed i v mini velikosti pro men\u0161\u00ed plemena pro je\u0161t\u011b snadn\u011bj\u0161\u00ed odm\u011b\u0148ov\u00e1n\u00ed, a to nejen pro pejsky \u2013 pochutnaj\u00ed si na nich i pt\u00e1ci a hlodavci. Obsahuj\u00ed p\u0159\u00edrodn\u00ed zdroj v\u00e1pn\u00edku z vaje\u010dn\u00fdch sko\u0159\u00e1pek, co\u017e podporuje zdrav\u00e9 kosti a zuby, a proteiny z \u010derstv\u00fdch vajec, kter\u00e9 p\u0159isp\u00edvaj\u00ed k celkov\u00e9mu [&hellip;]<\/p>\n","protected":false},"featured_media":4855,"comment_status":"open","ping_status":"closed","template":"","meta":[],"product_brand":[],"product_cat":[1195],"product_tag":[1746,1731,1304,1748,1747,1305],"class_list":{"0":"post-4854","1":"product","2":"type-product","3":"status-publish","4":"has-post-thumbnail","6":"product_cat-krmivo","7":"product_tag-mini-piskoty","8":"product_tag-nizkosacharidove-piskoty","9":"product_tag-nizky-obsah-cukru","10":"product_tag-piskoty","11":"product_tag-piskoty-s-vapnikem","12":"product_tag-s-vapnikem","14":"first","15":"instock","16":"taxable","17":"shipping-taxable","18":"purchasable","19":"product-type-simple"},"jetpack_sharing_enabled":true,"_links":{"self":[{"href":"https:\/\/etev7e.pef.czu.cz\/zs2223\/wp-json\/wp\/v2\/product\/4854","targetHints":{"allow":["GET"]}}],"collection":[{"href":"https:\/\/etev7e.pef.czu.cz\/zs2223\/wp-json\/wp\/v2\/product"}],"about":[{"href":"https:\/\/etev7e.pef.czu.cz\/zs2223\/wp-json\/wp\/v2\/types\/product"}],"replies":[{"embeddable":true,"href":"https:\/\/etev7e.pef.czu.cz\/zs2223\/wp-json\/wp\/v2\/comments?post=4854"}],"wp:featuredmedia":[{"embeddable":true,"href":"https:\/\/etev7e.pef.czu.cz\/zs2223\/wp-json\/wp\/v2\/media\/4855"}],"wp:attachment":[{"href":"https:\/\/etev7e.pef.czu.cz\/zs2223\/wp-json\/wp\/v2\/media?parent=4854"}],"wp:term":[{"taxonomy":"product_brand","embeddable":true,"href":"https:\/\/etev7e.pef.czu.cz\/zs2223\/wp-json\/wp\/v2\/product_brand?post=4854"},{"taxonomy":"product_cat","embeddable":true,"href":"https:\/\/etev7e.pef.czu.cz\/zs2223\/wp-json\/wp\/v2\/product_cat?post=4854"},{"taxonomy":"product_tag","embeddable":true,"href":"https:\/\/etev7e.pef.czu.cz\/zs2223\/wp-json\/wp\/v2\/product_tag?post=4854"}],"curies":[{"name":"wp","href":"https:\/\/api.w.org\/{rel}","templated":true}]}}