{"id":4856,"date":"2024-11-02T21:54:13","date_gmt":"2024-11-02T20:54:13","guid":{"rendered":"https:\/\/etev7e.pef.czu.cz\/zs2223\/?post_type=product&#038;p=4856"},"modified":"2024-11-13T14:00:19","modified_gmt":"2024-11-13T13:00:19","slug":"flakota-kureci-sendvic-s-rybou","status":"publish","type":"product","link":"https:\/\/etev7e.pef.czu.cz\/zs2223\/produkt\/flakota-kureci-sendvic-s-rybou\/","title":{"rendered":"Fl\u00e1kota &#8211; ku\u0159ec\u00ed sendvi\u010d s rybou"},"content":{"rendered":"<p>Kombinace \u0161\u0165avnat\u00e9ho ku\u0159ec\u00edho masa a jemn\u00e9 ryby je skv\u011blou volbou pro pejsky, kte\u0159\u00ed r\u00e1di zkou\u0161\u00ed nov\u00e9 chut\u011b. Tento pamlsek je bohat\u00fd na b\u00edlkoviny, vitam\u00edny a miner\u00e1ly, co\u017e podporuje zdrav\u00ed a vitalitu va\u0161eho psa. Bez konzervant\u016f, um\u011bl\u00fdch barviv a p\u0159idan\u00fdch chemik\u00e1li\u00ed je p\u0159\u00edrodn\u00ed a zdravou volbou, kterou m\u016f\u017eete sv\u00e9mu par\u0165\u00e1kovi nab\u00eddnout s jistotou, \u017ee dost\u00e1v\u00e1 jen to nejlep\u0161\u00ed. D\u00edky sv\u00e9 skv\u011bl\u00e9 chuti je ide\u00e1ln\u00ed jako motiva\u010dn\u00ed odm\u011bna p\u0159i tr\u00e9ninku nebo jako chutn\u00e1 sva\u010dinka. Nav\u00edc p\u0159isp\u00edv\u00e1 k dobr\u00e9mu tr\u00e1ven\u00ed a podporuje zdravou srst i siln\u00e9 svaly.<\/p>\n","protected":false},"excerpt":{"rendered":"<p>Kombinace \u0161\u0165avnat\u00e9ho ku\u0159ec\u00edho masa a jemn\u00e9 ryby je skv\u011blou volbou pro pejsky, kte\u0159\u00ed r\u00e1di zkou\u0161\u00ed nov\u00e9 chut\u011b. Tento pamlsek je bohat\u00fd na b\u00edlkoviny, vitam\u00edny a miner\u00e1ly, co\u017e podporuje zdrav\u00ed a vitalitu va\u0161eho psa. Bez konzervant\u016f, um\u011bl\u00fdch barviv a p\u0159idan\u00fdch chemik\u00e1li\u00ed je p\u0159\u00edrodn\u00ed a zdravou volbou, kterou m\u016f\u017eete sv\u00e9mu par\u0165\u00e1kovi nab\u00eddnout s jistotou, \u017ee dost\u00e1v\u00e1 jen [&hellip;]<\/p>\n","protected":false},"featured_media":4857,"comment_status":"open","ping_status":"closed","template":"","meta":[],"product_brand":[],"product_cat":[1195],"product_tag":[1301,1743,1727,1745,1742,1744],"class_list":{"0":"post-4856","1":"product","2":"type-product","3":"status-publish","4":"has-post-thumbnail","6":"product_cat-krmivo","7":"product_tag-bez-konzervantu","8":"product_tag-odmena-pro-psa","9":"product_tag-pamlsek-na-zdravou-srst-a-svaly","10":"product_tag-prirodni-pamlsek","11":"product_tag-sendvic-pro-psy","12":"product_tag-zdrava-srst","14":"first","15":"instock","16":"taxable","17":"shipping-taxable","18":"purchasable","19":"product-type-simple"},"jetpack_sharing_enabled":true,"_links":{"self":[{"href":"https:\/\/etev7e.pef.czu.cz\/zs2223\/wp-json\/wp\/v2\/product\/4856","targetHints":{"allow":["GET"]}}],"collection":[{"href":"https:\/\/etev7e.pef.czu.cz\/zs2223\/wp-json\/wp\/v2\/product"}],"about":[{"href":"https:\/\/etev7e.pef.czu.cz\/zs2223\/wp-json\/wp\/v2\/types\/product"}],"replies":[{"embeddable":true,"href":"https:\/\/etev7e.pef.czu.cz\/zs2223\/wp-json\/wp\/v2\/comments?post=4856"}],"wp:featuredmedia":[{"embeddable":true,"href":"https:\/\/etev7e.pef.czu.cz\/zs2223\/wp-json\/wp\/v2\/media\/4857"}],"wp:attachment":[{"href":"https:\/\/etev7e.pef.czu.cz\/zs2223\/wp-json\/wp\/v2\/media?parent=4856"}],"wp:term":[{"taxonomy":"product_brand","embeddable":true,"href":"https:\/\/etev7e.pef.czu.cz\/zs2223\/wp-json\/wp\/v2\/product_brand?post=4856"},{"taxonomy":"product_cat","embeddable":true,"href":"https:\/\/etev7e.pef.czu.cz\/zs2223\/wp-json\/wp\/v2\/product_cat?post=4856"},{"taxonomy":"product_tag","embeddable":true,"href":"https:\/\/etev7e.pef.czu.cz\/zs2223\/wp-json\/wp\/v2\/product_tag?post=4856"}],"curies":[{"name":"wp","href":"https:\/\/api.w.org\/{rel}","templated":true}]}}