{"id":4869,"date":"2024-11-04T12:28:53","date_gmt":"2024-11-04T11:28:53","guid":{"rendered":"https:\/\/etev7e.pef.czu.cz\/zs2223\/?post_type=product&#038;p=4869"},"modified":"2024-11-04T12:50:03","modified_gmt":"2024-11-04T11:50:03","slug":"ultrasafe-kondomy-extra-ochrana-a-komfort","status":"publish","type":"product","link":"https:\/\/etev7e.pef.czu.cz\/zs2223\/produkt\/ultrasafe-kondomy-extra-ochrana-a-komfort\/","title":{"rendered":"UltraSafe Kondomy &#8211; Extra ochrana a komfort"},"content":{"rendered":"<p dir=\"ltr\">\u201eGumy pro mal\u00e9 i velk\u00e9 p\u00e1ny, uspokoj\u00ed v\u0161echny d\u00e1my!\u201c<\/p>\n<p dir=\"ltr\">UltraSafe kondomy poskytuj\u00ed vysokou \u00farove\u0148 ochrany b\u011bhem intimn\u00edch chvil, d\u00edky sv\u00e9mu speci\u00e1ln\u00edmu materi\u00e1lu z extra odoln\u00e9ho latexu. Jsou pohodln\u00e9, hladk\u00e9 a snadno se nasazuj\u00ed. Kondomy maj\u00ed lubrikovanou povrchovou \u00fapravu pro zaji\u0161t\u011bn\u00ed hlad\u0161\u00edho a p\u0159\u00edjemn\u011bj\u0161\u00edho pro\u017eitku pro oba partnery. Jsou vhodn\u00e9 pro osoby, kter\u00e9 vy\u017eaduj\u00ed vy\u0161\u0161\u00ed m\u00edru ochrany a komfortu. Ka\u017ed\u00fd kondom je elektronicky testov\u00e1n, aby spl\u0148oval nejp\u0159\u00edsn\u011bj\u0161\u00ed bezpe\u010dnostn\u00ed standardy.<\/p>\n","protected":false},"excerpt":{"rendered":"<p>\u201eGumy pro mal\u00e9 i velk\u00e9 p\u00e1ny, uspokoj\u00ed v\u0161echny d\u00e1my!\u201c<\/p>\n","protected":false},"featured_media":4870,"comment_status":"open","ping_status":"closed","template":"","meta":[],"product_brand":[],"product_cat":[1238],"product_tag":[1312,1310,1313,1311],"class_list":{"0":"post-4869","1":"product","2":"type-product","3":"status-publish","4":"has-post-thumbnail","6":"product_cat-eroticke-pomucky","7":"product_tag-bezpecny-sex","8":"product_tag-kondomy","9":"product_tag-latexove-kondomy","10":"product_tag-ochrana","12":"first","13":"instock","14":"sale","15":"taxable","16":"shipping-taxable","17":"purchasable","18":"product-type-simple"},"jetpack_sharing_enabled":true,"_links":{"self":[{"href":"https:\/\/etev7e.pef.czu.cz\/zs2223\/wp-json\/wp\/v2\/product\/4869","targetHints":{"allow":["GET"]}}],"collection":[{"href":"https:\/\/etev7e.pef.czu.cz\/zs2223\/wp-json\/wp\/v2\/product"}],"about":[{"href":"https:\/\/etev7e.pef.czu.cz\/zs2223\/wp-json\/wp\/v2\/types\/product"}],"replies":[{"embeddable":true,"href":"https:\/\/etev7e.pef.czu.cz\/zs2223\/wp-json\/wp\/v2\/comments?post=4869"}],"wp:featuredmedia":[{"embeddable":true,"href":"https:\/\/etev7e.pef.czu.cz\/zs2223\/wp-json\/wp\/v2\/media\/4870"}],"wp:attachment":[{"href":"https:\/\/etev7e.pef.czu.cz\/zs2223\/wp-json\/wp\/v2\/media?parent=4869"}],"wp:term":[{"taxonomy":"product_brand","embeddable":true,"href":"https:\/\/etev7e.pef.czu.cz\/zs2223\/wp-json\/wp\/v2\/product_brand?post=4869"},{"taxonomy":"product_cat","embeddable":true,"href":"https:\/\/etev7e.pef.czu.cz\/zs2223\/wp-json\/wp\/v2\/product_cat?post=4869"},{"taxonomy":"product_tag","embeddable":true,"href":"https:\/\/etev7e.pef.czu.cz\/zs2223\/wp-json\/wp\/v2\/product_tag?post=4869"}],"curies":[{"name":"wp","href":"https:\/\/api.w.org\/{rel}","templated":true}]}}