{"id":4872,"date":"2024-11-04T12:35:14","date_gmt":"2024-11-04T11:35:14","guid":{"rendered":"https:\/\/etev7e.pef.czu.cz\/zs2223\/?post_type=product&#038;p=4872"},"modified":"2024-11-04T12:49:35","modified_gmt":"2024-11-04T11:49:35","slug":"vibrator-love-bright","status":"publish","type":"product","link":"https:\/\/etev7e.pef.czu.cz\/zs2223\/produkt\/vibrator-love-bright\/","title":{"rendered":"Vibr\u00e1tor Love Bright"},"content":{"rendered":"<p>&#8222;M\u00e1\u0161-li blbou n\u00e1ladu, vibruj celou poradu.&#8220;<\/p>\n<p>Vibr\u00e1tor je osobn\u00ed erotick\u00e1 pom\u016fcka, kter\u00e1 je navr\u017eena k stimulaci erogenn\u00edch z\u00f3n, \u010dasto pou\u017e\u00edvan\u00e1 pro zv\u00fd\u0161en\u00ed sexu\u00e1ln\u00edho vzru\u0161en\u00ed a pot\u011b\u0161en\u00ed. Tento vibr\u00e1tor je vyroben ze 100% silikonu. D\u00edky tomu se rychle p\u0159izp\u016fsobuje t\u011blesn\u00e9 teplot\u011b a t\u00edm se zvy\u0161uje pro\u017eitek. Jeho povrch je hladk\u00fd a cel\u00fd produkt je vodot\u011bsn\u00fd. Je tedy mo\u017en\u00e9 ho pou\u017e\u00edvat nap\u0159\u00edklad ve van\u011b \u010di spr\u0161e. Vibr\u00e1tor je vybaven 30 r\u016fzn\u00fdmi funkcemi, d\u00edky kter\u00fdm se dostanete do sv\u011bta luxusn\u00edch erotick\u00fdch z\u00e1\u017eitk\u016f.<\/p>\n","protected":false},"excerpt":{"rendered":"<p>&#8222;M\u00e1\u0161-li blbou n\u00e1ladu, vibruj celou poradu.&#8220;<\/p>\n","protected":false},"featured_media":4873,"comment_status":"open","ping_status":"closed","template":"","meta":[],"product_brand":[],"product_cat":[1238],"product_tag":[1320,1319,1317,1321,1318],"class_list":{"0":"post-4872","1":"product","2":"type-product","3":"status-publish","4":"has-post-thumbnail","6":"product_cat-eroticke-pomucky","7":"product_tag-pro-zeny","8":"product_tag-sex","9":"product_tag-sexshop","10":"product_tag-silikonovy-vibrator","11":"product_tag-vibrator","13":"first","14":"instock","15":"sale","16":"taxable","17":"shipping-taxable","18":"purchasable","19":"product-type-simple"},"jetpack_sharing_enabled":true,"_links":{"self":[{"href":"https:\/\/etev7e.pef.czu.cz\/zs2223\/wp-json\/wp\/v2\/product\/4872","targetHints":{"allow":["GET"]}}],"collection":[{"href":"https:\/\/etev7e.pef.czu.cz\/zs2223\/wp-json\/wp\/v2\/product"}],"about":[{"href":"https:\/\/etev7e.pef.czu.cz\/zs2223\/wp-json\/wp\/v2\/types\/product"}],"replies":[{"embeddable":true,"href":"https:\/\/etev7e.pef.czu.cz\/zs2223\/wp-json\/wp\/v2\/comments?post=4872"}],"wp:featuredmedia":[{"embeddable":true,"href":"https:\/\/etev7e.pef.czu.cz\/zs2223\/wp-json\/wp\/v2\/media\/4873"}],"wp:attachment":[{"href":"https:\/\/etev7e.pef.czu.cz\/zs2223\/wp-json\/wp\/v2\/media?parent=4872"}],"wp:term":[{"taxonomy":"product_brand","embeddable":true,"href":"https:\/\/etev7e.pef.czu.cz\/zs2223\/wp-json\/wp\/v2\/product_brand?post=4872"},{"taxonomy":"product_cat","embeddable":true,"href":"https:\/\/etev7e.pef.czu.cz\/zs2223\/wp-json\/wp\/v2\/product_cat?post=4872"},{"taxonomy":"product_tag","embeddable":true,"href":"https:\/\/etev7e.pef.czu.cz\/zs2223\/wp-json\/wp\/v2\/product_tag?post=4872"}],"curies":[{"name":"wp","href":"https:\/\/api.w.org\/{rel}","templated":true}]}}