{"id":4874,"date":"2024-11-04T12:38:30","date_gmt":"2024-11-04T11:38:30","guid":{"rendered":"https:\/\/etev7e.pef.czu.cz\/zs2223\/?post_type=product&#038;p=4874"},"modified":"2024-11-04T12:48:27","modified_gmt":"2024-11-04T11:48:27","slug":"ritual-shushu-ruzovy-podtlakovy-simulator-klitorisu","status":"publish","type":"product","link":"https:\/\/etev7e.pef.czu.cz\/zs2223\/produkt\/ritual-shushu-ruzovy-podtlakovy-simulator-klitorisu\/","title":{"rendered":"Ritual SHUSHU r\u016f\u017eov\u00fd podtlakov\u00fd simul\u00e1tor klitorisu"},"content":{"rendered":"<p dir=\"ltr\">&#8222;Je-li podtlak tvoje tu\u017eba, WOMANIZER ke tv\u00fdm slu\u017eb\u00e1m&#8220; \u2013 SHUSHU je p\u0159esn\u011b to, co hled\u00e1\u0161.<\/p>\n<p dir=\"ltr\">Ritual SHUSHU je elegantn\u00ed a sofistikovan\u00fd erotick\u00fd produkt navr\u017een\u00fd speci\u00e1ln\u011b pro \u017eeny, kter\u00e9 tou\u017e\u00ed po intenzivn\u00edm pro\u017eitku. Tento luxusn\u00ed womanizer vyu\u017e\u00edv\u00e1 pokro\u010dilou technologii stimulace klitorisu pomoc\u00ed pulzuj\u00edc\u00edch vln vzduchu, kter\u00e9 poskytuj\u00ed mimo\u0159\u00e1dn\u011b p\u0159esn\u00fd a hlubok\u00fd z\u00e1\u017eitek.<\/p>\n<p dir=\"ltr\">Jeho ergonomick\u00fd tvar a sametov\u011b jemn\u00fd povrch zaji\u0161\u0165uj\u00ed maxim\u00e1ln\u00ed pohodl\u00ed, zat\u00edmco diskr\u00e9tn\u00ed design v \u010dern\u00e9 barv\u011b p\u016fsob\u00ed stylov\u011b a modern\u011b. Nastaven\u00ed intenzity lze snadno p\u0159izp\u016fsobit dle osobn\u00edch preferenc\u00ed, a vodot\u011bsn\u00e9 proveden\u00ed \u010din\u00ed z tohoto womanizeru ide\u00e1ln\u00edho spole\u010dn\u00edka i pro relaxaci ve spr\u0161e nebo van\u011b. Dob\u00edjec\u00ed USB syst\u00e9m zaji\u0161\u0165uje dlouhotrvaj\u00edc\u00ed v\u00fdkon.<\/p>\n<p dir=\"ltr\">Ritual SHUSHU je dokonalou volbou pro \u017eeny, kter\u00e9 cht\u011bj\u00ed objevovat nov\u00e9 dimenze pot\u011b\u0161en\u00ed s dotekem luxusu.<\/p>\n","protected":false},"excerpt":{"rendered":"<p>&#8222;Je-li podtlak tvoje tu\u017eba, WOMANIZER ke tv\u00fdm slu\u017eb\u00e1m&#8220;<\/p>\n","protected":false},"featured_media":4875,"comment_status":"open","ping_status":"closed","template":"","meta":[],"product_brand":[],"product_cat":[1238],"product_tag":[1324,1326,1323,1325,1322],"class_list":{"0":"post-4874","1":"product","2":"type-product","3":"status-publish","4":"has-post-thumbnail","6":"product_cat-eroticke-pomucky","7":"product_tag-diskretni","8":"product_tag-intenzivni-poteseni","9":"product_tag-stimulace-klitorisu","10":"product_tag-vodotesne","11":"product_tag-womanizer","13":"first","14":"instock","15":"sale","16":"taxable","17":"shipping-taxable","18":"purchasable","19":"product-type-simple"},"jetpack_sharing_enabled":true,"_links":{"self":[{"href":"https:\/\/etev7e.pef.czu.cz\/zs2223\/wp-json\/wp\/v2\/product\/4874","targetHints":{"allow":["GET"]}}],"collection":[{"href":"https:\/\/etev7e.pef.czu.cz\/zs2223\/wp-json\/wp\/v2\/product"}],"about":[{"href":"https:\/\/etev7e.pef.czu.cz\/zs2223\/wp-json\/wp\/v2\/types\/product"}],"replies":[{"embeddable":true,"href":"https:\/\/etev7e.pef.czu.cz\/zs2223\/wp-json\/wp\/v2\/comments?post=4874"}],"wp:featuredmedia":[{"embeddable":true,"href":"https:\/\/etev7e.pef.czu.cz\/zs2223\/wp-json\/wp\/v2\/media\/4875"}],"wp:attachment":[{"href":"https:\/\/etev7e.pef.czu.cz\/zs2223\/wp-json\/wp\/v2\/media?parent=4874"}],"wp:term":[{"taxonomy":"product_brand","embeddable":true,"href":"https:\/\/etev7e.pef.czu.cz\/zs2223\/wp-json\/wp\/v2\/product_brand?post=4874"},{"taxonomy":"product_cat","embeddable":true,"href":"https:\/\/etev7e.pef.czu.cz\/zs2223\/wp-json\/wp\/v2\/product_cat?post=4874"},{"taxonomy":"product_tag","embeddable":true,"href":"https:\/\/etev7e.pef.czu.cz\/zs2223\/wp-json\/wp\/v2\/product_tag?post=4874"}],"curies":[{"name":"wp","href":"https:\/\/api.w.org\/{rel}","templated":true}]}}