{"id":4877,"date":"2024-11-04T12:43:24","date_gmt":"2024-11-04T11:43:24","guid":{"rendered":"https:\/\/etev7e.pef.czu.cz\/zs2223\/?post_type=product&#038;p=4877"},"modified":"2024-11-04T12:48:06","modified_gmt":"2024-11-04T11:48:06","slug":"plysova-pouta-na-ruce-desiro-teddies","status":"publish","type":"product","link":"https:\/\/etev7e.pef.czu.cz\/zs2223\/produkt\/plysova-pouta-na-ruce-desiro-teddies\/","title":{"rendered":"Ply\u0161ov\u00e1 pouta na ruce Desiro Teddies"},"content":{"rendered":"<p>&#8220; Zapoj tyhle na\u0161e pouta, do ka\u017ed\u00e9ho sexy kouta.&#8220;<\/p>\n<p>Tato pouta v atraktivn\u00ed barv\u011b slou\u017e\u00ed jako ide\u00e1ln\u00ed n\u00e1stroj pro p\u00e1ry. M\u011bkk\u00e9 ply\u0161ov\u00e9 oblo\u017een\u00ed zaji\u0161\u0165uje pohodl\u00ed p\u0159i no\u0161en\u00ed, ani\u017e by do\u0161lo k p\u0159\u00edli\u0161n\u00e9mu omezen\u00ed pohybu. Kovov\u00e1 konstrukce poskytuje pot\u0159ebn\u00fd odpor pro skute\u010dn\u00e9 vzru\u0161en\u00ed. Nastaviteln\u00fd design pout umo\u017e\u0148uje p\u0159izp\u016fsobit hru individu\u00e1ln\u00edm preferenc\u00edm.<\/p>\n","protected":false},"excerpt":{"rendered":"<p>&#8220; Zapoj tyhle na\u0161e pouta, do ka\u017ed\u00e9ho sexy kouta.&#8220;<\/p>\n","protected":false},"featured_media":4878,"comment_status":"open","ping_status":"closed","template":"","meta":[],"product_brand":[],"product_cat":[1238],"product_tag":[1328,1327,1242,1317],"class_list":{"0":"post-4877","1":"product","2":"type-product","3":"status-publish","4":"has-post-thumbnail","6":"product_cat-eroticke-pomucky","7":"product_tag-bdsm","8":"product_tag-pro-pary","9":"product_tag-roleplay","10":"product_tag-sexshop","12":"first","13":"instock","14":"sale","15":"taxable","16":"shipping-taxable","17":"purchasable","18":"product-type-simple"},"jetpack_sharing_enabled":true,"_links":{"self":[{"href":"https:\/\/etev7e.pef.czu.cz\/zs2223\/wp-json\/wp\/v2\/product\/4877","targetHints":{"allow":["GET"]}}],"collection":[{"href":"https:\/\/etev7e.pef.czu.cz\/zs2223\/wp-json\/wp\/v2\/product"}],"about":[{"href":"https:\/\/etev7e.pef.czu.cz\/zs2223\/wp-json\/wp\/v2\/types\/product"}],"replies":[{"embeddable":true,"href":"https:\/\/etev7e.pef.czu.cz\/zs2223\/wp-json\/wp\/v2\/comments?post=4877"}],"wp:featuredmedia":[{"embeddable":true,"href":"https:\/\/etev7e.pef.czu.cz\/zs2223\/wp-json\/wp\/v2\/media\/4878"}],"wp:attachment":[{"href":"https:\/\/etev7e.pef.czu.cz\/zs2223\/wp-json\/wp\/v2\/media?parent=4877"}],"wp:term":[{"taxonomy":"product_brand","embeddable":true,"href":"https:\/\/etev7e.pef.czu.cz\/zs2223\/wp-json\/wp\/v2\/product_brand?post=4877"},{"taxonomy":"product_cat","embeddable":true,"href":"https:\/\/etev7e.pef.czu.cz\/zs2223\/wp-json\/wp\/v2\/product_cat?post=4877"},{"taxonomy":"product_tag","embeddable":true,"href":"https:\/\/etev7e.pef.czu.cz\/zs2223\/wp-json\/wp\/v2\/product_tag?post=4877"}],"curies":[{"name":"wp","href":"https:\/\/api.w.org\/{rel}","templated":true}]}}