{"id":4882,"date":"2024-11-04T13:39:14","date_gmt":"2024-11-04T12:39:14","guid":{"rendered":"https:\/\/etev7e.pef.czu.cz\/zs2223\/?post_type=product&#038;p=4882"},"modified":"2024-12-11T22:35:22","modified_gmt":"2024-12-11T21:35:22","slug":"vosk-na-auto-mothers-california-gold-pure-polish","status":"publish","type":"product","link":"https:\/\/etev7e.pef.czu.cz\/zs2223\/produkt\/vosk-na-auto-mothers-california-gold-pure-polish\/","title":{"rendered":"Vosk na auto Mothers California Gold Pure Polish"},"content":{"rendered":"<p>Mothers\u00ae Pure Polish je pr\u00e9miov\u00e1 le\u0161t\u011bnka, kter\u00e1 efektivn\u011b \u010dist\u00ed lak, odstra\u0148uje oxidaci, mikro\u0161kr\u00e1bance a ne\u010distoty, \u010d\u00edm\u017e obnovuje jeho p\u016fvodn\u00ed barvu a lesk. Tento produkt nab\u00edz\u00ed profesion\u00e1ln\u00ed p\u00e9\u010di o lak va\u0161eho vozidla s dlouhotrvaj\u00edc\u00edm v\u00fdsledkem.<\/p>\n<p>Objem: 473ml<\/p>\n<p><strong>Doporu\u010den\u00fd postup:<\/strong><\/p>\n<p>P\u0159ed pou\u017eit\u00edm prot\u0159epejte.<\/p>\n<p>Pracujte ve st\u00ednu, na chladn\u00e9m, such\u00e9m a \u010dist\u00e9m povrchu.<\/p>\n<p>Naneste mal\u00e9 mno\u017estv\u00ed na aplik\u00e1tor nebo ut\u011brku, vmas\u00edrujte do povrchu.<\/p>\n<p>Nechte zaschnout do zmatn\u011bn\u00ed.<\/p>\n<p>Set\u0159ete \u010dist\u00fdm mikrovl\u00e1knov\u00fdm ru\u010dn\u00edkem.<\/p>\n<p>Vyhn\u011bte se plastov\u00fdm a gumov\u00fdm \u010d\u00e1stem.<\/p>\n<p>&nbsp;<\/p>\n","protected":false},"excerpt":{"rendered":"<p>Mothers\u00ae Pure Polish je pr\u00e9miov\u00e1 le\u0161t\u011bnka, kter\u00e1 efektivn\u011b \u010dist\u00ed lak, odstra\u0148uje oxidaci, mikro\u0161kr\u00e1bance a ne\u010distoty, \u010d\u00edm\u017e obnovuje jeho p\u016fvodn\u00ed barvu a lesk. Tento produkt nab\u00edz\u00ed profesion\u00e1ln\u00ed p\u00e9\u010di o lak va\u0161eho vozidla s dlouhotrvaj\u00edc\u00edm v\u00fdsledkem. Objem: 473ml Doporu\u010den\u00fd postup: P\u0159ed pou\u017eit\u00edm prot\u0159epejte. Pracujte ve st\u00ednu, na chladn\u00e9m, such\u00e9m a \u010dist\u00e9m povrchu. Naneste mal\u00e9 mno\u017estv\u00ed na aplik\u00e1tor [&hellip;]<\/p>\n","protected":false},"featured_media":4883,"comment_status":"open","ping_status":"closed","template":"","meta":[],"product_brand":[],"product_cat":[1329],"product_tag":[642,1332,468,1331],"class_list":{"0":"post-4882","1":"product","2":"type-product","3":"status-publish","4":"has-post-thumbnail","6":"product_cat-autokosmetika","7":"product_tag-auto","8":"product_tag-lestenka","9":"product_tag-vosk","10":"product_tag-vosk-na-auto","12":"first","13":"instock","14":"sale","15":"taxable","16":"shipping-taxable","17":"purchasable","18":"product-type-simple"},"jetpack_sharing_enabled":true,"_links":{"self":[{"href":"https:\/\/etev7e.pef.czu.cz\/zs2223\/wp-json\/wp\/v2\/product\/4882","targetHints":{"allow":["GET"]}}],"collection":[{"href":"https:\/\/etev7e.pef.czu.cz\/zs2223\/wp-json\/wp\/v2\/product"}],"about":[{"href":"https:\/\/etev7e.pef.czu.cz\/zs2223\/wp-json\/wp\/v2\/types\/product"}],"replies":[{"embeddable":true,"href":"https:\/\/etev7e.pef.czu.cz\/zs2223\/wp-json\/wp\/v2\/comments?post=4882"}],"wp:featuredmedia":[{"embeddable":true,"href":"https:\/\/etev7e.pef.czu.cz\/zs2223\/wp-json\/wp\/v2\/media\/4883"}],"wp:attachment":[{"href":"https:\/\/etev7e.pef.czu.cz\/zs2223\/wp-json\/wp\/v2\/media?parent=4882"}],"wp:term":[{"taxonomy":"product_brand","embeddable":true,"href":"https:\/\/etev7e.pef.czu.cz\/zs2223\/wp-json\/wp\/v2\/product_brand?post=4882"},{"taxonomy":"product_cat","embeddable":true,"href":"https:\/\/etev7e.pef.czu.cz\/zs2223\/wp-json\/wp\/v2\/product_cat?post=4882"},{"taxonomy":"product_tag","embeddable":true,"href":"https:\/\/etev7e.pef.czu.cz\/zs2223\/wp-json\/wp\/v2\/product_tag?post=4882"}],"curies":[{"name":"wp","href":"https:\/\/api.w.org\/{rel}","templated":true}]}}