{"id":4904,"date":"2024-11-04T16:45:53","date_gmt":"2024-11-04T15:45:53","guid":{"rendered":"https:\/\/etev7e.pef.czu.cz\/zs2223\/?post_type=product&#038;p=4904"},"modified":"2024-12-19T17:57:29","modified_gmt":"2024-12-19T16:57:29","slug":"bunda-kouzelny-les","status":"publish","type":"product","link":"https:\/\/etev7e.pef.czu.cz\/zs2223\/produkt\/bunda-kouzelny-les\/","title":{"rendered":"Bunda Kouzeln\u00fd les"},"content":{"rendered":"<div>\n<p><span lang=\"cs-cz\" xml:lang=\"cs-cz\">Objevte kouzlo jara s touto stylovou bundou vyrobenou z kvalitn\u00ed d\u017e\u00ednoviny. Jej\u00ed jedine\u010dn\u00fd motiv kouzeln\u00e9ho lesa p\u0159in\u00e1\u0161\u00ed do ka\u017ed\u00e9ho outfitu n\u00e1dech magie a hravosti.<\/span><\/p>\n<\/div>\n<div>\n<p><span lang=\"cs-cz\" xml:lang=\"cs-cz\">Bunda je navr\u017eena tak, aby byla nejen m\u00f3dn\u00ed, ale i praktick\u00e1. Lehce se nos\u00ed a skv\u011ble se hod\u00ed na proch\u00e1zky do p\u0159\u00edrody nebo do m\u011bsta. R\u016fzn\u00e9 velikosti od XS po L zaru\u010duj\u00ed, \u017ee si ka\u017ed\u00e1 d\u00edvka najde tu svou ide\u00e1ln\u00ed velikost.<\/span><\/p>\n<\/div>\n","protected":false},"excerpt":{"rendered":"<p><span id=\"yui_3_17_2_1_1730726286499_41\" lang=\"cs-cz\" xml:lang=\"cs-cz\">Ru\u010dn\u011b malovan\u00e1 jarn\u00ed d\u017e\u00ednov\u00e1 bunda pro d\u00edvky<\/span><\/p>\n","protected":false},"featured_media":4915,"comment_status":"open","ping_status":"closed","template":"","meta":[],"product_brand":[],"product_cat":[1336],"product_tag":[1852,1853,1850,1849,1851],"class_list":{"0":"post-4904","1":"product","2":"type-product","3":"status-publish","4":"has-post-thumbnail","6":"product_cat-rucne-malovane-bundy","7":"product_tag-kouzelny-design","8":"product_tag-lesni-inspirace","9":"product_tag-podzimni-bunda","10":"product_tag-prirodni-motivy","11":"product_tag-zelena-bunda","13":"first","14":"instock","15":"sale","16":"taxable","17":"shipping-taxable","18":"purchasable","19":"product-type-variable"},"jetpack_sharing_enabled":true,"_links":{"self":[{"href":"https:\/\/etev7e.pef.czu.cz\/zs2223\/wp-json\/wp\/v2\/product\/4904","targetHints":{"allow":["GET"]}}],"collection":[{"href":"https:\/\/etev7e.pef.czu.cz\/zs2223\/wp-json\/wp\/v2\/product"}],"about":[{"href":"https:\/\/etev7e.pef.czu.cz\/zs2223\/wp-json\/wp\/v2\/types\/product"}],"replies":[{"embeddable":true,"href":"https:\/\/etev7e.pef.czu.cz\/zs2223\/wp-json\/wp\/v2\/comments?post=4904"}],"wp:featuredmedia":[{"embeddable":true,"href":"https:\/\/etev7e.pef.czu.cz\/zs2223\/wp-json\/wp\/v2\/media\/4915"}],"wp:attachment":[{"href":"https:\/\/etev7e.pef.czu.cz\/zs2223\/wp-json\/wp\/v2\/media?parent=4904"}],"wp:term":[{"taxonomy":"product_brand","embeddable":true,"href":"https:\/\/etev7e.pef.czu.cz\/zs2223\/wp-json\/wp\/v2\/product_brand?post=4904"},{"taxonomy":"product_cat","embeddable":true,"href":"https:\/\/etev7e.pef.czu.cz\/zs2223\/wp-json\/wp\/v2\/product_cat?post=4904"},{"taxonomy":"product_tag","embeddable":true,"href":"https:\/\/etev7e.pef.czu.cz\/zs2223\/wp-json\/wp\/v2\/product_tag?post=4904"}],"curies":[{"name":"wp","href":"https:\/\/api.w.org\/{rel}","templated":true}]}}