{"id":4910,"date":"2024-11-04T14:34:50","date_gmt":"2024-11-04T13:34:50","guid":{"rendered":"https:\/\/etev7e.pef.czu.cz\/zs2223\/?post_type=product&#038;p=4910"},"modified":"2024-11-04T15:12:33","modified_gmt":"2024-11-04T14:12:33","slug":"lego-stavebnice-botanicals-kytice-10280","status":"publish","type":"product","link":"https:\/\/etev7e.pef.czu.cz\/zs2223\/produkt\/lego-stavebnice-botanicals-kytice-10280\/","title":{"rendered":"LEGO\u00ae stavebnice Botanicals &#8211; Kytice 10280"},"content":{"rendered":"<p>LEGO Creator 10280 Kytice je kreativn\u00ed stavebnice, kter\u00e1 v\u00e1m umo\u017en\u00ed sestavit realistick\u00e9 kv\u011btiny z LEGO d\u00edlk\u016f. Tato sada nab\u00edz\u00ed mo\u017enost vytvo\u0159it kytici r\u016f\u017e\u00ed, sedmikr\u00e1sek a dal\u0161\u00edch kv\u011bt\u016f, kter\u00e9 mohou b\u00fdt dekorac\u00ed do va\u0161eho interi\u00e9ru. Kv\u011btiny z LEGO kosti\u010dek nepodl\u00e9haj\u00ed \u010dasu, a tak vydr\u017e\u00ed st\u00e1le kr\u00e1sn\u00e9. Stavebnice je vhodn\u00e1 pro v\u0161echny, kdo hledaj\u00ed kreativn\u00ed a netradi\u010dn\u00ed zp\u016fsob, jak vyzdobit sv\u016fj domov.<\/p>\n","protected":false},"excerpt":{"rendered":"<p>LEGO Creator 10280 Kytice je kreativn\u00ed stavebnice z \u0159ady Botanicals, kter\u00e1 v\u00e1m umo\u017en\u00ed sestavit realistick\u00e9 kv\u011btiny z LEGO d\u00edlk\u016f.<\/p>\n","protected":false},"featured_media":4905,"comment_status":"open","ping_status":"closed","template":"","meta":[],"product_brand":[],"product_cat":[1335],"product_tag":[370,901,376,1343,48,1253,550,903,570],"class_list":{"0":"post-4910","1":"product","2":"type-product","3":"status-publish","4":"has-post-thumbnail","6":"product_cat-lego-stavebnice","7":"product_tag-dekorace","8":"product_tag-detske-hracky","9":"product_tag-hracky","10":"product_tag-kytice","11":"product_tag-pokojove-rostliny","12":"product_tag-priroda","13":"product_tag-stavebnice","14":"product_tag-zabava","15":"product_tag-zahrada","17":"first","18":"instock","19":"sale","20":"taxable","21":"shipping-taxable","22":"purchasable","23":"product-type-simple"},"jetpack_sharing_enabled":true,"_links":{"self":[{"href":"https:\/\/etev7e.pef.czu.cz\/zs2223\/wp-json\/wp\/v2\/product\/4910","targetHints":{"allow":["GET"]}}],"collection":[{"href":"https:\/\/etev7e.pef.czu.cz\/zs2223\/wp-json\/wp\/v2\/product"}],"about":[{"href":"https:\/\/etev7e.pef.czu.cz\/zs2223\/wp-json\/wp\/v2\/types\/product"}],"replies":[{"embeddable":true,"href":"https:\/\/etev7e.pef.czu.cz\/zs2223\/wp-json\/wp\/v2\/comments?post=4910"}],"wp:featuredmedia":[{"embeddable":true,"href":"https:\/\/etev7e.pef.czu.cz\/zs2223\/wp-json\/wp\/v2\/media\/4905"}],"wp:attachment":[{"href":"https:\/\/etev7e.pef.czu.cz\/zs2223\/wp-json\/wp\/v2\/media?parent=4910"}],"wp:term":[{"taxonomy":"product_brand","embeddable":true,"href":"https:\/\/etev7e.pef.czu.cz\/zs2223\/wp-json\/wp\/v2\/product_brand?post=4910"},{"taxonomy":"product_cat","embeddable":true,"href":"https:\/\/etev7e.pef.czu.cz\/zs2223\/wp-json\/wp\/v2\/product_cat?post=4910"},{"taxonomy":"product_tag","embeddable":true,"href":"https:\/\/etev7e.pef.czu.cz\/zs2223\/wp-json\/wp\/v2\/product_tag?post=4910"}],"curies":[{"name":"wp","href":"https:\/\/api.w.org\/{rel}","templated":true}]}}