{"id":4919,"date":"2024-11-04T14:36:39","date_gmt":"2024-11-04T13:36:39","guid":{"rendered":"https:\/\/etev7e.pef.czu.cz\/zs2223\/?post_type=product&#038;p=4919"},"modified":"2024-12-02T12:22:52","modified_gmt":"2024-12-02T11:22:52","slug":"kurz-ekonometrie-2","status":"publish","type":"product","link":"https:\/\/etev7e.pef.czu.cz\/zs2223\/produkt\/kurz-ekonometrie-2\/","title":{"rendered":"Online kurz &#8211;  Ekonometrie"},"content":{"rendered":"<p>Tento digit\u00e1ln\u00ed e-learningov\u00fd kurz se zam\u011b\u0159uje na aplikaci statistick\u00fdch metod v ekonomii. \u00da\u010dastn\u00edci se nau\u010d\u00ed analyzovat ekonomick\u00e1 data, vytv\u00e1\u0159et ekonometrick\u00e9 modely a interpretovat jejich v\u00fdsledky. Kurz obsahuje praktick\u00e1 cvi\u010den\u00ed a p\u0159\u00edpadov\u00e9 studie., kter\u00e9 poskytuj\u00ed re\u00e1ln\u00e9 zku\u0161enosti s prac\u00ed v softwarov\u00e9m n\u00e1stroji Gretl. Tyto aktivity umo\u017e\u0148uj\u00ed aplikovat teoretick\u00e9 znalosti do praxe a \u0159e\u0161it aktu\u00e1ln\u00ed ekonomick\u00e9 probl\u00e9my prost\u0159ednictv\u00edm datov\u00e9 anal\u00fdzy.<\/p>\n<p><strong>Kapitoly:<\/strong><\/p>\n<p>Konstrukce ekonometrick\u00e9ho modelu, Metoda BMN\u010c, Verifikace, N\u00e1hodn\u00e1 prom\u011bnn\u00e1, Stochastick\u00e1 prom\u011bnn\u00e1, Reziduum, Multikolinearita, Autokorelace rezidu\u00ed, Heteroskedasticita, Normalita rezidu\u00ed, Matice Beta a Gama, Matice multiplik\u00e1tor\u016f, Metoda DMN\u010c, Dynamizace, Koeficienty pru\u017enosti, Mocninn\u00e1 funkce, Tornquistova funkce, Progn\u00f3za, Intervalov\u00e1 progn\u00f3za, Anal\u00fdza n\u00e1klad\u016f a produkce, Faktor \u2013 Produkt, Normovan\u00e9 odchylky, Z\u00e1v\u011br a doporu\u010den\u00ed<\/p>\n<div>\n<div>\n<p><span lang=\"cs-cz\" xml:lang=\"cs-cz\"><strong>N\u00e1hled struktury kapitol:<\/strong><\/span><\/p>\n<\/div>\n<div>\n<p><strong><span lang=\"cs-cz\" xml:lang=\"cs-cz\">1. \u00davod do konstrukce ekonometrick\u00e9ho modelu<\/span>\u00a0<\/strong><\/p>\n<\/div>\n<div>\n<ul>\n<li><span lang=\"cs-cz\" xml:lang=\"cs-cz\">Definice a v\u00fdznam ekonometrick\u00fdch model\u016f<\/span><\/li>\n<li>P\u0159ehled kl\u00ed\u010dov\u00fdch metod a n\u00e1stroj\u016f pro konstrukci model\u016f<\/li>\n<li>C\u00edle a o\u010dek\u00e1van\u00e9 v\u00fdsledky modelov\u00e1n\u00ed<\/li>\n<\/ul>\n<\/div>\n<div>\n<p><strong><span lang=\"cs-cz\" xml:lang=\"cs-cz\">2. Z\u00e1kladn\u00ed pojmy v ekonometrii<\/span>\u00a0<\/strong><\/p>\n<\/div>\n<div>\n<ul>\n<li><span lang=\"cs-cz\" xml:lang=\"cs-cz\">N\u00e1hodn\u00e1 prom\u011bnn\u00e1<\/span><\/li>\n<li>Stochastick\u00e1 prom\u011bnn\u00e1<\/li>\n<li>Reziduum a jeho v\u00fdznam<\/li>\n<\/ul>\n<\/div>\n<\/div>\n<div>\n<div>\n<p><strong><span lang=\"cs-cz\" xml:lang=\"cs-cz\">3. Konstrukce ekonometrick\u00e9ho modelu<\/span>\u00a0<\/strong><\/p>\n<\/div>\n<div>\n<ul>\n<li><span lang=\"cs-cz\" xml:lang=\"cs-cz\">Krok za krokem: Jak postupovat p\u0159i stavb\u011b modelu<\/span><\/li>\n<li>V\u00fdznam vstupn\u00edch dat a p\u0159edpoklad\u016f<\/li>\n<li>Omezen\u00ed a p\u0159edpoklady p\u0159i konstrukci modelu<\/li>\n<\/ul>\n<\/div>\n<div>\n<p><strong><span lang=\"cs-cz\" xml:lang=\"cs-cz\">4. Metody odhad\u016f parametr\u016f<\/span>\u00a0<\/strong><\/p>\n<\/div>\n<div>\n<ul>\n<li><span lang=\"cs-cz\" xml:lang=\"cs-cz\">Metoda BMN\u010c (Bayesovsk\u00e1 metoda nejmen\u0161\u00edch \u010dtverc\u016f)<\/span><\/li>\n<li>Princip a aplikace metody BMN\u010c<\/li>\n<li>V\u00fdhody a omezen\u00ed metody<\/li>\n<li>Metoda DMN\u010c (Dynamick\u00e1 metoda nejmen\u0161\u00edch \u010dtverc\u016f)<\/li>\n<li>Dynamika a jej\u00ed vyu\u017eit\u00ed v odhadech<\/li>\n<li>P\u0159ednosti a aplika\u010dn\u00ed mo\u017enosti metody<\/li>\n<\/ul>\n<\/div>\n<\/div>\n","protected":false},"excerpt":{"rendered":"<p id=\"yui_3_17_2_1_1730725734337_30\">E-learningov\u00fd kurz zam\u011b\u0159en\u00fd na aplikaci statistick\u00fdch metod v ekonomii u\u010d\u00ed \u00fa\u010dastn\u00edky analyzovat ekonomick\u00e1 data a vytv\u00e1\u0159et ekonometrick\u00e9 modely v softwaru Gretl. Praktick\u00e1 cvi\u010den\u00ed a p\u0159\u00edpadov\u00e9 studie pom\u00e1haj\u00ed aplikovat teorii na re\u00e1ln\u00e9 ekonomick\u00e9 probl\u00e9my.<\/p>\n<p>&nbsp;<\/p>\n","protected":false},"featured_media":5102,"comment_status":"open","ping_status":"closed","template":"","meta":[],"product_brand":[],"product_cat":[1333],"product_tag":[1419,1341,1342,1338],"class_list":{"0":"post-4919","1":"product","2":"type-product","3":"status-publish","4":"has-post-thumbnail","6":"product_cat-digitalni-produkty-ke-vzdelavani-pro-studenty","7":"product_tag-doucovani","8":"product_tag-ekonometrie","9":"product_tag-online-kurz","10":"product_tag-vzdelavani","12":"first","13":"instock","14":"virtual","15":"taxable","16":"purchasable","17":"product-type-simple"},"jetpack_sharing_enabled":true,"_links":{"self":[{"href":"https:\/\/etev7e.pef.czu.cz\/zs2223\/wp-json\/wp\/v2\/product\/4919","targetHints":{"allow":["GET"]}}],"collection":[{"href":"https:\/\/etev7e.pef.czu.cz\/zs2223\/wp-json\/wp\/v2\/product"}],"about":[{"href":"https:\/\/etev7e.pef.czu.cz\/zs2223\/wp-json\/wp\/v2\/types\/product"}],"replies":[{"embeddable":true,"href":"https:\/\/etev7e.pef.czu.cz\/zs2223\/wp-json\/wp\/v2\/comments?post=4919"}],"wp:featuredmedia":[{"embeddable":true,"href":"https:\/\/etev7e.pef.czu.cz\/zs2223\/wp-json\/wp\/v2\/media\/5102"}],"wp:attachment":[{"href":"https:\/\/etev7e.pef.czu.cz\/zs2223\/wp-json\/wp\/v2\/media?parent=4919"}],"wp:term":[{"taxonomy":"product_brand","embeddable":true,"href":"https:\/\/etev7e.pef.czu.cz\/zs2223\/wp-json\/wp\/v2\/product_brand?post=4919"},{"taxonomy":"product_cat","embeddable":true,"href":"https:\/\/etev7e.pef.czu.cz\/zs2223\/wp-json\/wp\/v2\/product_cat?post=4919"},{"taxonomy":"product_tag","embeddable":true,"href":"https:\/\/etev7e.pef.czu.cz\/zs2223\/wp-json\/wp\/v2\/product_tag?post=4919"}],"curies":[{"name":"wp","href":"https:\/\/api.w.org\/{rel}","templated":true}]}}