{"id":4921,"date":"2024-11-04T14:56:36","date_gmt":"2024-11-04T13:56:36","guid":{"rendered":"https:\/\/etev7e.pef.czu.cz\/zs2223\/?post_type=product&#038;p=4921"},"modified":"2024-11-05T14:32:03","modified_gmt":"2024-11-05T13:32:03","slug":"diplomovy-seminar-a-ai","status":"publish","type":"product","link":"https:\/\/etev7e.pef.czu.cz\/zs2223\/produkt\/diplomovy-seminar-a-ai\/","title":{"rendered":"Online kurz &#8211; Diplomov\u00fd semin\u00e1\u0159 a AI"},"content":{"rendered":"<p>Kurz je navr\u017een\u00fd pro komplexn\u00ed podporu p\u0159i p\u0159\u00edprav\u011b diplomov\u00e9 pr\u00e1ce, zahrnuj\u00edc\u00ed v\u00fdb\u011br t\u00e9matu, pl\u00e1nov\u00e1n\u00ed v\u00fdzkumu, psan\u00ed, form\u00e1tov\u00e1n\u00ed a citov\u00e1n\u00ed dle akademick\u00fdch standard\u016f. Integruje modern\u00ed AI n\u00e1stroje, kter\u00e9 \u00fa\u010dastn\u00edk\u016fm pomohou efektivn\u011b shroma\u017e\u010fovat data, analyzovat je a strukturovan\u011b prezentovat v\u00fdstupy.<\/p>\n<p>Bal\u00ed\u010dek \u201eMetodologie v\u00fdzkumu a AI\u201c: Zam\u011b\u0159uje se na aplikaci spr\u00e1vn\u00fdch v\u00fdzkumn\u00fdch metod s vyu\u017eit\u00edm AI technologi\u00ed, kter\u00e9 zjednodu\u0161uj\u00ed anal\u00fdzu dat, tvorbu dotazn\u00edk\u016f a interpretaci v\u00fdsledk\u016f.<\/p>\n<p>Praktick\u00e1 podpora: Kurz nab\u00edz\u00ed konzultace s mentory, kte\u0159\u00ed spolu s AI aplikacemi poskytuj\u00ed personalizovanou asistenci p\u0159i \u0159e\u0161en\u00ed v\u00fdzev spojen\u00fdch s jednotliv\u00fdmi f\u00e1zemi p\u0159\u00edpravy. \u00da\u010dastn\u00edci se tak nau\u010d\u00ed efektivn\u011b vyu\u017e\u00edvat AI v akademick\u00e9 i pracovn\u00ed praxi, co\u017e zvy\u0161uje jejich produktivitu a kvalitu v\u00fdsledk\u016f.<\/p>\n<p>\u201eDiplomov\u00fd semin\u00e1\u0159 a AI\u201c zahrnuje tak\u00e9 v\u00fduku modern\u00edch AI n\u00e1stroj\u016f s c\u00edlem vyu\u017e\u00edt jejich potenci\u00e1l v pracovn\u00edm a business prost\u0159ed\u00ed. \u00da\u010dastn\u00edci se sezn\u00e1m\u00ed s aplikacemi, kter\u00e9 podporuj\u00ed automatizaci proces\u016f, anal\u00fdzu dat, optimalizaci\u00a0workflow\u00a0a efektivn\u00ed komunikaci v t\u00fdmech. Nau\u010d\u00ed se, jak implementovat AI do ka\u017edodenn\u00ed pr\u00e1ce, aby zv\u00fd\u0161ili produktivitu, p\u0159esnost a efektivitu, co\u017e je kl\u00ed\u010dov\u00e9 pro \u00fasp\u011b\u0161n\u00e9 \u0159\u00edzen\u00ed projekt\u016f a podnik\u00e1n\u00ed v digit\u00e1ln\u00edm v\u011bku.<\/p>\n<p id=\"yui_3_17_2_1_1730727231373_33\"><strong>Kapitoly:<\/strong> \u00davod do diplomov\u00e9ho semin\u00e1\u0159e a vyu\u017eit\u00ed AI, V\u00fdb\u011br t\u00e9matu a stanoven\u00ed v\u00fdzkumn\u00fdch c\u00edl\u016f, Pl\u00e1nov\u00e1n\u00ed v\u00fdzkumu a v\u00fdzkumn\u00e1 ot\u00e1zka, Metodologie v\u00fdzkumu a AI, Shroma\u017e\u010fov\u00e1n\u00ed a zpracov\u00e1n\u00ed dat pomoc\u00ed AI n\u00e1stroj\u016f, Tvorba a anal\u00fdza dotazn\u00edk\u016f s vyu\u017eit\u00edm AI, Interpretace a vizualizace dat pomoc\u00ed AI, Struktura a psan\u00ed diplomov\u00e9 pr\u00e1ce, Akademick\u00e9 standardy: form\u00e1tov\u00e1n\u00ed a citace, Efektivn\u00ed vyu\u017eit\u00ed AI v psan\u00ed a reviz\u00edch textu, Konzultace a praktick\u00e1 podpora s mentory a AI asistenty, Integrace AI pro produktivitu v akademick\u00e9 a pracovn\u00ed praxi, Automatizace proces\u016f a optimalizace workflow s AI, Z\u00e1v\u011bre\u010dn\u00e9 prezentace, shrnut\u00ed a doporu\u010den\u00ed.<\/p>\n<div>\n<p><strong><span lang=\"cs-cz\" xml:lang=\"cs-cz\">N\u00e1hled struktury kapitol:<\/span>\u00a0<\/strong><\/p>\n<\/div>\n<div id=\"yui_3_17_2_1_1730727231373_42\">\n<ol id=\"yui_3_17_2_1_1730727231373_41\" start=\"1\">\n<li id=\"yui_3_17_2_1_1730727231373_40\"><strong>\u00davod do diplomov\u00e9ho semin\u00e1\u0159e a vyu\u017eit\u00ed AI<\/strong><\/li>\n<\/ol>\n<ul>\n<li style=\"list-style-type: none\">\n<ul>\n<li><span lang=\"cs-cz\" xml:lang=\"cs-cz\">P\u0159edstaven\u00ed kurzu a jeho c\u00edl\u016f, zam\u011b\u0159en\u00ed na d\u016fle\u017eitost AI v sou\u010dasn\u00e9m v\u00fdzkumn\u00e9m a pracovn\u00edm prost\u0159ed\u00ed. \u00da\u010dastn\u00edci z\u00edskaj\u00ed p\u0159ehled o mo\u017enostech vyu\u017eit\u00ed AI v procesu tvorby diplomov\u00e9 pr\u00e1ce.<\/span><\/li>\n<\/ul>\n<\/li>\n<\/ul>\n<\/div>\n<div>\n<ol start=\"2\">\n<li><strong><span lang=\"cs-cz\" xml:lang=\"cs-cz\">V\u00fdb\u011br t\u00e9matu a stanoven\u00ed v\u00fdzkumn\u00fdch c\u00edl\u016f<\/span><\/strong><\/li>\n<\/ol>\n<ul>\n<li style=\"list-style-type: none\">\n<ul>\n<li><span lang=\"cs-cz\" xml:lang=\"cs-cz\">Praktick\u00e9 tipy a n\u00e1stroje pro v\u00fdb\u011br relevantn\u00edho a zaj\u00edmav\u00e9ho v\u00fdzkumn\u00e9ho t\u00e9matu. Jak definovat v\u00fdzkumn\u00e9 c\u00edle, kter\u00e9 budou praktick\u00e9 a m\u011b\u0159iteln\u00e9.<\/span><\/li>\n<\/ul>\n<\/li>\n<\/ul>\n<\/div>\n<div>\n<ol start=\"3\">\n<li><strong><span lang=\"cs-cz\" xml:lang=\"cs-cz\">Pl\u00e1nov\u00e1n\u00ed v\u00fdzkumu a v\u00fdzkumn\u00e1 ot\u00e1zka<\/span><\/strong><\/li>\n<\/ol>\n<ul>\n<li style=\"list-style-type: none\">\n<ul>\n<li><span lang=\"cs-cz\" xml:lang=\"cs-cz\">Vytv\u00e1\u0159en\u00ed strukturovan\u00e9ho pl\u00e1nu v\u00fdzkumu a formulace jasn\u00e9 v\u00fdzkumn\u00e9 ot\u00e1zky. D\u016fraz na d\u016fslednost a efektivitu ve v\u0161ech kroc\u00edch v\u00fdzkumn\u00e9ho procesu.<\/span><\/li>\n<\/ul>\n<\/li>\n<\/ul>\n<\/div>\n<div>\n<ol start=\"4\">\n<li><strong><span lang=\"cs-cz\" xml:lang=\"cs-cz\">Me<span lang=\"cs-cz\" xml:lang=\"cs-cz\">todologie v\u00fdzkumu a AI<\/span>\u00a0<\/span><\/strong><\/li>\n<\/ol>\n<ul>\n<li style=\"list-style-type: none\">\n<ul>\n<li><span lang=\"cs-cz\" xml:lang=\"cs-cz\">P\u0159ehled r\u016fzn\u00fdch v\u00fdzkumn\u00fdch metod a mo\u017enost\u00ed jejich aplikace. Pou\u017eit\u00ed AI pro anal\u00fdzu dat, predikci v\u00fdsledk\u016f a zefektivn\u011bn\u00ed metodologick\u00e9ho procesu.<\/span><\/li>\n<\/ul>\n<\/li>\n<\/ul>\n<\/div>\n","protected":false},"excerpt":{"rendered":"<p id=\"yui_3_17_2_1_1730727231373_33\">Kurz poskytuje komplexn\u00ed podporu p\u0159i p\u0159\u00edprav\u011b diplomov\u00e9 pr\u00e1ce, zahrnuj\u00edc\u00ed v\u00fdb\u011br t\u00e9matu, pl\u00e1nov\u00e1n\u00ed v\u00fdzkumu a vyu\u017eit\u00ed modern\u00edch AI n\u00e1stroj\u016f. \u00da\u010dastn\u00edci se nau\u010d\u00ed efektivn\u011b aplikovat AI v akademick\u00e9 a pracovn\u00ed praxi pro zv\u00fd\u0161en\u00ed produktivity a kvality v\u00fdsledk\u016f.<\/p>\n","protected":false},"featured_media":5111,"comment_status":"open","ping_status":"closed","template":"","meta":[],"product_brand":[],"product_cat":[1333],"product_tag":[1360,1359,1419,1361,1342,1362],"class_list":{"0":"post-4921","1":"product","2":"type-product","3":"status-publish","4":"has-post-thumbnail","6":"product_cat-digitalni-produkty-ke-vzdelavani-pro-studenty","7":"product_tag-ai","8":"product_tag-diplomovy-seminar","9":"product_tag-doucovani","10":"product_tag-nastroje","11":"product_tag-online-kurz","12":"product_tag-umela-inteligence","14":"first","15":"instock","16":"virtual","17":"taxable","18":"purchasable","19":"product-type-simple"},"jetpack_sharing_enabled":true,"_links":{"self":[{"href":"https:\/\/etev7e.pef.czu.cz\/zs2223\/wp-json\/wp\/v2\/product\/4921","targetHints":{"allow":["GET"]}}],"collection":[{"href":"https:\/\/etev7e.pef.czu.cz\/zs2223\/wp-json\/wp\/v2\/product"}],"about":[{"href":"https:\/\/etev7e.pef.czu.cz\/zs2223\/wp-json\/wp\/v2\/types\/product"}],"replies":[{"embeddable":true,"href":"https:\/\/etev7e.pef.czu.cz\/zs2223\/wp-json\/wp\/v2\/comments?post=4921"}],"wp:featuredmedia":[{"embeddable":true,"href":"https:\/\/etev7e.pef.czu.cz\/zs2223\/wp-json\/wp\/v2\/media\/5111"}],"wp:attachment":[{"href":"https:\/\/etev7e.pef.czu.cz\/zs2223\/wp-json\/wp\/v2\/media?parent=4921"}],"wp:term":[{"taxonomy":"product_brand","embeddable":true,"href":"https:\/\/etev7e.pef.czu.cz\/zs2223\/wp-json\/wp\/v2\/product_brand?post=4921"},{"taxonomy":"product_cat","embeddable":true,"href":"https:\/\/etev7e.pef.czu.cz\/zs2223\/wp-json\/wp\/v2\/product_cat?post=4921"},{"taxonomy":"product_tag","embeddable":true,"href":"https:\/\/etev7e.pef.czu.cz\/zs2223\/wp-json\/wp\/v2\/product_tag?post=4921"}],"curies":[{"name":"wp","href":"https:\/\/api.w.org\/{rel}","templated":true}]}}