{"id":4922,"date":"2024-11-04T14:41:45","date_gmt":"2024-11-04T13:41:45","guid":{"rendered":"https:\/\/etev7e.pef.czu.cz\/zs2223\/?post_type=product&#038;p=4922"},"modified":"2024-11-04T15:11:07","modified_gmt":"2024-11-04T14:11:07","slug":"lego-stavebnice-icons-concorde-10318","status":"publish","type":"product","link":"https:\/\/etev7e.pef.czu.cz\/zs2223\/produkt\/lego-stavebnice-icons-concorde-10318\/","title":{"rendered":"LEGO\u00ae stavebnice Icons &#8211; Concorde 10318"},"content":{"rendered":"<p>Stavebnice LEGO Icons &#8211; Concorde p\u0159edstavuje detailn\u00ed stavebnici slavn\u00e9ho nadzvukov\u00e9ho letadla, kter\u00e9 je ikonou letectv\u00ed. Tento exkluzivn\u00ed model zachycuje elegantn\u00ed a technick\u00e9 prvky slavn\u00e9ho letounu. Model je navr\u017een pro fanou\u0161ky techniky a letectv\u00ed. Obsahuje v\u00edce ne\u017e 2000 d\u00edlk\u016f, co\u017e p\u0159edstavuje nejen v\u00fdzvu pro stavitele, ale z\u00e1rove\u0148 tak\u00e9 ohromuj\u00edc\u00ed v\u00fdstavn\u00ed kousek, kter\u00fd vynikne v ka\u017ed\u00e9 sb\u00edrce.<\/p>\n","protected":false},"excerpt":{"rendered":"<p>Stavebnice LEGO Icons &#8211; Concorde p\u0159edstavuje detailn\u00ed stavebnici slavn\u00e9ho nadzvukov\u00e9ho letadla, kter\u00e9 je ikonou letectv\u00ed.<\/p>\n","protected":false},"featured_media":4923,"comment_status":"open","ping_status":"closed","template":"","meta":[],"product_brand":[],"product_cat":[1335],"product_tag":[1348,376,1346,1347,550],"class_list":{"0":"post-4922","1":"product","2":"type-product","3":"status-publish","4":"has-post-thumbnail","6":"product_cat-lego-stavebnice","7":"product_tag-concorde","8":"product_tag-hracky","9":"product_tag-letadla","10":"product_tag-letectvi","11":"product_tag-stavebnice","13":"first","14":"instock","15":"sale","16":"taxable","17":"shipping-taxable","18":"purchasable","19":"product-type-simple"},"jetpack_sharing_enabled":true,"_links":{"self":[{"href":"https:\/\/etev7e.pef.czu.cz\/zs2223\/wp-json\/wp\/v2\/product\/4922","targetHints":{"allow":["GET"]}}],"collection":[{"href":"https:\/\/etev7e.pef.czu.cz\/zs2223\/wp-json\/wp\/v2\/product"}],"about":[{"href":"https:\/\/etev7e.pef.czu.cz\/zs2223\/wp-json\/wp\/v2\/types\/product"}],"replies":[{"embeddable":true,"href":"https:\/\/etev7e.pef.czu.cz\/zs2223\/wp-json\/wp\/v2\/comments?post=4922"}],"wp:featuredmedia":[{"embeddable":true,"href":"https:\/\/etev7e.pef.czu.cz\/zs2223\/wp-json\/wp\/v2\/media\/4923"}],"wp:attachment":[{"href":"https:\/\/etev7e.pef.czu.cz\/zs2223\/wp-json\/wp\/v2\/media?parent=4922"}],"wp:term":[{"taxonomy":"product_brand","embeddable":true,"href":"https:\/\/etev7e.pef.czu.cz\/zs2223\/wp-json\/wp\/v2\/product_brand?post=4922"},{"taxonomy":"product_cat","embeddable":true,"href":"https:\/\/etev7e.pef.czu.cz\/zs2223\/wp-json\/wp\/v2\/product_cat?post=4922"},{"taxonomy":"product_tag","embeddable":true,"href":"https:\/\/etev7e.pef.czu.cz\/zs2223\/wp-json\/wp\/v2\/product_tag?post=4922"}],"curies":[{"name":"wp","href":"https:\/\/api.w.org\/{rel}","templated":true}]}}