{"id":4937,"date":"2024-11-04T14:48:21","date_gmt":"2024-11-04T13:48:21","guid":{"rendered":"https:\/\/etev7e.pef.czu.cz\/zs2223\/?post_type=product&#038;p=4937"},"modified":"2024-11-04T15:08:00","modified_gmt":"2024-11-04T14:08:00","slug":"lego-stavebnice-architecture-socha-svobody-21042","status":"publish","type":"product","link":"https:\/\/etev7e.pef.czu.cz\/zs2223\/produkt\/lego-stavebnice-architecture-socha-svobody-21042\/","title":{"rendered":"LEGO\u00ae stavebnice Architecture &#8211; Socha Svobody 21042"},"content":{"rendered":"<p>Objevte symbol svobody a demokracie s modelem LEGO Architecture &#8211; Socha Svobody. Jedn\u00e1 se o detailn\u00ed stavebnici zachycuj\u00edc\u00ed slavnou Sochu Svobody, kter\u00e1 stoj\u00ed na Liberty Islandu v New Yorku a je symbolem americk\u00e9 nez\u00e1vislosti a nad\u011bje pro miliony p\u0159ist\u011bhovalc\u016f. Model kombinuje elegantn\u00ed a realistick\u00e9 zpracov\u00e1n\u00ed, obsahuje detailn\u00ed podstavec, propracovanou korunu, pl\u00e1\u0161\u0165 a pochode\u0148. Stavebnice m\u00e1 v\u00edce ne\u017e 1600 d\u00edlk\u016f. V\u00fdsledkem bude p\u016fsobiv\u00fd v\u00fdstavn\u00ed kousek, kter\u00fd dosahuje v\u00fd\u0161ky 44 cm a je ide\u00e1ln\u00ed pro fanou\u0161ky architektury, historie i LEGO sb\u011bratele.<\/p>\n","protected":false},"excerpt":{"rendered":"<p>Objevte symbol svobody a demokracie s modelem LEGO Architecture &#8211; Socha Svobody. Jedn\u00e1 se o detailn\u00ed stavebnici zachycuj\u00edc\u00ed slavnou Sochu Svobody, kter\u00e1 stoj\u00ed na Liberty Islandu v New Yorku.<\/p>\n","protected":false},"featured_media":4940,"comment_status":"open","ping_status":"closed","template":"","meta":[],"product_brand":[],"product_cat":[1335],"product_tag":[376,1352,1349,550,1351,1350],"class_list":{"0":"post-4937","1":"product","2":"type-product","3":"status-publish","4":"has-post-thumbnail","6":"product_cat-lego-stavebnice","7":"product_tag-hracky","8":"product_tag-sochy","9":"product_tag-stavby","10":"product_tag-stavebnice","11":"product_tag-symboly","12":"product_tag-umeni","14":"first","15":"instock","16":"sale","17":"taxable","18":"shipping-taxable","19":"purchasable","20":"product-type-simple"},"jetpack_sharing_enabled":true,"_links":{"self":[{"href":"https:\/\/etev7e.pef.czu.cz\/zs2223\/wp-json\/wp\/v2\/product\/4937","targetHints":{"allow":["GET"]}}],"collection":[{"href":"https:\/\/etev7e.pef.czu.cz\/zs2223\/wp-json\/wp\/v2\/product"}],"about":[{"href":"https:\/\/etev7e.pef.czu.cz\/zs2223\/wp-json\/wp\/v2\/types\/product"}],"replies":[{"embeddable":true,"href":"https:\/\/etev7e.pef.czu.cz\/zs2223\/wp-json\/wp\/v2\/comments?post=4937"}],"wp:featuredmedia":[{"embeddable":true,"href":"https:\/\/etev7e.pef.czu.cz\/zs2223\/wp-json\/wp\/v2\/media\/4940"}],"wp:attachment":[{"href":"https:\/\/etev7e.pef.czu.cz\/zs2223\/wp-json\/wp\/v2\/media?parent=4937"}],"wp:term":[{"taxonomy":"product_brand","embeddable":true,"href":"https:\/\/etev7e.pef.czu.cz\/zs2223\/wp-json\/wp\/v2\/product_brand?post=4937"},{"taxonomy":"product_cat","embeddable":true,"href":"https:\/\/etev7e.pef.czu.cz\/zs2223\/wp-json\/wp\/v2\/product_cat?post=4937"},{"taxonomy":"product_tag","embeddable":true,"href":"https:\/\/etev7e.pef.czu.cz\/zs2223\/wp-json\/wp\/v2\/product_tag?post=4937"}],"curies":[{"name":"wp","href":"https:\/\/api.w.org\/{rel}","templated":true}]}}