{"id":4941,"date":"2024-11-04T16:49:53","date_gmt":"2024-11-04T15:49:53","guid":{"rendered":"https:\/\/etev7e.pef.czu.cz\/zs2223\/?post_type=product&#038;p=4941"},"modified":"2024-12-19T17:59:45","modified_gmt":"2024-12-19T16:59:45","slug":"bunda-lvice","status":"publish","type":"product","link":"https:\/\/etev7e.pef.czu.cz\/zs2223\/produkt\/bunda-lvice\/","title":{"rendered":"Bunda Lvice"},"content":{"rendered":"<div>\n<p><span lang=\"cs-cz\" xml:lang=\"cs-cz\">Objevte svou vnit\u0159n\u00ed s\u00edlu s touto stylovou \u010dernou bundou, kter\u00e1 je ur\u010dena pro \u017eeny se srdcem lvice. Jej\u00ed jedine\u010dn\u00fd motiv nespoutan\u00e9 lvici dod\u00e1v\u00e1 outfitu dravost a energii, ide\u00e1ln\u00ed pro ty, kdo se neboj\u00ed vy\u010dn\u00edvat z davu.<\/span><\/p>\n<\/div>\n<div>\n<p><span lang=\"cs-cz\" xml:lang=\"cs-cz\">Bunda je vyrobena z kvalitn\u00ed d\u017e\u00ednoviny, kter\u00e1 zaru\u010duje pohodl\u00ed a odolnost. Skv\u011ble se hod\u00ed na ka\u017edodenn\u00ed no\u0161en\u00ed, a\u0165 u\u017e se chyst\u00e1te na dobrodru\u017estv\u00ed do p\u0159\u00edrody nebo na m\u011bstskou proch\u00e1zku. Dostupn\u00e1 ve velikostech od XS po L, tak\u017ee si ka\u017ed\u00e1 odv\u00e1\u017en\u00e1 \u017eena m\u016f\u017ee vybrat tu svou.<\/span><\/p>\n<\/div>\n","protected":false},"excerpt":{"rendered":"<p>Ru\u010dn\u011b malovan\u00e1 jarn\u00ed bunda pro \u017eeny, kter\u00e9 cht\u011bj\u00ed b\u00fdt origin\u00e1ln\u00ed<\/p>\n","protected":false},"featured_media":4944,"comment_status":"open","ping_status":"closed","template":"","meta":[],"product_brand":[],"product_cat":[1336],"product_tag":[1847,1848,1845,1844,1846],"class_list":{"0":"post-4941","1":"product","2":"type-product","3":"status-publish","4":"has-post-thumbnail","6":"product_cat-rucne-malovane-bundy","7":"product_tag-lvi-motiv","8":"product_tag-odvazny-design","9":"product_tag-stylova-bunda","10":"product_tag-zenska-sila","11":"product_tag-zlata-barva","13":"first","14":"instock","15":"taxable","16":"shipping-taxable","17":"purchasable","18":"product-type-variable"},"jetpack_sharing_enabled":true,"_links":{"self":[{"href":"https:\/\/etev7e.pef.czu.cz\/zs2223\/wp-json\/wp\/v2\/product\/4941","targetHints":{"allow":["GET"]}}],"collection":[{"href":"https:\/\/etev7e.pef.czu.cz\/zs2223\/wp-json\/wp\/v2\/product"}],"about":[{"href":"https:\/\/etev7e.pef.czu.cz\/zs2223\/wp-json\/wp\/v2\/types\/product"}],"replies":[{"embeddable":true,"href":"https:\/\/etev7e.pef.czu.cz\/zs2223\/wp-json\/wp\/v2\/comments?post=4941"}],"wp:featuredmedia":[{"embeddable":true,"href":"https:\/\/etev7e.pef.czu.cz\/zs2223\/wp-json\/wp\/v2\/media\/4944"}],"wp:attachment":[{"href":"https:\/\/etev7e.pef.czu.cz\/zs2223\/wp-json\/wp\/v2\/media?parent=4941"}],"wp:term":[{"taxonomy":"product_brand","embeddable":true,"href":"https:\/\/etev7e.pef.czu.cz\/zs2223\/wp-json\/wp\/v2\/product_brand?post=4941"},{"taxonomy":"product_cat","embeddable":true,"href":"https:\/\/etev7e.pef.czu.cz\/zs2223\/wp-json\/wp\/v2\/product_cat?post=4941"},{"taxonomy":"product_tag","embeddable":true,"href":"https:\/\/etev7e.pef.czu.cz\/zs2223\/wp-json\/wp\/v2\/product_tag?post=4941"}],"curies":[{"name":"wp","href":"https:\/\/api.w.org\/{rel}","templated":true}]}}