{"id":4949,"date":"2024-11-04T14:51:22","date_gmt":"2024-11-04T13:51:22","guid":{"rendered":"https:\/\/etev7e.pef.czu.cz\/zs2223\/?post_type=product&#038;p=4949"},"modified":"2024-11-04T15:04:38","modified_gmt":"2024-11-04T14:04:38","slug":"lego-stavebnice-botanicals-orchidej-10311","status":"publish","type":"product","link":"https:\/\/etev7e.pef.czu.cz\/zs2223\/produkt\/lego-stavebnice-botanicals-orchidej-10311\/","title":{"rendered":"LEGO\u00ae stavebnice Botanicals &#8211; Orchidej 10311"},"content":{"rendered":"<p>P\u0159idejte do sv\u00e9ho interi\u00e9ru n\u00e1dech elegance s modelem LEGO Botanicals &#8211; Orchidej. Tato n\u00e1dhern\u00e1 stavebnice V\u00e1m umo\u017en\u00ed sestavit realistickou repliku jedn\u00e9 z nejelegantn\u011bj\u0161\u00edch a nejkr\u00e1sn\u011bj\u0161\u00edch kv\u011btin na sv\u011bt\u011b. Orchidej je zn\u00e1m\u00e1 pro svou rafinovanou kr\u00e1su a v t\u00e9to stavebnici je ztv\u00e1rn\u011bna do nejmen\u0161\u00edho detailu, v\u010detn\u011b autentick\u00fdch kv\u011bt\u016f, list\u016f a stonku. S v\u00edce ne\u017e 600 d\u00edlky V\u00e1m stavebnice poskytne p\u0159\u00edjemnou relaxa\u010dn\u00ed aktivitu, po jej\u00edm\u017e dokon\u010den\u00ed z\u00edsk\u00e1te sofistikovan\u00fd dekorativn\u00ed prvek, kter\u00fd vynikne v jak\u00e9mkoliv prost\u0159ed\u00ed. Orchidej lze p\u0159izp\u016fsobit a naaran\u017eovat podle va\u0161\u00ed fantazie a vkusn\u011b dopln\u00ed v\u00e1\u0161 interi\u00e9r, ani\u017e byste se museli starat o zal\u00e9v\u00e1n\u00ed.<\/p>\n","protected":false},"excerpt":{"rendered":"<p>P\u0159idejte do sv\u00e9ho interi\u00e9ru n\u00e1dech elegance s modelem LEGO Botanicals &#8211; Orchidej. Tato n\u00e1dhern\u00e1 stavebnice V\u00e1m umo\u017en\u00ed sestavit realistickou repliku jedn\u00e9 z nejelegantn\u011bj\u0161\u00edch a nejkr\u00e1sn\u011bj\u0161\u00edch kv\u011btin na sv\u011bt\u011b.<\/p>\n","protected":false},"featured_media":4956,"comment_status":"open","ping_status":"closed","template":"","meta":[],"product_brand":[],"product_cat":[1335],"product_tag":[926,1355,1253,550,570],"class_list":{"0":"post-4949","1":"product","2":"type-product","3":"status-publish","4":"has-post-thumbnail","6":"product_cat-lego-stavebnice","7":"product_tag-kvetiny","8":"product_tag-orchidej","9":"product_tag-priroda","10":"product_tag-stavebnice","11":"product_tag-zahrada","13":"first","14":"instock","15":"sale","16":"taxable","17":"shipping-taxable","18":"purchasable","19":"product-type-simple"},"jetpack_sharing_enabled":true,"_links":{"self":[{"href":"https:\/\/etev7e.pef.czu.cz\/zs2223\/wp-json\/wp\/v2\/product\/4949","targetHints":{"allow":["GET"]}}],"collection":[{"href":"https:\/\/etev7e.pef.czu.cz\/zs2223\/wp-json\/wp\/v2\/product"}],"about":[{"href":"https:\/\/etev7e.pef.czu.cz\/zs2223\/wp-json\/wp\/v2\/types\/product"}],"replies":[{"embeddable":true,"href":"https:\/\/etev7e.pef.czu.cz\/zs2223\/wp-json\/wp\/v2\/comments?post=4949"}],"wp:featuredmedia":[{"embeddable":true,"href":"https:\/\/etev7e.pef.czu.cz\/zs2223\/wp-json\/wp\/v2\/media\/4956"}],"wp:attachment":[{"href":"https:\/\/etev7e.pef.czu.cz\/zs2223\/wp-json\/wp\/v2\/media?parent=4949"}],"wp:term":[{"taxonomy":"product_brand","embeddable":true,"href":"https:\/\/etev7e.pef.czu.cz\/zs2223\/wp-json\/wp\/v2\/product_brand?post=4949"},{"taxonomy":"product_cat","embeddable":true,"href":"https:\/\/etev7e.pef.czu.cz\/zs2223\/wp-json\/wp\/v2\/product_cat?post=4949"},{"taxonomy":"product_tag","embeddable":true,"href":"https:\/\/etev7e.pef.czu.cz\/zs2223\/wp-json\/wp\/v2\/product_tag?post=4949"}],"curies":[{"name":"wp","href":"https:\/\/api.w.org\/{rel}","templated":true}]}}