{"id":4960,"date":"2024-11-04T14:55:29","date_gmt":"2024-11-04T13:55:29","guid":{"rendered":"https:\/\/etev7e.pef.czu.cz\/zs2223\/?post_type=product&#038;p=4960"},"modified":"2024-11-04T15:01:45","modified_gmt":"2024-11-04T14:01:45","slug":"lego-stavebnice-star-wars-millenium-falcon-75375","status":"publish","type":"product","link":"https:\/\/etev7e.pef.czu.cz\/zs2223\/produkt\/lego-stavebnice-star-wars-millenium-falcon-75375\/","title":{"rendered":"LEGO\u00ae stavebnice Star Wars\u2122 &#8211; Millenium Falcon\u2122 75375"},"content":{"rendered":"<p>P\u0159ipravte se na dobrodru\u017estv\u00ed v dalek\u00e9 galaxii s modelem LEGO Star Wars &#8211; Millenium Falcon. Tento vesm\u00edrn\u00fd kor\u00e1b, zn\u00e1m\u00fd z legend\u00e1rn\u00ed filmov\u00e9 s\u00e1gy Star Wars nyn\u00ed m\u016f\u017eete postavit do nejmen\u0161\u00edho detailu. Stavebnice zachycuje charakteristick\u00e9 prvky lodi, v\u010detn\u011b jej\u00ed aerodynamick\u00e9 konstrukce, oto\u010dn\u00fdch laserov\u00fdch d\u011bl, vstupn\u00ed rampy a detailn\u00edho kokpitu, kter\u00fd pojme minifigurky. S v\u00edce ne\u017e 1000 d\u00edlky V\u00e1m stavebnice poskytne z\u00e1bavn\u00fd a n\u00e1ro\u010dn\u00fd projekt, kter\u00fd fanou\u0161ky Star Wars vr\u00e1t\u00ed do jej\u00edch obl\u00edben\u00fdch galaktick\u00fdch moment\u016f. Sou\u010d\u00e1st\u00ed setu jsou minifigurky Han Sola, Chewbaccy a dal\u0161\u00edch hrdin\u016f. Millenium Falcon je dokonal\u00fdm sb\u011bratelsk\u00fdm kouskem pro fanou\u0161ky Star Wars v\u0161ech v\u011bkov\u00fdch kategori\u00ed. Vystavte si tuto legend\u00e1rn\u00ed lo\u010f na \u010destn\u00e9 m\u00edsto a p\u0159ipravte se na hyperskok do sv\u011bta fantazie!<\/p>\n","protected":false},"excerpt":{"rendered":"<p>P\u0159ipravte se na dobrodru\u017estv\u00ed v dalek\u00e9 galaxii s modelem LEGO Star Wars &#8211; Millenium Falcon. Tento vesm\u00edrn\u00fd kor\u00e1b, zn\u00e1m\u00fd z legend\u00e1rn\u00ed filmov\u00e9 s\u00e1gy Star Wars nyn\u00ed m\u016f\u017eete postavit do nejmen\u0161\u00edho detailu.<\/p>\n","protected":false},"featured_media":4961,"comment_status":"open","ping_status":"closed","template":"","meta":[],"product_brand":[],"product_cat":[1335],"product_tag":[1115,1364,376,550,1365,1366],"class_list":{"0":"post-4960","1":"product","2":"type-product","3":"status-publish","4":"has-post-thumbnail","6":"product_cat-lego-stavebnice","7":"product_tag-fantasy","8":"product_tag-filmy-a-serialy","9":"product_tag-hracky","10":"product_tag-stavebnice","11":"product_tag-vesmir","12":"product_tag-vesmirna-plavidla","14":"first","15":"instock","16":"sale","17":"taxable","18":"shipping-taxable","19":"purchasable","20":"product-type-simple"},"jetpack_sharing_enabled":true,"_links":{"self":[{"href":"https:\/\/etev7e.pef.czu.cz\/zs2223\/wp-json\/wp\/v2\/product\/4960","targetHints":{"allow":["GET"]}}],"collection":[{"href":"https:\/\/etev7e.pef.czu.cz\/zs2223\/wp-json\/wp\/v2\/product"}],"about":[{"href":"https:\/\/etev7e.pef.czu.cz\/zs2223\/wp-json\/wp\/v2\/types\/product"}],"replies":[{"embeddable":true,"href":"https:\/\/etev7e.pef.czu.cz\/zs2223\/wp-json\/wp\/v2\/comments?post=4960"}],"wp:featuredmedia":[{"embeddable":true,"href":"https:\/\/etev7e.pef.czu.cz\/zs2223\/wp-json\/wp\/v2\/media\/4961"}],"wp:attachment":[{"href":"https:\/\/etev7e.pef.czu.cz\/zs2223\/wp-json\/wp\/v2\/media?parent=4960"}],"wp:term":[{"taxonomy":"product_brand","embeddable":true,"href":"https:\/\/etev7e.pef.czu.cz\/zs2223\/wp-json\/wp\/v2\/product_brand?post=4960"},{"taxonomy":"product_cat","embeddable":true,"href":"https:\/\/etev7e.pef.czu.cz\/zs2223\/wp-json\/wp\/v2\/product_cat?post=4960"},{"taxonomy":"product_tag","embeddable":true,"href":"https:\/\/etev7e.pef.czu.cz\/zs2223\/wp-json\/wp\/v2\/product_tag?post=4960"}],"curies":[{"name":"wp","href":"https:\/\/api.w.org\/{rel}","templated":true}]}}