{"id":4977,"date":"2024-11-04T16:32:45","date_gmt":"2024-11-04T15:32:45","guid":{"rendered":"https:\/\/etev7e.pef.czu.cz\/zs2223\/?post_type=product&#038;p=4977"},"modified":"2024-12-19T18:02:07","modified_gmt":"2024-12-19T17:02:07","slug":"bunda-bily-vlk","status":"publish","type":"product","link":"https:\/\/etev7e.pef.czu.cz\/zs2223\/produkt\/bunda-bily-vlk\/","title":{"rendered":"Bunda B\u00edl\u00fd vlk"},"content":{"rendered":"<div>\n<p><span lang=\"cs-cz\" xml:lang=\"cs-cz\">Vyj\u00e1d\u0159ete svou vnit\u0159n\u00ed s\u00edlu a nez\u00e1vislost s touto stylovou modrou bundou, navr\u017eenou pro \u017eeny, kter\u00e9 se c\u00edt\u00ed propojen\u00e9 s p\u0159\u00edrodou a volnost\u00ed. Jej\u00ed jedine\u010dn\u00fd motiv b\u00edl\u00e9ho vlka s pronikav\u00fdm pohledem dod\u00e1v\u00e1 outfitu tajemstv\u00ed a dravost, ide\u00e1ln\u00ed pro ty, kdo se neboj\u00ed vy\u010dn\u00edvat a b\u00fdt sami sebou.<\/span><\/p>\n<\/div>\n<div>\n<p><span lang=\"cs-cz\" xml:lang=\"cs-cz\">Bunda je vyrobena z kvalitn\u00ed d\u017e\u00ednoviny, kter\u00e1 zaru\u010duje pohodl\u00ed a odolnost. Perfektn\u00ed pro ka\u017edodenn\u00ed no\u0161en\u00ed, a\u0165 u\u017e se chyst\u00e1te na toulky p\u0159\u00edrodou nebo na neform\u00e1ln\u00ed m\u011bstskou proch\u00e1zku. Dostupn\u00e1 ve velikostech od XS po L, tak\u017ee si ka\u017ed\u00e1 \u017eena m\u016f\u017ee naj\u00edt tu svou.<\/span><\/p>\n<\/div>\n","protected":false},"excerpt":{"rendered":"<p>R<span lang=\"cs-cz\" xml:lang=\"cs-cz\">u\u010dn\u011b malovan\u00e1 jarn\u00ed bunda pro \u017eeny\u00a0<\/span><\/p>\n","protected":false},"featured_media":4986,"comment_status":"open","ping_status":"closed","template":"","meta":[],"product_brand":[],"product_cat":[1336],"product_tag":[626,1854,1855,1856,1838],"class_list":{"0":"post-4977","1":"product","2":"type-product","3":"status-publish","4":"has-post-thumbnail","6":"product_cat-rucne-malovane-bundy","7":"product_tag-bila-barva","8":"product_tag-chlupaty-limec","9":"product_tag-outdoor-styl","10":"product_tag-vlci-motiv","11":"product_tag-zimni-bunda","13":"first","14":"instock","15":"taxable","16":"shipping-taxable","17":"purchasable","18":"product-type-variable"},"jetpack_sharing_enabled":true,"_links":{"self":[{"href":"https:\/\/etev7e.pef.czu.cz\/zs2223\/wp-json\/wp\/v2\/product\/4977","targetHints":{"allow":["GET"]}}],"collection":[{"href":"https:\/\/etev7e.pef.czu.cz\/zs2223\/wp-json\/wp\/v2\/product"}],"about":[{"href":"https:\/\/etev7e.pef.czu.cz\/zs2223\/wp-json\/wp\/v2\/types\/product"}],"replies":[{"embeddable":true,"href":"https:\/\/etev7e.pef.czu.cz\/zs2223\/wp-json\/wp\/v2\/comments?post=4977"}],"wp:featuredmedia":[{"embeddable":true,"href":"https:\/\/etev7e.pef.czu.cz\/zs2223\/wp-json\/wp\/v2\/media\/4986"}],"wp:attachment":[{"href":"https:\/\/etev7e.pef.czu.cz\/zs2223\/wp-json\/wp\/v2\/media?parent=4977"}],"wp:term":[{"taxonomy":"product_brand","embeddable":true,"href":"https:\/\/etev7e.pef.czu.cz\/zs2223\/wp-json\/wp\/v2\/product_brand?post=4977"},{"taxonomy":"product_cat","embeddable":true,"href":"https:\/\/etev7e.pef.czu.cz\/zs2223\/wp-json\/wp\/v2\/product_cat?post=4977"},{"taxonomy":"product_tag","embeddable":true,"href":"https:\/\/etev7e.pef.czu.cz\/zs2223\/wp-json\/wp\/v2\/product_tag?post=4977"}],"curies":[{"name":"wp","href":"https:\/\/api.w.org\/{rel}","templated":true}]}}