{"id":4978,"date":"2024-11-04T15:15:30","date_gmt":"2024-11-04T14:15:30","guid":{"rendered":"https:\/\/etev7e.pef.czu.cz\/zs2223\/?post_type=product&#038;p=4978"},"modified":"2024-11-04T15:47:30","modified_gmt":"2024-11-04T14:47:30","slug":"hulky-leki-gs-3d","status":"publish","type":"product","link":"https:\/\/etev7e.pef.czu.cz\/zs2223\/produkt\/hulky-leki-gs-3d\/","title":{"rendered":"H\u016eLKY LEKI GS 3D"},"content":{"rendered":"<p>Venom GS 3D jsou \u0161pi\u010dkov\u00e9 hole ur\u010den\u00e9 pro ob\u0159\u00ed slalom, vyroben\u00e9 z vysoce pevn\u00e9ho hlin\u00edku HTS 6.5 a odoln\u00e9ho aramid-karbonu. Jsou vybaveny \u00fazkou z\u00e1vodn\u00ed rukojet\u00ed Race Pro G a inovativn\u00edm syst\u00e9mem Trigger 3D, kter\u00fd poskytuje lep\u0161\u00ed kontrolu d\u00edky p\u0159\u00edm\u00e9mu propojen\u00ed rukavice s hol\u00ed. Tento syst\u00e9m umo\u017e\u0148uje snadn\u00e9 a rychl\u00e9 nacvaknut\u00ed a vycvaknut\u00ed a p\u0159in\u00e1\u0161\u00ed vy\u0161\u0161\u00ed bezpe\u010dnost d\u00edky inteligentn\u00edmu trojrozm\u011brn\u00e9mu uvol\u0148ov\u00e1n\u00ed. Horn\u00ed \u010d\u00e1st hole je nav\u00edc chr\u00e1n\u011bna hlin\u00edkov\u00fdm pl\u00e1\u0161t\u011bm, kter\u00fd posiluje jej\u00ed odolnost a minimalizuje riziko zlomen\u00ed p\u0159i n\u00e1razech do branek.<\/p>\n","protected":false},"excerpt":{"rendered":"<p>Venom GS 3D jsou \u0161pi\u010dkov\u00e9 slalomov\u00e9 hole z pevn\u00e9ho hlin\u00edku HTS 6.5 a aramid-karbonu. Disponuj\u00ed z\u00e1vodn\u00ed rukojet\u00ed Race Pro G a syst\u00e9mem Trigger 3D pro snadn\u00e9 nacvaknut\u00ed na rukavice. Horn\u00ed \u010d\u00e1st je chr\u00e1n\u011bna hlin\u00edkov\u00fdm pl\u00e1\u0161t\u011bm , kter\u00fd zvy\u0161uje odolnost proti n\u00e1razu.<\/p>\n","protected":false},"featured_media":5000,"comment_status":"open","ping_status":"closed","template":"","meta":[],"product_brand":[],"product_cat":[1340],"product_tag":[171,1354,1353,350,1033,843],"class_list":{"0":"post-4978","1":"product","2":"type-product","3":"status-publish","4":"has-post-thumbnail","6":"product_cat-sportovni-vybaveni-zimni-sporty","7":"product_tag-lyzovani","8":"product_tag-sjezdove-lyze","9":"product_tag-sjezdove-lyzovani","10":"product_tag-sport","11":"product_tag-sportovni-prislusenstvi","12":"product_tag-zima","14":"first","15":"instock","16":"sale","17":"taxable","18":"shipping-taxable","19":"purchasable","20":"product-type-simple"},"jetpack_sharing_enabled":true,"_links":{"self":[{"href":"https:\/\/etev7e.pef.czu.cz\/zs2223\/wp-json\/wp\/v2\/product\/4978","targetHints":{"allow":["GET"]}}],"collection":[{"href":"https:\/\/etev7e.pef.czu.cz\/zs2223\/wp-json\/wp\/v2\/product"}],"about":[{"href":"https:\/\/etev7e.pef.czu.cz\/zs2223\/wp-json\/wp\/v2\/types\/product"}],"replies":[{"embeddable":true,"href":"https:\/\/etev7e.pef.czu.cz\/zs2223\/wp-json\/wp\/v2\/comments?post=4978"}],"wp:featuredmedia":[{"embeddable":true,"href":"https:\/\/etev7e.pef.czu.cz\/zs2223\/wp-json\/wp\/v2\/media\/5000"}],"wp:attachment":[{"href":"https:\/\/etev7e.pef.czu.cz\/zs2223\/wp-json\/wp\/v2\/media?parent=4978"}],"wp:term":[{"taxonomy":"product_brand","embeddable":true,"href":"https:\/\/etev7e.pef.czu.cz\/zs2223\/wp-json\/wp\/v2\/product_brand?post=4978"},{"taxonomy":"product_cat","embeddable":true,"href":"https:\/\/etev7e.pef.czu.cz\/zs2223\/wp-json\/wp\/v2\/product_cat?post=4978"},{"taxonomy":"product_tag","embeddable":true,"href":"https:\/\/etev7e.pef.czu.cz\/zs2223\/wp-json\/wp\/v2\/product_tag?post=4978"}],"curies":[{"name":"wp","href":"https:\/\/api.w.org\/{rel}","templated":true}]}}