{"id":4987,"date":"2024-11-04T15:15:06","date_gmt":"2024-11-04T14:15:06","guid":{"rendered":"https:\/\/etev7e.pef.czu.cz\/zs2223\/?post_type=product&#038;p=4987"},"modified":"2024-11-04T15:30:34","modified_gmt":"2024-11-04T14:30:34","slug":"helma-blizzard-w2w-double-visor","status":"publish","type":"product","link":"https:\/\/etev7e.pef.czu.cz\/zs2223\/produkt\/helma-blizzard-w2w-double-visor\/","title":{"rendered":"Helma Blizzard W2W Double Visor"},"content":{"rendered":"<p>D\u00e1msk\u00e1 ly\u017ea\u0159sk\u00e1 helma Blizzard W2W DOUBLE VISOR p\u0159edstavuje elegantn\u00ed a praktick\u00e9 \u0159e\u0161en\u00ed, kter\u00e9 \u0159e\u0161\u00ed tradi\u010dn\u00ed probl\u00e9m s kombinac\u00ed p\u0159ilby a br\u00fdl\u00ed. Sklopn\u00fd \u0161t\u00edt poskytuje spolehlivou ochranu proti nep\u0159\u00edzniv\u00fdm pov\u011btrnostn\u00edm vliv\u016fm i UV z\u00e1\u0159en\u00ed. D\u00edky konstrukci Double In Mold, nastaviteln\u00e9mu v\u011btr\u00e1n\u00ed a mo\u017enosti p\u0159esn\u00e9ho nastaven\u00ed velikosti je tato helma nejen lehk\u00e1, ale tak\u00e9 kompaktn\u00ed a pohodln\u00e1 na no\u0161en\u00ed.<\/p>\n","protected":false},"excerpt":{"rendered":"<p>D\u00e1msk\u00e1 ly\u017ea\u0159sk\u00e1 helma Blizzard W2W DOUBLE VISOR nab\u00edz\u00ed elegantn\u00ed \u0159e\u0161en\u00ed probl\u00e9mu s kombinac\u00ed p\u0159ilby a br\u00fdl\u00ed. Sklopn\u00fd \u0161t\u00edt chr\u00e1n\u00ed proti pov\u011btrnostn\u00edm vliv\u016fm a UV z\u00e1\u0159en\u00ed. Lehk\u00e1 konstrukce Double In Mold, nastaviteln\u00e9 v\u011btr\u00e1n\u00ed a p\u0159esn\u00e9 nastaven\u00ed velikosti zaji\u0161\u0165uj\u00ed pohodl\u00ed a kompaktnost.<\/p>\n","protected":false},"featured_media":4989,"comment_status":"open","ping_status":"closed","template":"","meta":[],"product_brand":[],"product_cat":[1340],"product_tag":[1370,1369],"class_list":{"0":"post-4987","1":"product","2":"type-product","3":"status-publish","4":"has-post-thumbnail","6":"product_cat-sportovni-vybaveni-zimni-sporty","7":"product_tag-lyzarske-helmy","8":"product_tag-lyzarske-vybaveni","10":"first","11":"instock","12":"sale","13":"taxable","14":"shipping-taxable","15":"purchasable","16":"product-type-simple"},"jetpack_sharing_enabled":true,"_links":{"self":[{"href":"https:\/\/etev7e.pef.czu.cz\/zs2223\/wp-json\/wp\/v2\/product\/4987","targetHints":{"allow":["GET"]}}],"collection":[{"href":"https:\/\/etev7e.pef.czu.cz\/zs2223\/wp-json\/wp\/v2\/product"}],"about":[{"href":"https:\/\/etev7e.pef.czu.cz\/zs2223\/wp-json\/wp\/v2\/types\/product"}],"replies":[{"embeddable":true,"href":"https:\/\/etev7e.pef.czu.cz\/zs2223\/wp-json\/wp\/v2\/comments?post=4987"}],"wp:featuredmedia":[{"embeddable":true,"href":"https:\/\/etev7e.pef.czu.cz\/zs2223\/wp-json\/wp\/v2\/media\/4989"}],"wp:attachment":[{"href":"https:\/\/etev7e.pef.czu.cz\/zs2223\/wp-json\/wp\/v2\/media?parent=4987"}],"wp:term":[{"taxonomy":"product_brand","embeddable":true,"href":"https:\/\/etev7e.pef.czu.cz\/zs2223\/wp-json\/wp\/v2\/product_brand?post=4987"},{"taxonomy":"product_cat","embeddable":true,"href":"https:\/\/etev7e.pef.czu.cz\/zs2223\/wp-json\/wp\/v2\/product_cat?post=4987"},{"taxonomy":"product_tag","embeddable":true,"href":"https:\/\/etev7e.pef.czu.cz\/zs2223\/wp-json\/wp\/v2\/product_tag?post=4987"}],"curies":[{"name":"wp","href":"https:\/\/api.w.org\/{rel}","templated":true}]}}