{"id":4988,"date":"2024-11-04T16:32:12","date_gmt":"2024-11-04T15:32:12","guid":{"rendered":"https:\/\/etev7e.pef.czu.cz\/zs2223\/?post_type=product&#038;p=4988"},"modified":"2024-12-19T18:05:16","modified_gmt":"2024-12-19T17:05:16","slug":"sako-kopretiny","status":"publish","type":"product","link":"https:\/\/etev7e.pef.czu.cz\/zs2223\/produkt\/sako-kopretiny\/","title":{"rendered":"Sako Kopretiny"},"content":{"rendered":"<div>\n<p><span lang=\"cs-cz\" xml:lang=\"cs-cz\">Projevte svou jemnost a propojen\u00ed s p\u0159\u00edrodou s t\u00edmto elegantn\u00edm sakem, kter\u00e9 je ur\u010deno pro \u017eeny s du\u0161\u00ed romantick\u00fdch v\u00edl. Jeho jedine\u010dn\u00fd motiv kopretin dod\u00e1v\u00e1 outfitu sv\u011b\u017eest a lehkost, ide\u00e1ln\u00ed pro v\u0161echny kr\u00e1sky, kter\u00e9 miluj\u00ed p\u0159\u00edrodu a vyza\u0159uj\u00ed klid.<\/span><\/p>\n<\/div>\n<div>\n<p><span lang=\"cs-cz\" xml:lang=\"cs-cz\">Sako je vyrobeno z kvalitn\u00ed bavlny, kter\u00e1 zaru\u010duje pohodl\u00ed a dlouhou \u017eivotnost. Skv\u011ble se hod\u00ed na ka\u017edodenn\u00ed no\u0161en\u00ed, a\u0165 u\u017e se chyst\u00e1te na proch\u00e1zku do lesa nebo na klidnou m\u011bstskou proch\u00e1zku. Dostupn\u00e1 ve velikostech od XS po L, tak\u017ee si ka\u017ed\u00e1 \u017eena najde tu svou.<\/span><\/p>\n<\/div>\n","protected":false},"excerpt":{"rendered":"<p><span lang=\"cs-cz\" xml:lang=\"cs-cz\">Ru\u010dn\u011b malovan\u00e9 jarn\u00ed sako pro milovnice p\u0159\u00edrody a \u00e9terick\u00e9 bytosti<\/span><\/p>\n","protected":false},"featured_media":4990,"comment_status":"open","ping_status":"closed","template":"","meta":[],"product_brand":[],"product_cat":[1336],"product_tag":[1861,1859,1857,1858,1860],"class_list":{"0":"post-4988","1":"product","2":"type-product","3":"status-publish","4":"has-post-thumbnail","6":"product_cat-rucne-malovane-bundy","7":"product_tag-bily-odev","8":"product_tag-jemna-elegance","9":"product_tag-kvetinovy-vzor","10":"product_tag-letni-sako","11":"product_tag-romanticky-styl","13":"first","14":"instock","15":"taxable","16":"shipping-taxable","17":"purchasable","18":"product-type-variable"},"jetpack_sharing_enabled":true,"_links":{"self":[{"href":"https:\/\/etev7e.pef.czu.cz\/zs2223\/wp-json\/wp\/v2\/product\/4988","targetHints":{"allow":["GET"]}}],"collection":[{"href":"https:\/\/etev7e.pef.czu.cz\/zs2223\/wp-json\/wp\/v2\/product"}],"about":[{"href":"https:\/\/etev7e.pef.czu.cz\/zs2223\/wp-json\/wp\/v2\/types\/product"}],"replies":[{"embeddable":true,"href":"https:\/\/etev7e.pef.czu.cz\/zs2223\/wp-json\/wp\/v2\/comments?post=4988"}],"wp:featuredmedia":[{"embeddable":true,"href":"https:\/\/etev7e.pef.czu.cz\/zs2223\/wp-json\/wp\/v2\/media\/4990"}],"wp:attachment":[{"href":"https:\/\/etev7e.pef.czu.cz\/zs2223\/wp-json\/wp\/v2\/media?parent=4988"}],"wp:term":[{"taxonomy":"product_brand","embeddable":true,"href":"https:\/\/etev7e.pef.czu.cz\/zs2223\/wp-json\/wp\/v2\/product_brand?post=4988"},{"taxonomy":"product_cat","embeddable":true,"href":"https:\/\/etev7e.pef.czu.cz\/zs2223\/wp-json\/wp\/v2\/product_cat?post=4988"},{"taxonomy":"product_tag","embeddable":true,"href":"https:\/\/etev7e.pef.czu.cz\/zs2223\/wp-json\/wp\/v2\/product_tag?post=4988"}],"curies":[{"name":"wp","href":"https:\/\/api.w.org\/{rel}","templated":true}]}}