{"id":5010,"date":"2024-11-04T16:53:48","date_gmt":"2024-11-04T15:53:48","guid":{"rendered":"https:\/\/etev7e.pef.czu.cz\/zs2223\/?post_type=product&#038;p=5010"},"modified":"2024-12-19T18:01:00","modified_gmt":"2024-12-19T17:01:00","slug":"bunda-spici-liska","status":"publish","type":"product","link":"https:\/\/etev7e.pef.czu.cz\/zs2223\/produkt\/bunda-spici-liska\/","title":{"rendered":"Bunda Sp\u00edc\u00ed li\u0161ka"},"content":{"rendered":"<div>\n<p><span lang=\"cs-cz\" xml:lang=\"cs-cz\">Zahalte se do n\u011b\u017enosti s touto khaki bundou, kter\u00e1 je navr\u017eena pro \u017eeny miluj\u00edc\u00ed p\u0159\u00edrodu a roztomil\u00e9 detaily. Motiv sp\u00edc\u00ed li\u0161ti\u010dky pod kopretinami dod\u00e1v\u00e1 outfitu hravost a klid, ide\u00e1ln\u00ed pro ty, kdo si cen\u00ed drobn\u00fdch kouzel p\u0159\u00edrody a cht\u011bj\u00ed je nosit s sebou.<\/span><\/p>\n<\/div>\n<div>\n<p><span lang=\"cs-cz\" xml:lang=\"cs-cz\">Bunda je vyrobena z kvalitn\u00ed d\u017e\u00ednoviny, kter\u00e1 zaru\u010duje pohodl\u00ed a dlouhou \u017eivotnost. Perfektn\u00ed pro ka\u017edodenn\u00ed no\u0161en\u00ed, a\u0165 u\u017e se vyd\u00e1te na proch\u00e1zku lesem nebo do m\u011bstsk\u00fdch uli\u010dek. Dostupn\u00e1 ve velikostech od XS po L, aby si ka\u017ed\u00e1 \u017eena na\u0161la tu svou.<\/span><\/p>\n<\/div>\n","protected":false},"excerpt":{"rendered":"<p><span lang=\"cs-cz\" xml:lang=\"cs-cz\">Ru\u010dn\u011b malovan\u00e1 jarn\u00ed bunda pro milovnice p\u0159\u00edrody a zv\u00ed\u0159at<\/span><\/p>\n","protected":false},"featured_media":5016,"comment_status":"open","ping_status":"closed","template":"","meta":[],"product_brand":[],"product_cat":[1336],"product_tag":[1841,1842,1840,1843,1839],"class_list":{"0":"post-5010","1":"product","2":"type-product","3":"status-publish","4":"has-post-thumbnail","6":"product_cat-rucne-malovane-bundy","7":"product_tag-hrejiva-bunda","8":"product_tag-lisci-inspirace","9":"product_tag-podzimni-design","10":"product_tag-rustikalni-styl","11":"product_tag-tepla-bunda","13":"first","14":"instock","15":"taxable","16":"shipping-taxable","17":"purchasable","18":"product-type-variable"},"jetpack_sharing_enabled":true,"_links":{"self":[{"href":"https:\/\/etev7e.pef.czu.cz\/zs2223\/wp-json\/wp\/v2\/product\/5010","targetHints":{"allow":["GET"]}}],"collection":[{"href":"https:\/\/etev7e.pef.czu.cz\/zs2223\/wp-json\/wp\/v2\/product"}],"about":[{"href":"https:\/\/etev7e.pef.czu.cz\/zs2223\/wp-json\/wp\/v2\/types\/product"}],"replies":[{"embeddable":true,"href":"https:\/\/etev7e.pef.czu.cz\/zs2223\/wp-json\/wp\/v2\/comments?post=5010"}],"wp:featuredmedia":[{"embeddable":true,"href":"https:\/\/etev7e.pef.czu.cz\/zs2223\/wp-json\/wp\/v2\/media\/5016"}],"wp:attachment":[{"href":"https:\/\/etev7e.pef.czu.cz\/zs2223\/wp-json\/wp\/v2\/media?parent=5010"}],"wp:term":[{"taxonomy":"product_brand","embeddable":true,"href":"https:\/\/etev7e.pef.czu.cz\/zs2223\/wp-json\/wp\/v2\/product_brand?post=5010"},{"taxonomy":"product_cat","embeddable":true,"href":"https:\/\/etev7e.pef.czu.cz\/zs2223\/wp-json\/wp\/v2\/product_cat?post=5010"},{"taxonomy":"product_tag","embeddable":true,"href":"https:\/\/etev7e.pef.czu.cz\/zs2223\/wp-json\/wp\/v2\/product_tag?post=5010"}],"curies":[{"name":"wp","href":"https:\/\/api.w.org\/{rel}","templated":true}]}}