{"id":5021,"date":"2024-11-04T17:45:37","date_gmt":"2024-11-04T16:45:37","guid":{"rendered":"https:\/\/etev7e.pef.czu.cz\/zs2223\/?post_type=product&#038;p=5021"},"modified":"2024-12-02T23:51:27","modified_gmt":"2024-12-02T22:51:27","slug":"zimni-bunda-kappa-lamenzio-pro-hokejovy-tym-czu","status":"publish","type":"product","link":"https:\/\/etev7e.pef.czu.cz\/zs2223\/produkt\/zimni-bunda-kappa-lamenzio-pro-hokejovy-tym-czu\/","title":{"rendered":"Zimn\u00ed bunda Kappa Lamenzio pro hokejov\u00fd t\u00fdm \u010cZU"},"content":{"rendered":"<p>Exkluzivn\u00ed zimn\u00ed bunda Kappa Lamezio, navr\u017een\u00e1 speci\u00e1ln\u011b pro hokejov\u00fd t\u00fdm \u010cZU Farmers. Tato stylov\u00e1 bunda je perfektn\u00ed volbou pro fanou\u0161ky i hr\u00e1\u010de, kte\u0159\u00ed cht\u011bj\u00ed uk\u00e1zat svou podporu t\u00fdmu a z\u00e1rove\u0148 z\u016fstat v teple b\u011bhem chladn\u00fdch dn\u016f. Jedn\u00e1 se o 100% polyester s vod\u011bodolnou \u00fapravou. V\u00fdpl\u0148 m\u00e1 z h\u0159ejiv\u00e9ho vl\u00e1kna.<\/p>\n","protected":false},"excerpt":{"rendered":"<p>Zimn\u00ed bunda pro fanou\u0161ky i hr\u00e1\u010de t\u00fdmu \u010cZU Farmers. Jedn\u00e1 se o 100% polyester s vod\u011bodolnou \u00fapravou. V\u00fdpl\u0148 z h\u0159ejiv\u00e9ho vl\u00e1kna.<\/p>\n","protected":false},"featured_media":5025,"comment_status":"open","ping_status":"closed","template":"","meta":[],"product_brand":[],"product_cat":[1372],"product_tag":[1837,1829,1830,1833,1832,1836,1831,1834,1835,1387,716,1838],"class_list":{"0":"post-5021","1":"product","2":"type-product","3":"status-publish","4":"has-post-thumbnail","6":"product_cat-hokejovymerch","7":"product_tag-bunda","8":"product_tag-czu-farmers","9":"product_tag-czu-farmers-merch","10":"product_tag-czu-hokej","11":"product_tag-czu-hokej-merch","12":"product_tag-czu-hokejove-obleceni","13":"product_tag-czu-obleceni","14":"product_tag-hokej-merch","15":"product_tag-hokejove-obleceni","16":"product_tag-obleceni","17":"product_tag-premiova-kvalita","18":"product_tag-zimni-bunda","20":"first","21":"instock","22":"taxable","23":"shipping-taxable","24":"purchasable","25":"product-type-variable","26":"has-default-attributes"},"jetpack_sharing_enabled":true,"_links":{"self":[{"href":"https:\/\/etev7e.pef.czu.cz\/zs2223\/wp-json\/wp\/v2\/product\/5021","targetHints":{"allow":["GET"]}}],"collection":[{"href":"https:\/\/etev7e.pef.czu.cz\/zs2223\/wp-json\/wp\/v2\/product"}],"about":[{"href":"https:\/\/etev7e.pef.czu.cz\/zs2223\/wp-json\/wp\/v2\/types\/product"}],"replies":[{"embeddable":true,"href":"https:\/\/etev7e.pef.czu.cz\/zs2223\/wp-json\/wp\/v2\/comments?post=5021"}],"wp:featuredmedia":[{"embeddable":true,"href":"https:\/\/etev7e.pef.czu.cz\/zs2223\/wp-json\/wp\/v2\/media\/5025"}],"wp:attachment":[{"href":"https:\/\/etev7e.pef.czu.cz\/zs2223\/wp-json\/wp\/v2\/media?parent=5021"}],"wp:term":[{"taxonomy":"product_brand","embeddable":true,"href":"https:\/\/etev7e.pef.czu.cz\/zs2223\/wp-json\/wp\/v2\/product_brand?post=5021"},{"taxonomy":"product_cat","embeddable":true,"href":"https:\/\/etev7e.pef.czu.cz\/zs2223\/wp-json\/wp\/v2\/product_cat?post=5021"},{"taxonomy":"product_tag","embeddable":true,"href":"https:\/\/etev7e.pef.czu.cz\/zs2223\/wp-json\/wp\/v2\/product_tag?post=5021"}],"curies":[{"name":"wp","href":"https:\/\/api.w.org\/{rel}","templated":true}]}}