{"id":5024,"date":"2024-11-04T17:21:55","date_gmt":"2024-11-04T16:21:55","guid":{"rendered":"https:\/\/etev7e.pef.czu.cz\/zs2223\/?post_type=product&#038;p=5024"},"modified":"2024-11-15T18:31:31","modified_gmt":"2024-11-15T17:31:31","slug":"zlate-nausnice-se-vzorem","status":"publish","type":"product","link":"https:\/\/etev7e.pef.czu.cz\/zs2223\/produkt\/zlate-nausnice-se-vzorem\/","title":{"rendered":"Zlat\u00e9 n\u00e1u\u0161nice se vzorem"},"content":{"rendered":"<p>Elegantn\u00ed n\u00e1u\u0161nice zhotoven\u00e9 ze \u017elut\u00e9ho zlata v podob\u011b n\u00e1dhern\u00fdch krou\u017ek\u016f, zdoben\u00fdch po cel\u00e9m obvodu jemn\u00fdm a z\u00e1\u0159iv\u00fdm grav\u00edrov\u00e1n\u00edm. Zlat\u00fd povrch je upraven do vysok\u00e9ho lesku. Tento \u0161perk je vyroben ze 14kar\u00e1tov\u00e9ho zlata a kombinuje pln\u00e9 a dut\u00e9 \u010d\u00e1sti. \u0160perk je ov\u011b\u0159en puncovn\u00edm \u00fa\u0159adem.<\/p>\n","protected":false},"excerpt":{"rendered":"<p>Elegantn\u00ed n\u00e1u\u0161nice zhotoven\u00e9 ze \u017elut\u00e9ho zlata v podob\u011b n\u00e1dhern\u00fdch krou\u017ek\u016f, zdoben\u00fdch po cel\u00e9m obvodu jemn\u00fdm a z\u00e1\u0159iv\u00fdm grav\u00edrov\u00e1n\u00edm.<\/p>\n","protected":false},"featured_media":5026,"comment_status":"open","ping_status":"closed","template":"","meta":[],"product_brand":[],"product_cat":[1371],"product_tag":[1376,1373,1374,1375],"class_list":{"0":"post-5024","1":"product","2":"type-product","3":"status-publish","4":"has-post-thumbnail","6":"product_cat-zlate_sperky","7":"product_tag-gravirovane-sperky","8":"product_tag-kruhove-zasouvaci-nausnice","9":"product_tag-luxusni-sperky","10":"product_tag-zlate-sperky","12":"first","13":"instock","14":"taxable","15":"shipping-taxable","16":"purchasable","17":"product-type-simple"},"jetpack_sharing_enabled":true,"_links":{"self":[{"href":"https:\/\/etev7e.pef.czu.cz\/zs2223\/wp-json\/wp\/v2\/product\/5024","targetHints":{"allow":["GET"]}}],"collection":[{"href":"https:\/\/etev7e.pef.czu.cz\/zs2223\/wp-json\/wp\/v2\/product"}],"about":[{"href":"https:\/\/etev7e.pef.czu.cz\/zs2223\/wp-json\/wp\/v2\/types\/product"}],"replies":[{"embeddable":true,"href":"https:\/\/etev7e.pef.czu.cz\/zs2223\/wp-json\/wp\/v2\/comments?post=5024"}],"wp:featuredmedia":[{"embeddable":true,"href":"https:\/\/etev7e.pef.czu.cz\/zs2223\/wp-json\/wp\/v2\/media\/5026"}],"wp:attachment":[{"href":"https:\/\/etev7e.pef.czu.cz\/zs2223\/wp-json\/wp\/v2\/media?parent=5024"}],"wp:term":[{"taxonomy":"product_brand","embeddable":true,"href":"https:\/\/etev7e.pef.czu.cz\/zs2223\/wp-json\/wp\/v2\/product_brand?post=5024"},{"taxonomy":"product_cat","embeddable":true,"href":"https:\/\/etev7e.pef.czu.cz\/zs2223\/wp-json\/wp\/v2\/product_cat?post=5024"},{"taxonomy":"product_tag","embeddable":true,"href":"https:\/\/etev7e.pef.czu.cz\/zs2223\/wp-json\/wp\/v2\/product_tag?post=5024"}],"curies":[{"name":"wp","href":"https:\/\/api.w.org\/{rel}","templated":true}]}}