{"id":5027,"date":"2024-11-04T17:34:40","date_gmt":"2024-11-04T16:34:40","guid":{"rendered":"https:\/\/etev7e.pef.czu.cz\/zs2223\/?post_type=product&#038;p=5027"},"modified":"2024-11-15T18:33:55","modified_gmt":"2024-11-15T17:33:55","slug":"retizek-na-ruku-brillance","status":"publish","type":"product","link":"https:\/\/etev7e.pef.czu.cz\/zs2223\/produkt\/retizek-na-ruku-brillance\/","title":{"rendered":"\u0158et\u00edzek na ruku Brillance"},"content":{"rendered":"<p>\u0158et\u00edzek na ruku vyroben\u00fd ze 14 kar\u00e1tov\u00e9ho zlata. Jeho pravost dokazuje punc na zap\u00edn\u00e1n\u00ed 585\/1000. \u0158et\u00edzek je svou jemnost\u00ed ide\u00e1ln\u00edm decentn\u00edm dopl\u0148kem pro ka\u017edou \u017eenu. Design \u0159et\u00edzku p\u0159ipom\u00ednaj\u00edc\u00ed hv\u011bzdy dod\u00e1v\u00e1 \u0161perku lesk.<\/p>\n","protected":false},"excerpt":{"rendered":"<p>\u0158et\u00edzek na ruku vyroben\u00fd ze 14 kar\u00e1tov\u00e9ho zlata.<\/p>\n","protected":false},"featured_media":5028,"comment_status":"open","ping_status":"closed","template":"","meta":[],"product_brand":[],"product_cat":[1371],"product_tag":[142,1382],"class_list":{"0":"post-5027","1":"product","2":"type-product","3":"status-publish","4":"has-post-thumbnail","6":"product_cat-zlate_sperky","7":"product_tag-naramek","8":"product_tag-retizek-na-ruku","10":"first","11":"instock","12":"taxable","13":"shipping-taxable","14":"purchasable","15":"product-type-simple"},"jetpack_sharing_enabled":true,"_links":{"self":[{"href":"https:\/\/etev7e.pef.czu.cz\/zs2223\/wp-json\/wp\/v2\/product\/5027","targetHints":{"allow":["GET"]}}],"collection":[{"href":"https:\/\/etev7e.pef.czu.cz\/zs2223\/wp-json\/wp\/v2\/product"}],"about":[{"href":"https:\/\/etev7e.pef.czu.cz\/zs2223\/wp-json\/wp\/v2\/types\/product"}],"replies":[{"embeddable":true,"href":"https:\/\/etev7e.pef.czu.cz\/zs2223\/wp-json\/wp\/v2\/comments?post=5027"}],"wp:featuredmedia":[{"embeddable":true,"href":"https:\/\/etev7e.pef.czu.cz\/zs2223\/wp-json\/wp\/v2\/media\/5028"}],"wp:attachment":[{"href":"https:\/\/etev7e.pef.czu.cz\/zs2223\/wp-json\/wp\/v2\/media?parent=5027"}],"wp:term":[{"taxonomy":"product_brand","embeddable":true,"href":"https:\/\/etev7e.pef.czu.cz\/zs2223\/wp-json\/wp\/v2\/product_brand?post=5027"},{"taxonomy":"product_cat","embeddable":true,"href":"https:\/\/etev7e.pef.czu.cz\/zs2223\/wp-json\/wp\/v2\/product_cat?post=5027"},{"taxonomy":"product_tag","embeddable":true,"href":"https:\/\/etev7e.pef.czu.cz\/zs2223\/wp-json\/wp\/v2\/product_tag?post=5027"}],"curies":[{"name":"wp","href":"https:\/\/api.w.org\/{rel}","templated":true}]}}