{"id":5030,"date":"2024-11-04T17:42:05","date_gmt":"2024-11-04T16:42:05","guid":{"rendered":"https:\/\/etev7e.pef.czu.cz\/zs2223\/?post_type=product&#038;p=5030"},"modified":"2024-11-15T09:23:42","modified_gmt":"2024-11-15T08:23:42","slug":"benatsky-zlaty-retizek","status":"publish","type":"product","link":"https:\/\/etev7e.pef.czu.cz\/zs2223\/produkt\/benatsky-zlaty-retizek\/","title":{"rendered":"Ben\u00e1tsk\u00fd zlat\u00fd \u0159et\u00edzek"},"content":{"rendered":"<p>Elegantn\u00ed a jemn\u00fd d\u00e1msk\u00fd \u0159et\u00edzek ze 14kar\u00e1tov\u00e9ho zlata v tzv. Ben\u00e1tsk\u00e9m kosti\u010dkovan\u00e9m designu, kter\u00fd okouzl\u00ed sv\u00fdm precizn\u00edm zpracov\u00e1n\u00edm. \u0158et\u00edzek m\u00e1 vysok\u00fd lesk, kter\u00fd dod\u00e1v\u00e1 \u0161perku luxusn\u00ed vzhled. D\u00edky sv\u00e9 nad\u010dasov\u00e9 eleganci je ide\u00e1ln\u00ed jak pro ka\u017edodenn\u00ed no\u0161en\u00ed, tak pro speci\u00e1ln\u00ed p\u0159\u00edle\u017eitosti. Tento \u0159et\u00edzek je nejen kr\u00e1sn\u00fd, ale tak\u00e9 odoln\u00fd a pohodln\u00fd na no\u0161en\u00ed. \u0160perk je ov\u011b\u0159en puncovn\u00edm \u00fa\u0159adem.<\/p>\n","protected":false},"excerpt":{"rendered":"<p>Elegantn\u00ed a jemn\u00fd d\u00e1msk\u00fd \u0159et\u00edzek ze 14kar\u00e1tov\u00e9ho zlata<\/p>\n","protected":false},"featured_media":5036,"comment_status":"open","ping_status":"closed","template":"","meta":[],"product_brand":[],"product_cat":[1371],"product_tag":[1384,1385,1383,1375],"class_list":{"0":"post-5030","1":"product","2":"type-product","3":"status-publish","4":"has-post-thumbnail","6":"product_cat-zlate_sperky","7":"product_tag-benatske-retizky","8":"product_tag-retizky-na-zapinaci-ocko","9":"product_tag-zlate-retizky","10":"product_tag-zlate-sperky","12":"first","13":"instock","14":"taxable","15":"shipping-taxable","16":"purchasable","17":"product-type-simple"},"jetpack_sharing_enabled":true,"_links":{"self":[{"href":"https:\/\/etev7e.pef.czu.cz\/zs2223\/wp-json\/wp\/v2\/product\/5030","targetHints":{"allow":["GET"]}}],"collection":[{"href":"https:\/\/etev7e.pef.czu.cz\/zs2223\/wp-json\/wp\/v2\/product"}],"about":[{"href":"https:\/\/etev7e.pef.czu.cz\/zs2223\/wp-json\/wp\/v2\/types\/product"}],"replies":[{"embeddable":true,"href":"https:\/\/etev7e.pef.czu.cz\/zs2223\/wp-json\/wp\/v2\/comments?post=5030"}],"wp:featuredmedia":[{"embeddable":true,"href":"https:\/\/etev7e.pef.czu.cz\/zs2223\/wp-json\/wp\/v2\/media\/5036"}],"wp:attachment":[{"href":"https:\/\/etev7e.pef.czu.cz\/zs2223\/wp-json\/wp\/v2\/media?parent=5030"}],"wp:term":[{"taxonomy":"product_brand","embeddable":true,"href":"https:\/\/etev7e.pef.czu.cz\/zs2223\/wp-json\/wp\/v2\/product_brand?post=5030"},{"taxonomy":"product_cat","embeddable":true,"href":"https:\/\/etev7e.pef.czu.cz\/zs2223\/wp-json\/wp\/v2\/product_cat?post=5030"},{"taxonomy":"product_tag","embeddable":true,"href":"https:\/\/etev7e.pef.czu.cz\/zs2223\/wp-json\/wp\/v2\/product_tag?post=5030"}],"curies":[{"name":"wp","href":"https:\/\/api.w.org\/{rel}","templated":true}]}}