{"id":5037,"date":"2024-11-04T17:48:37","date_gmt":"2024-11-04T16:48:37","guid":{"rendered":"https:\/\/etev7e.pef.czu.cz\/zs2223\/?post_type=product&#038;p=5037"},"modified":"2024-11-15T09:18:16","modified_gmt":"2024-11-15T08:18:16","slug":"privesek-krizek","status":"publish","type":"product","link":"https:\/\/etev7e.pef.czu.cz\/zs2223\/produkt\/privesek-krizek\/","title":{"rendered":"P\u0159\u00edv\u011bsek K\u0159\u00ed\u017eek"},"content":{"rendered":"<p>P\u0159\u00edv\u011bsek ve tvaru k\u0159\u00ed\u017ee je vhodn\u00fd pro \u017eeny i mu\u017ee r\u016fzn\u00e9ho v\u011bku. Vyroben je ze 14 kar\u00e1tov\u00e9ho zlata v\u00a0leskl\u00e9m proveden\u00ed. Tento na prvn\u00ed pohled jemn\u00fd p\u0159\u00edv\u011bsek je vhodn\u00fd ke ka\u017edodenn\u00edmu no\u0161en\u00ed. Ryzost zlata dokazuje punc na o\u010dku.<\/p>\n","protected":false},"excerpt":{"rendered":"<p>P\u0159\u00edv\u011bsek ve tvaru k\u0159\u00ed\u017ee je vhodn\u00fd pro \u017eeny i mu\u017ee r\u016fzn\u00e9ho v\u011bku<\/p>\n","protected":false},"featured_media":5038,"comment_status":"open","ping_status":"closed","template":"","meta":[],"product_brand":[],"product_cat":[1371],"product_tag":[1386,145],"class_list":{"0":"post-5037","1":"product","2":"type-product","3":"status-publish","4":"has-post-thumbnail","6":"product_cat-zlate_sperky","7":"product_tag-krizek","8":"product_tag-privesek","10":"first","11":"instock","12":"taxable","13":"shipping-taxable","14":"purchasable","15":"product-type-simple"},"jetpack_sharing_enabled":true,"_links":{"self":[{"href":"https:\/\/etev7e.pef.czu.cz\/zs2223\/wp-json\/wp\/v2\/product\/5037","targetHints":{"allow":["GET"]}}],"collection":[{"href":"https:\/\/etev7e.pef.czu.cz\/zs2223\/wp-json\/wp\/v2\/product"}],"about":[{"href":"https:\/\/etev7e.pef.czu.cz\/zs2223\/wp-json\/wp\/v2\/types\/product"}],"replies":[{"embeddable":true,"href":"https:\/\/etev7e.pef.czu.cz\/zs2223\/wp-json\/wp\/v2\/comments?post=5037"}],"wp:featuredmedia":[{"embeddable":true,"href":"https:\/\/etev7e.pef.czu.cz\/zs2223\/wp-json\/wp\/v2\/media\/5038"}],"wp:attachment":[{"href":"https:\/\/etev7e.pef.czu.cz\/zs2223\/wp-json\/wp\/v2\/media?parent=5037"}],"wp:term":[{"taxonomy":"product_brand","embeddable":true,"href":"https:\/\/etev7e.pef.czu.cz\/zs2223\/wp-json\/wp\/v2\/product_brand?post=5037"},{"taxonomy":"product_cat","embeddable":true,"href":"https:\/\/etev7e.pef.czu.cz\/zs2223\/wp-json\/wp\/v2\/product_cat?post=5037"},{"taxonomy":"product_tag","embeddable":true,"href":"https:\/\/etev7e.pef.czu.cz\/zs2223\/wp-json\/wp\/v2\/product_tag?post=5037"}],"curies":[{"name":"wp","href":"https:\/\/api.w.org\/{rel}","templated":true}]}}