{"id":5039,"date":"2024-11-04T17:58:49","date_gmt":"2024-11-04T16:58:49","guid":{"rendered":"https:\/\/etev7e.pef.czu.cz\/zs2223\/?post_type=product&#038;p=5039"},"modified":"2024-12-02T23:50:24","modified_gmt":"2024-12-02T22:50:24","slug":"ksiltovka-bauer-czu-farmers","status":"publish","type":"product","link":"https:\/\/etev7e.pef.czu.cz\/zs2223\/produkt\/ksiltovka-bauer-czu-farmers\/","title":{"rendered":"K\u0161iltovka Bauer \u010cZU Farmers"},"content":{"rendered":"<p>Ofici\u00e1ln\u00ed k\u0161iltovka Bauer navr\u017een\u00e1 exkluzivn\u011b pro fanou\u0161ky a hokejov\u00e9 hr\u00e1\u010de t\u00fdmu \u010cZU Farmers. Stylov\u00e1 a pohodln\u00e1 k\u0161iltovka s perfektn\u00edm dopl\u0148kem pro podporu va\u0161eho obl\u00edben\u00e9ho univerzitn\u00edho t\u00fdmu. K\u0161iltovka ze 100% bavlny s prody\u0161nou s\u00ed\u0165ovinou na zadn\u00ed stran\u011b. Vy\u0161\u00edvan\u00e1 3D logo \u010cZU Farmers na p\u0159edn\u00ed stran\u011b, nastaviteln\u00fd such\u00fd zip pro pohodln\u00e9 no\u0161en\u00ed.<\/p>\n","protected":false},"excerpt":{"rendered":"<p>K\u0161iltovka pro fanou\u0161ky a hokejov\u00e9 hr\u00e1\u010de t\u00fdmu \u010cZU Farmers. K\u0161iltovka je ze 100% bavlny s prody\u0161nou s\u00ed\u0165ovinou na zadn\u00ed stran\u011b. Vy\u0161\u00edvan\u00e9 3D logo \u010cZU Farmers na p\u0159edn\u00ed stran\u011b, nastaviteln\u00fd such\u00fd zip pro pohodln\u00e9 no\u0161en\u00ed.<\/p>\n","protected":false},"featured_media":5086,"comment_status":"open","ping_status":"closed","template":"","meta":[],"product_brand":[],"product_cat":[1372],"product_tag":[1829,1830,1833,1832,1836,1831,1834,1835,1387,1388,716,350],"class_list":{"0":"post-5039","1":"product","2":"type-product","3":"status-publish","4":"has-post-thumbnail","6":"product_cat-hokejovymerch","7":"product_tag-czu-farmers","8":"product_tag-czu-farmers-merch","9":"product_tag-czu-hokej","10":"product_tag-czu-hokej-merch","11":"product_tag-czu-hokejove-obleceni","12":"product_tag-czu-obleceni","13":"product_tag-hokej-merch","14":"product_tag-hokejove-obleceni","15":"product_tag-obleceni","16":"product_tag-pokryvka-hlavy","17":"product_tag-premiova-kvalita","18":"product_tag-sport","20":"first","21":"instock","22":"taxable","23":"shipping-taxable","24":"purchasable","25":"product-type-simple"},"jetpack_sharing_enabled":true,"_links":{"self":[{"href":"https:\/\/etev7e.pef.czu.cz\/zs2223\/wp-json\/wp\/v2\/product\/5039","targetHints":{"allow":["GET"]}}],"collection":[{"href":"https:\/\/etev7e.pef.czu.cz\/zs2223\/wp-json\/wp\/v2\/product"}],"about":[{"href":"https:\/\/etev7e.pef.czu.cz\/zs2223\/wp-json\/wp\/v2\/types\/product"}],"replies":[{"embeddable":true,"href":"https:\/\/etev7e.pef.czu.cz\/zs2223\/wp-json\/wp\/v2\/comments?post=5039"}],"wp:featuredmedia":[{"embeddable":true,"href":"https:\/\/etev7e.pef.czu.cz\/zs2223\/wp-json\/wp\/v2\/media\/5086"}],"wp:attachment":[{"href":"https:\/\/etev7e.pef.czu.cz\/zs2223\/wp-json\/wp\/v2\/media?parent=5039"}],"wp:term":[{"taxonomy":"product_brand","embeddable":true,"href":"https:\/\/etev7e.pef.czu.cz\/zs2223\/wp-json\/wp\/v2\/product_brand?post=5039"},{"taxonomy":"product_cat","embeddable":true,"href":"https:\/\/etev7e.pef.czu.cz\/zs2223\/wp-json\/wp\/v2\/product_cat?post=5039"},{"taxonomy":"product_tag","embeddable":true,"href":"https:\/\/etev7e.pef.czu.cz\/zs2223\/wp-json\/wp\/v2\/product_tag?post=5039"}],"curies":[{"name":"wp","href":"https:\/\/api.w.org\/{rel}","templated":true}]}}