{"id":5041,"date":"2024-11-04T18:16:03","date_gmt":"2024-11-04T17:16:03","guid":{"rendered":"https:\/\/etev7e.pef.czu.cz\/zs2223\/?post_type=product&#038;p=5041"},"modified":"2024-12-02T23:50:05","modified_gmt":"2024-12-02T22:50:05","slug":"polo-triko-kappa-barli-czu-farmers","status":"publish","type":"product","link":"https:\/\/etev7e.pef.czu.cz\/zs2223\/produkt\/polo-triko-kappa-barli-czu-farmers\/","title":{"rendered":"Polo triko Kappa Barli \u010cZU Farmers"},"content":{"rendered":"<p>Polo triko Kappa navr\u017een\u00e9 pro \u010cZU Farmers, kter\u00e9 je vytvo\u0159en\u00e9 z 95% bavlny, 5% elastanu pro pohodl\u00ed a pru\u017enost.Klasick\u00fd st\u0159ih polo tri\u010dka s kr\u00e1tk\u00fdm ruk\u00e1vem. T\u0159\u00edknofl\u00edkov\u00fd zap\u00edn\u00e1n\u00ed pro snadn\u00e9 obl\u00e9k\u00e1n\u00ed. \u017debrov\u00fd l\u00edmec a man\u017eety ruk\u00e1v\u016f, prody\u0161n\u00fd materi\u00e1l pro celodenn\u00ed no\u0161en\u00ed. M\u00e1 vy\u0161\u00edvan\u00e9 logo \u010cZU Farmers na hrudi.<\/p>\n","protected":false},"excerpt":{"rendered":"<p>Polo triko navr\u017een\u00e9 pro fanou\u0161ky i hr\u00e1\u010de \u010cZU Farmers, kter\u00e9 je vytvo\u0159en\u00e9 z 95% bavlny, 5% elastanu pro pohodl\u00ed a pru\u017enost. Vy\u0161\u00edvan\u00e9 logo \u010cZU Farmers na hrudi.<\/p>\n","protected":false},"featured_media":5049,"comment_status":"open","ping_status":"closed","template":"","meta":[],"product_brand":[],"product_cat":[1372],"product_tag":[1829,1830,1833,1832,1836,1831,1389,51,1834,1835,1387,716,350],"class_list":{"0":"post-5041","1":"product","2":"type-product","3":"status-publish","4":"has-post-thumbnail","6":"product_cat-hokejovymerch","7":"product_tag-czu-farmers","8":"product_tag-czu-farmers-merch","9":"product_tag-czu-hokej","10":"product_tag-czu-hokej-merch","11":"product_tag-czu-hokejove-obleceni","12":"product_tag-czu-obleceni","13":"product_tag-farmers","14":"product_tag-hokej","15":"product_tag-hokej-merch","16":"product_tag-hokejove-obleceni","17":"product_tag-obleceni","18":"product_tag-premiova-kvalita","19":"product_tag-sport","21":"first","22":"instock","23":"taxable","24":"shipping-taxable","25":"purchasable","26":"product-type-variable"},"jetpack_sharing_enabled":true,"_links":{"self":[{"href":"https:\/\/etev7e.pef.czu.cz\/zs2223\/wp-json\/wp\/v2\/product\/5041","targetHints":{"allow":["GET"]}}],"collection":[{"href":"https:\/\/etev7e.pef.czu.cz\/zs2223\/wp-json\/wp\/v2\/product"}],"about":[{"href":"https:\/\/etev7e.pef.czu.cz\/zs2223\/wp-json\/wp\/v2\/types\/product"}],"replies":[{"embeddable":true,"href":"https:\/\/etev7e.pef.czu.cz\/zs2223\/wp-json\/wp\/v2\/comments?post=5041"}],"wp:featuredmedia":[{"embeddable":true,"href":"https:\/\/etev7e.pef.czu.cz\/zs2223\/wp-json\/wp\/v2\/media\/5049"}],"wp:attachment":[{"href":"https:\/\/etev7e.pef.czu.cz\/zs2223\/wp-json\/wp\/v2\/media?parent=5041"}],"wp:term":[{"taxonomy":"product_brand","embeddable":true,"href":"https:\/\/etev7e.pef.czu.cz\/zs2223\/wp-json\/wp\/v2\/product_brand?post=5041"},{"taxonomy":"product_cat","embeddable":true,"href":"https:\/\/etev7e.pef.czu.cz\/zs2223\/wp-json\/wp\/v2\/product_cat?post=5041"},{"taxonomy":"product_tag","embeddable":true,"href":"https:\/\/etev7e.pef.czu.cz\/zs2223\/wp-json\/wp\/v2\/product_tag?post=5041"}],"curies":[{"name":"wp","href":"https:\/\/api.w.org\/{rel}","templated":true}]}}