{"id":5059,"date":"2024-11-04T18:38:40","date_gmt":"2024-11-04T17:38:40","guid":{"rendered":"https:\/\/etev7e.pef.czu.cz\/zs2223\/?post_type=product&#038;p=5059"},"modified":"2024-11-04T18:43:57","modified_gmt":"2024-11-04T17:43:57","slug":"kingswood-original","status":"publish","type":"product","link":"https:\/\/etev7e.pef.czu.cz\/zs2223\/produkt\/kingswood-original\/","title":{"rendered":"Kingswood Original"},"content":{"rendered":"<p>Kingswood Original je p\u0159\u00edrodn\u00ed jable\u010dn\u00fd cider vyroben\u00fd s d\u016frazem na kvalitn\u00ed suroviny. Poch\u00e1z\u00ed z tradi\u010dn\u00ed \u010desk\u00e9 produkce, kde se kombinuje pe\u010dliv\u011b vybran\u00e1 sm\u011bs jablek s jemnou sladkost\u00ed a p\u0159\u00edjemnou kyselost\u00ed. Tento cider je lehce \u0161umiv\u00fd a d\u00edky sv\u00e9 sv\u011b\u017e\u00ed, ovocn\u00e9 chuti je ide\u00e1ln\u00ed na letn\u00ed dny nebo posezen\u00ed s p\u0159\u00e1teli. Kingswood je zn\u00e1m\u00fd sv\u00fdm autentick\u00fdm p\u0159\u00edstupem, kter\u00fd vyzdvihuje p\u0159irozenou chu\u0165 jablek bez um\u011bl\u00fdch p\u0159\u00edsad.<\/p>\n<p><strong>Slo\u017een\u00ed produktu<\/strong>:\u00a0voda, zkva\u0161en\u00e1 jable\u010dn\u00e1 \u0161\u0165\u00e1va z\u00a0koncentr\u00e1tu, cukr, glukozov\u00fd sirup, CO2, citronov\u00e1 \u0161\u0165\u00e1va z\u00a0koncentr\u00e1tu, p\u0159\u00edrodn\u00ed aromata, barvivo: <strong>je\u010dn\u00fd<\/strong> sladov\u00fd extrakt, sv\u011btlice barv\u00ed\u0159sk\u00e1; jedl\u00e1 s\u016fl<\/p>\n<p><strong>Alergeny: Je\u010dmen<\/strong><\/p>\n<p><strong>V\u00fd\u017eivov\u00e9 hodnoty (na 100 ml)<\/strong>:\u00a0Kalorie 160 kcal, Tuky 0 g, Sacharidy 18 g, B\u00edlkoviny 0 g<\/p>\n<p><strong>V\u00fdrobce<\/strong>:\u00a0Plze\u0148sk\u00fd Prazdroj, a.s.<\/p>\n<p><strong>Zem\u011b p\u016fvodu<\/strong>:\u00a0\u010cesk\u00e1 republika<\/p>\n","protected":false},"excerpt":{"rendered":"<p>Kingswood Original je p\u0159\u00edrodn\u00ed jable\u010dn\u00fd cider z \u010desk\u00e9 produkce, kter\u00fd kombinuje pe\u010dliv\u011b vybran\u00e1 jablka s jemnou sladkost\u00ed a kyselost\u00ed. D\u00edky sv\u011b\u017e\u00ed ovocn\u00e9 chuti je ide\u00e1ln\u00ed na letn\u00ed dny nebo posezen\u00ed s p\u0159\u00e1teli.<\/p>\n","protected":false},"featured_media":5064,"comment_status":"open","ping_status":"closed","template":"","meta":[],"product_brand":[],"product_cat":[1390],"product_tag":[183,182,1396,1397],"class_list":{"0":"post-5059","1":"product","2":"type-product","3":"status-publish","4":"has-post-thumbnail","6":"product_cat-cidery","7":"product_tag-alkoholicke-napoje","8":"product_tag-cider","9":"product_tag-jablecny-cider","10":"product_tag-prirodni-produkt","12":"first","13":"instock","14":"sale","15":"taxable","16":"shipping-taxable","17":"purchasable","18":"product-type-simple"},"jetpack_sharing_enabled":true,"_links":{"self":[{"href":"https:\/\/etev7e.pef.czu.cz\/zs2223\/wp-json\/wp\/v2\/product\/5059","targetHints":{"allow":["GET"]}}],"collection":[{"href":"https:\/\/etev7e.pef.czu.cz\/zs2223\/wp-json\/wp\/v2\/product"}],"about":[{"href":"https:\/\/etev7e.pef.czu.cz\/zs2223\/wp-json\/wp\/v2\/types\/product"}],"replies":[{"embeddable":true,"href":"https:\/\/etev7e.pef.czu.cz\/zs2223\/wp-json\/wp\/v2\/comments?post=5059"}],"wp:featuredmedia":[{"embeddable":true,"href":"https:\/\/etev7e.pef.czu.cz\/zs2223\/wp-json\/wp\/v2\/media\/5064"}],"wp:attachment":[{"href":"https:\/\/etev7e.pef.czu.cz\/zs2223\/wp-json\/wp\/v2\/media?parent=5059"}],"wp:term":[{"taxonomy":"product_brand","embeddable":true,"href":"https:\/\/etev7e.pef.czu.cz\/zs2223\/wp-json\/wp\/v2\/product_brand?post=5059"},{"taxonomy":"product_cat","embeddable":true,"href":"https:\/\/etev7e.pef.czu.cz\/zs2223\/wp-json\/wp\/v2\/product_cat?post=5059"},{"taxonomy":"product_tag","embeddable":true,"href":"https:\/\/etev7e.pef.czu.cz\/zs2223\/wp-json\/wp\/v2\/product_tag?post=5059"}],"curies":[{"name":"wp","href":"https:\/\/api.w.org\/{rel}","templated":true}]}}