{"id":5062,"date":"2024-11-04T18:36:33","date_gmt":"2024-11-04T17:36:33","guid":{"rendered":"https:\/\/etev7e.pef.czu.cz\/zs2223\/?post_type=product&#038;p=5062"},"modified":"2024-12-02T23:49:05","modified_gmt":"2024-12-02T22:49:05","slug":"sala-na-fandeni-czu-farmers","status":"publish","type":"product","link":"https:\/\/etev7e.pef.czu.cz\/zs2223\/produkt\/sala-na-fandeni-czu-farmers\/","title":{"rendered":"\u0160\u00e1la na fand\u011bn\u00ed \u010cZU Farmers"},"content":{"rendered":"<p>\u0160\u00e1la vyroben\u00e1 ze 100% akrylov\u00e9 p\u0159\u00edze. P\u0159\u00edjemn\u00e1 na dotek, z\u00e1rove\u0148 poskytuje dostate\u010dn\u00e9 teplo. Vhodn\u00e1 na hokejov\u00e9 z\u00e1pasy \u010cZU Farmers.<\/p>\n","protected":false},"excerpt":{"rendered":"<p>\u0160\u00e1la vhodn\u00e1 na hokejov\u00e9 z\u00e1pasy \u010cZU Farmers.<\/p>\n","protected":false},"featured_media":5065,"comment_status":"open","ping_status":"closed","template":"","meta":[],"product_brand":[],"product_cat":[1372],"product_tag":[1829,1830,1833,1832,1836,1831,237,1389,51,1834,1835,1387,716],"class_list":{"0":"post-5062","1":"product","2":"type-product","3":"status-publish","4":"has-post-thumbnail","6":"product_cat-hokejovymerch","7":"product_tag-czu-farmers","8":"product_tag-czu-farmers-merch","9":"product_tag-czu-hokej","10":"product_tag-czu-hokej-merch","11":"product_tag-czu-hokejove-obleceni","12":"product_tag-czu-obleceni","13":"product_tag-doplnky","14":"product_tag-farmers","15":"product_tag-hokej","16":"product_tag-hokej-merch","17":"product_tag-hokejove-obleceni","18":"product_tag-obleceni","19":"product_tag-premiova-kvalita","21":"first","22":"instock","23":"taxable","24":"shipping-taxable","25":"purchasable","26":"product-type-simple"},"jetpack_sharing_enabled":true,"_links":{"self":[{"href":"https:\/\/etev7e.pef.czu.cz\/zs2223\/wp-json\/wp\/v2\/product\/5062","targetHints":{"allow":["GET"]}}],"collection":[{"href":"https:\/\/etev7e.pef.czu.cz\/zs2223\/wp-json\/wp\/v2\/product"}],"about":[{"href":"https:\/\/etev7e.pef.czu.cz\/zs2223\/wp-json\/wp\/v2\/types\/product"}],"replies":[{"embeddable":true,"href":"https:\/\/etev7e.pef.czu.cz\/zs2223\/wp-json\/wp\/v2\/comments?post=5062"}],"wp:featuredmedia":[{"embeddable":true,"href":"https:\/\/etev7e.pef.czu.cz\/zs2223\/wp-json\/wp\/v2\/media\/5065"}],"wp:attachment":[{"href":"https:\/\/etev7e.pef.czu.cz\/zs2223\/wp-json\/wp\/v2\/media?parent=5062"}],"wp:term":[{"taxonomy":"product_brand","embeddable":true,"href":"https:\/\/etev7e.pef.czu.cz\/zs2223\/wp-json\/wp\/v2\/product_brand?post=5062"},{"taxonomy":"product_cat","embeddable":true,"href":"https:\/\/etev7e.pef.czu.cz\/zs2223\/wp-json\/wp\/v2\/product_cat?post=5062"},{"taxonomy":"product_tag","embeddable":true,"href":"https:\/\/etev7e.pef.czu.cz\/zs2223\/wp-json\/wp\/v2\/product_tag?post=5062"}],"curies":[{"name":"wp","href":"https:\/\/api.w.org\/{rel}","templated":true}]}}