{"id":5063,"date":"2024-11-04T18:35:51","date_gmt":"2024-11-04T17:35:51","guid":{"rendered":"https:\/\/etev7e.pef.czu.cz\/zs2223\/?post_type=product&#038;p=5063"},"modified":"2024-11-04T19:44:15","modified_gmt":"2024-11-04T18:44:15","slug":"odstranovac-hmyzu-sheron-insect-off","status":"publish","type":"product","link":"https:\/\/etev7e.pef.czu.cz\/zs2223\/produkt\/odstranovac-hmyzu-sheron-insect-off\/","title":{"rendered":"Odstra\u0148ova\u010d hmyzu Sheron Insect Off"},"content":{"rendered":"<p>Tento p\u0159\u00edpravek efektivn\u011b odstra\u0148uje zbytky hmyzu a jin\u00e9 ne\u010distoty z karoserie, plast\u016f a chromov\u00fdch \u010d\u00e1st\u00ed vozidla.<\/p>\n<p>Objem: 500ml.<\/p>\n<p><strong>Doporu\u010den\u00fd postup:<\/strong><\/p>\n<ul>\n<li>Aplikujte na zne\u010di\u0161t\u011bn\u00e9 m\u00edsto.<\/li>\n<li>Nechte p\u016fsobit 1-2 minuty.<\/li>\n<li>Set\u0159ete houbou nebo hadrem.<\/li>\n<li>Opl\u00e1chn\u011bte vodou nebo projd\u011bte myc\u00ed linkou.<\/li>\n<\/ul>\n<p>Nepou\u017e\u00edvejte na naru\u0161en\u00fd lak nebo po\u0161kr\u00e1ban\u00e9 polykarbon\u00e1tov\u00e9 sv\u011btlomety.<\/p>\n","protected":false},"excerpt":{"rendered":"<p>Tento p\u0159\u00edpravek efektivn\u011b odstra\u0148uje zbytky hmyzu a jin\u00e9 ne\u010distoty z karoserie, plast\u016f a chromov\u00fdch \u010d\u00e1st\u00ed vozidla. Objem: 500ml. Doporu\u010den\u00fd postup: Aplikujte na zne\u010di\u0161t\u011bn\u00e9 m\u00edsto. Nechte p\u016fsobit 1-2 minuty. Set\u0159ete houbou nebo hadrem. Opl\u00e1chn\u011bte vodou nebo projd\u011bte myc\u00ed linkou. Nepou\u017e\u00edvejte na naru\u0161en\u00fd lak nebo po\u0161kr\u00e1ban\u00e9 polykarbon\u00e1tov\u00e9 sv\u011btlomety.<\/p>\n","protected":false},"featured_media":5066,"comment_status":"open","ping_status":"closed","template":"","meta":[],"product_brand":[],"product_cat":[1329],"product_tag":[1394,1393,1395,1392],"class_list":{"0":"post-5063","1":"product","2":"type-product","3":"status-publish","4":"has-post-thumbnail","6":"product_cat-autokosmetika","7":"product_tag-cistic-hmyzu","8":"product_tag-cistic-oken","9":"product_tag-odstraneni-hmyzu","10":"product_tag-odstranovac-hmyzu","12":"first","13":"instock","14":"sale","15":"taxable","16":"shipping-taxable","17":"purchasable","18":"product-type-simple"},"jetpack_sharing_enabled":true,"_links":{"self":[{"href":"https:\/\/etev7e.pef.czu.cz\/zs2223\/wp-json\/wp\/v2\/product\/5063","targetHints":{"allow":["GET"]}}],"collection":[{"href":"https:\/\/etev7e.pef.czu.cz\/zs2223\/wp-json\/wp\/v2\/product"}],"about":[{"href":"https:\/\/etev7e.pef.czu.cz\/zs2223\/wp-json\/wp\/v2\/types\/product"}],"replies":[{"embeddable":true,"href":"https:\/\/etev7e.pef.czu.cz\/zs2223\/wp-json\/wp\/v2\/comments?post=5063"}],"wp:featuredmedia":[{"embeddable":true,"href":"https:\/\/etev7e.pef.czu.cz\/zs2223\/wp-json\/wp\/v2\/media\/5066"}],"wp:attachment":[{"href":"https:\/\/etev7e.pef.czu.cz\/zs2223\/wp-json\/wp\/v2\/media?parent=5063"}],"wp:term":[{"taxonomy":"product_brand","embeddable":true,"href":"https:\/\/etev7e.pef.czu.cz\/zs2223\/wp-json\/wp\/v2\/product_brand?post=5063"},{"taxonomy":"product_cat","embeddable":true,"href":"https:\/\/etev7e.pef.czu.cz\/zs2223\/wp-json\/wp\/v2\/product_cat?post=5063"},{"taxonomy":"product_tag","embeddable":true,"href":"https:\/\/etev7e.pef.czu.cz\/zs2223\/wp-json\/wp\/v2\/product_tag?post=5063"}],"curies":[{"name":"wp","href":"https:\/\/api.w.org\/{rel}","templated":true}]}}