{"id":5068,"date":"2024-11-04T18:43:18","date_gmt":"2024-11-04T17:43:18","guid":{"rendered":"https:\/\/etev7e.pef.czu.cz\/zs2223\/?post_type=product&#038;p=5068"},"modified":"2024-11-04T19:32:35","modified_gmt":"2024-11-04T18:32:35","slug":"cistic-interieru-clean","status":"publish","type":"product","link":"https:\/\/etev7e.pef.czu.cz\/zs2223\/produkt\/cistic-interieru-clean\/","title":{"rendered":"\u010cisti\u010d interi\u00e9ru Clean"},"content":{"rendered":"<p><strong>Clean \u010disti\u010d interi\u00e9ru<\/strong><\/p>\n<p>popis produktu: Tento povrchov\u011b \u00fa\u010dinn\u00fd p\u0159\u00edpravek je navr\u017een pro ochranu a obnovu plastov\u00fdch povrch\u016f v interi\u00e9ru vozidla. O\u017eivuje vybledl\u00e9 barvy, vytv\u00e1\u0159\u00ed ochrann\u00fd film, kter\u00fd zabra\u0148uje usazov\u00e1n\u00ed prachu, a z\u00e1rove\u0148 \u010dist\u00ed, le\u0161t\u00ed a konzervuje povrchy. Ide\u00e1ln\u00ed pro o\u0161et\u0159en\u00ed palubn\u00ed desky a dal\u0161\u00edch plastov\u00fdch prvk\u016f v interi\u00e9ru, zanech\u00e1v\u00e1 povrch sv\u011b\u017e\u00ed a chr\u00e1n\u011bn\u00fd proti UV z\u00e1\u0159en\u00ed a opot\u0159eben\u00ed.<\/p>\n<p><strong>Doporu\u010den\u00fd postup:<\/strong><\/p>\n<ul>\n<li>P\u0159ed pou\u017eit\u00edm p\u0159\u00edpravek d\u016fkladn\u011b prot\u0159epejte.<\/li>\n<li>Aplikujte rovnom\u011brn\u011b na \u010dist\u00fd a such\u00fd povrch plastu v interi\u00e9ru.<\/li>\n<li>Pomoc\u00ed ut\u011brky z mikrovl\u00e1kna jemn\u011b rozet\u0159ete po povrchu.<\/li>\n<li>Nechte zaschnout a n\u00e1sledn\u011b povrch p\u0159ele\u0161t\u011bte \u010distou ut\u011brkou pro dosa\u017een\u00ed dokonal\u00e9ho lesku.<\/li>\n<\/ul>\n<p>Objem: 400 ml.<\/p>\n","protected":false},"excerpt":{"rendered":"<p>Clean \u010disti\u010d interi\u00e9ru popis produktu: Tento povrchov\u011b \u00fa\u010dinn\u00fd p\u0159\u00edpravek je navr\u017een pro ochranu a obnovu plastov\u00fdch povrch\u016f v interi\u00e9ru vozidla. O\u017eivuje vybledl\u00e9 barvy, vytv\u00e1\u0159\u00ed ochrann\u00fd film, kter\u00fd zabra\u0148uje usazov\u00e1n\u00ed prachu, a z\u00e1rove\u0148 \u010dist\u00ed, le\u0161t\u00ed a konzervuje povrchy. Ide\u00e1ln\u00ed pro o\u0161et\u0159en\u00ed palubn\u00ed desky a dal\u0161\u00edch plastov\u00fdch prvk\u016f v interi\u00e9ru, zanech\u00e1v\u00e1 povrch sv\u011b\u017e\u00ed a chr\u00e1n\u011bn\u00fd proti UV [&hellip;]<\/p>\n","protected":false},"featured_media":5071,"comment_status":"open","ping_status":"closed","template":"","meta":[],"product_brand":[],"product_cat":[1329],"product_tag":[1398,1399,1400],"class_list":{"0":"post-5068","1":"product","2":"type-product","3":"status-publish","4":"has-post-thumbnail","6":"product_cat-autokosmetika","7":"product_tag-cistic-interieru","8":"product_tag-detailing","9":"product_tag-palubni-deska","11":"first","12":"instock","13":"sale","14":"taxable","15":"shipping-taxable","16":"purchasable","17":"product-type-simple"},"jetpack_sharing_enabled":true,"_links":{"self":[{"href":"https:\/\/etev7e.pef.czu.cz\/zs2223\/wp-json\/wp\/v2\/product\/5068","targetHints":{"allow":["GET"]}}],"collection":[{"href":"https:\/\/etev7e.pef.czu.cz\/zs2223\/wp-json\/wp\/v2\/product"}],"about":[{"href":"https:\/\/etev7e.pef.czu.cz\/zs2223\/wp-json\/wp\/v2\/types\/product"}],"replies":[{"embeddable":true,"href":"https:\/\/etev7e.pef.czu.cz\/zs2223\/wp-json\/wp\/v2\/comments?post=5068"}],"wp:featuredmedia":[{"embeddable":true,"href":"https:\/\/etev7e.pef.czu.cz\/zs2223\/wp-json\/wp\/v2\/media\/5071"}],"wp:attachment":[{"href":"https:\/\/etev7e.pef.czu.cz\/zs2223\/wp-json\/wp\/v2\/media?parent=5068"}],"wp:term":[{"taxonomy":"product_brand","embeddable":true,"href":"https:\/\/etev7e.pef.czu.cz\/zs2223\/wp-json\/wp\/v2\/product_brand?post=5068"},{"taxonomy":"product_cat","embeddable":true,"href":"https:\/\/etev7e.pef.czu.cz\/zs2223\/wp-json\/wp\/v2\/product_cat?post=5068"},{"taxonomy":"product_tag","embeddable":true,"href":"https:\/\/etev7e.pef.czu.cz\/zs2223\/wp-json\/wp\/v2\/product_tag?post=5068"}],"curies":[{"name":"wp","href":"https:\/\/api.w.org\/{rel}","templated":true}]}}