{"id":5073,"date":"2024-11-04T18:47:41","date_gmt":"2024-11-04T17:47:41","guid":{"rendered":"https:\/\/etev7e.pef.czu.cz\/zs2223\/?post_type=product&#038;p=5073"},"modified":"2024-11-04T18:47:41","modified_gmt":"2024-11-04T17:47:41","slug":"strongbow-gold-apple","status":"publish","type":"product","link":"https:\/\/etev7e.pef.czu.cz\/zs2223\/produkt\/strongbow-gold-apple\/","title":{"rendered":"Strongbow Gold Apple"},"content":{"rendered":"<p>Strongbow Gold Apple je ikonick\u00fd cider zn\u00e1m\u00fd svou jemnou a vyv\u00e1\u017eenou chut\u00ed. Vyr\u00e1b\u00ed se z kvalitn\u00edch zral\u00fdch jablek, kter\u00e1 dod\u00e1vaj\u00ed cideru jeho typickou sv\u011b\u017eest a m\u00edrn\u011b kysel\u00fd profil. Ide\u00e1ln\u00ed volba pro ty, kte\u0159\u00ed hledaj\u00ed osv\u011b\u017euj\u00edc\u00ed a lehk\u00fd n\u00e1poj s n\u00e1dechem jablek, kter\u00fd z\u00e1rove\u0148 nab\u00edz\u00ed \u0161umiv\u00fd pocit na jazyku. Strongbow Gold Apple je v \u010cesku obl\u00edben\u00fd d\u00edky sv\u00e9 univerz\u00e1ln\u00ed chuti, kter\u00e1 skv\u011ble dopl\u0148uje j\u00eddla i samostatn\u00e9 pop\u00edjen\u00ed.<\/p>\n<p><strong>Slo\u017een\u00ed produktu<\/strong>:\u00a0Voda; Jable\u010dn\u00e1 \u0161\u0165\u00e1va z koncentr\u00e1tu; Tekut\u00fd cukr; Barvivo: karamel; Regul\u00e1tor kyselosti: kyselina jable\u010dn\u00e1; Oxid uhli\u010dit\u00fd; Antioxidant: <strong>disi\u0159i\u010ditan draseln\u00fd<\/strong>; P\u0159\u00edrodn\u00ed jable\u010dn\u00e9 aroma<\/p>\n<p><strong>Alergeny<\/strong>:\u00a0Oxid si\u0159i\u010dit\u00fd\/si\u0159i\u010ditany<\/p>\n<p><strong>V\u00fd\u017eivov\u00e9 hodnoty (na 100 ml)<\/strong>:\u00a0Kalorie 158 kcal, Tuky 0 g, Sacharidy 16 g, B\u00edlkoviny 0 g<\/p>\n<p><strong>V\u00fdrobce<\/strong>:\u00a0Heineken UK<\/p>\n<p><strong>Zem\u011b p\u016fvodu<\/strong>:\u00a0Velk\u00e1 Brit\u00e1nie<\/p>\n","protected":false},"excerpt":{"rendered":"<p>Strongbow Gold Apple je osv\u011b\u017euj\u00edc\u00ed cider z kvalitn\u00edch jablek, s vyv\u00e1\u017eenou chut\u00ed a jemnou kyselost\u00ed. Obl\u00edben\u00fd v \u010cesku pro svou univerz\u00e1lnost, hod\u00ed se k j\u00eddlu i samostatn\u00e9mu pop\u00edjen\u00ed.<\/p>\n","protected":false},"featured_media":5075,"comment_status":"open","ping_status":"closed","template":"","meta":[],"product_brand":[],"product_cat":[1390],"product_tag":[183,1396,1403,1404],"class_list":{"0":"post-5073","1":"product","2":"type-product","3":"status-publish","4":"has-post-thumbnail","6":"product_cat-cidery","7":"product_tag-alkoholicke-napoje","8":"product_tag-jablecny-cider","9":"product_tag-letni-napoj","10":"product_tag-ovocne-napoje","12":"first","13":"instock","14":"sale","15":"taxable","16":"shipping-taxable","17":"purchasable","18":"product-type-simple"},"jetpack_sharing_enabled":true,"_links":{"self":[{"href":"https:\/\/etev7e.pef.czu.cz\/zs2223\/wp-json\/wp\/v2\/product\/5073","targetHints":{"allow":["GET"]}}],"collection":[{"href":"https:\/\/etev7e.pef.czu.cz\/zs2223\/wp-json\/wp\/v2\/product"}],"about":[{"href":"https:\/\/etev7e.pef.czu.cz\/zs2223\/wp-json\/wp\/v2\/types\/product"}],"replies":[{"embeddable":true,"href":"https:\/\/etev7e.pef.czu.cz\/zs2223\/wp-json\/wp\/v2\/comments?post=5073"}],"wp:featuredmedia":[{"embeddable":true,"href":"https:\/\/etev7e.pef.czu.cz\/zs2223\/wp-json\/wp\/v2\/media\/5075"}],"wp:attachment":[{"href":"https:\/\/etev7e.pef.czu.cz\/zs2223\/wp-json\/wp\/v2\/media?parent=5073"}],"wp:term":[{"taxonomy":"product_brand","embeddable":true,"href":"https:\/\/etev7e.pef.czu.cz\/zs2223\/wp-json\/wp\/v2\/product_brand?post=5073"},{"taxonomy":"product_cat","embeddable":true,"href":"https:\/\/etev7e.pef.czu.cz\/zs2223\/wp-json\/wp\/v2\/product_cat?post=5073"},{"taxonomy":"product_tag","embeddable":true,"href":"https:\/\/etev7e.pef.czu.cz\/zs2223\/wp-json\/wp\/v2\/product_tag?post=5073"}],"curies":[{"name":"wp","href":"https:\/\/api.w.org\/{rel}","templated":true}]}}