{"id":5076,"date":"2024-11-04T18:52:01","date_gmt":"2024-11-04T17:52:01","guid":{"rendered":"https:\/\/etev7e.pef.czu.cz\/zs2223\/?post_type=product&#038;p=5076"},"modified":"2024-11-04T18:52:01","modified_gmt":"2024-11-04T17:52:01","slug":"carling-british-cider","status":"publish","type":"product","link":"https:\/\/etev7e.pef.czu.cz\/zs2223\/produkt\/carling-british-cider\/","title":{"rendered":"Carling British Cider"},"content":{"rendered":"<p>Carling British Cider je inspirov\u00e1n tradi\u010dn\u00edmi britsk\u00fdmi recepturami na cider. S p\u0159\u00edjemnou jable\u010dnou sladkost\u00ed a st\u0159edn\u00ed kyselost\u00ed nab\u00edz\u00ed autentick\u00fd z\u00e1\u017eitek britsk\u00e9ho cideru. D\u00edky sv\u00e9 vyv\u00e1\u017een\u00e9 chuti je vhodn\u00fd k \u0161irok\u00e9 \u0161k\u00e1le pokrm\u016f, ale ocen\u00ed ho i milovn\u00edci cider\u016f jako osv\u011b\u017euj\u00edc\u00ed n\u00e1poj samostatn\u011b. Tento cider je charakteristick\u00fd m\u00edrn\u011b su\u0161\u0161\u00edm z\u00e1v\u011brem, kter\u00fd d\u00e1v\u00e1 vyniknout p\u0159\u00edrodn\u00ed chuti jablek.<\/p>\n<p>Slo\u017een\u00ed produktu: zkva\u0161en\u00e1 jable\u010dn\u00e1 \u0161\u0165\u00e1va z koncentr\u00e1tu, gluk\u00f3za, vina\u0159sk\u00e9 kvasnice, frukt\u00f3za, kyselina jable\u010dn\u00e1, jable\u010dn\u00e9 a vinn\u00e9 aroma, karamel, <strong>oxid uhli\u010dit\u00fd, oxid si\u0159i\u010dit\u00fd<\/strong>, sorban draseln\u00fd<\/p>\n<p><strong>Alergeny<\/strong>:\u00a0Oxid si\u0159i\u010dit\u00fd\/si\u0159i\u010ditany<\/p>\n<p>V\u00fd\u017eivov\u00e9 hodnoty (na 100 ml): Kalorie 165 kcal, Tuky 0 g, Sacharidy 15 g, B\u00edlkoviny 0 g<\/p>\n<p>V\u00fdrobce: Molson Coors<\/p>\n<p>Zem\u011b p\u016fvodu: Velk\u00e1 Brit\u00e1nie<\/p>\n","protected":false},"excerpt":{"rendered":"<p>Carling British Cider nab\u00edz\u00ed autentickou jable\u010dnou sladkost a st\u0159edn\u00ed kyselost inspirovanou britsk\u00fdmi recepturami. D\u00edky vyv\u00e1\u017een\u00e9 chuti je vhodn\u00fd k j\u00eddlu i jako osv\u011b\u017euj\u00edc\u00ed n\u00e1poj.<\/p>\n","protected":false},"featured_media":5078,"comment_status":"open","ping_status":"closed","template":"","meta":[],"product_brand":[],"product_cat":[1390],"product_tag":[183,1408,1396],"class_list":{"0":"post-5076","1":"product","2":"type-product","3":"status-publish","4":"has-post-thumbnail","6":"product_cat-cidery","7":"product_tag-alkoholicke-napoje","8":"product_tag-britsky-cider","9":"product_tag-jablecny-cider","11":"first","12":"instock","13":"sale","14":"taxable","15":"shipping-taxable","16":"purchasable","17":"product-type-simple"},"jetpack_sharing_enabled":true,"_links":{"self":[{"href":"https:\/\/etev7e.pef.czu.cz\/zs2223\/wp-json\/wp\/v2\/product\/5076","targetHints":{"allow":["GET"]}}],"collection":[{"href":"https:\/\/etev7e.pef.czu.cz\/zs2223\/wp-json\/wp\/v2\/product"}],"about":[{"href":"https:\/\/etev7e.pef.czu.cz\/zs2223\/wp-json\/wp\/v2\/types\/product"}],"replies":[{"embeddable":true,"href":"https:\/\/etev7e.pef.czu.cz\/zs2223\/wp-json\/wp\/v2\/comments?post=5076"}],"wp:featuredmedia":[{"embeddable":true,"href":"https:\/\/etev7e.pef.czu.cz\/zs2223\/wp-json\/wp\/v2\/media\/5078"}],"wp:attachment":[{"href":"https:\/\/etev7e.pef.czu.cz\/zs2223\/wp-json\/wp\/v2\/media?parent=5076"}],"wp:term":[{"taxonomy":"product_brand","embeddable":true,"href":"https:\/\/etev7e.pef.czu.cz\/zs2223\/wp-json\/wp\/v2\/product_brand?post=5076"},{"taxonomy":"product_cat","embeddable":true,"href":"https:\/\/etev7e.pef.czu.cz\/zs2223\/wp-json\/wp\/v2\/product_cat?post=5076"},{"taxonomy":"product_tag","embeddable":true,"href":"https:\/\/etev7e.pef.czu.cz\/zs2223\/wp-json\/wp\/v2\/product_tag?post=5076"}],"curies":[{"name":"wp","href":"https:\/\/api.w.org\/{rel}","templated":true}]}}