{"id":5079,"date":"2024-11-04T18:56:31","date_gmt":"2024-11-04T17:56:31","guid":{"rendered":"https:\/\/etev7e.pef.czu.cz\/zs2223\/?post_type=product&#038;p=5079"},"modified":"2024-11-12T18:47:11","modified_gmt":"2024-11-12T17:47:11","slug":"frisco-mango-a-limentka","status":"publish","type":"product","link":"https:\/\/etev7e.pef.czu.cz\/zs2223\/produkt\/frisco-mango-a-limentka\/","title":{"rendered":"Frisco Mango a Limentka"},"content":{"rendered":"<p>Frisco Mango a Limetka je dokonal\u00fdm spojen\u00edm exotick\u00e9ho manga a sv\u011b\u017e\u00ed limetky. Tento n\u00e1poj nab\u00edz\u00ed harmonickou kombinaci sladkosti a kyselosti a je ide\u00e1ln\u00ed pro osv\u011b\u017een\u00ed v hork\u00fdch letn\u00edch dnech nebo jako zpest\u0159en\u00ed ka\u017ed\u00e9 p\u00e1rty.<\/p>\n<p><strong>Slo\u017een\u00ed produktu<\/strong>: Voda, Gluk\u00f3zov\u00fd sirup, Zkva\u0161en\u00e1 jable\u010dn\u00e1 \u0161\u0165\u00e1va z koncentr\u00e1tu, Cukr, Oxid uhli\u010dit\u00fd, P\u0159\u00edrodn\u00ed aromata, Kyselina: kyselina citr\u00f3nov\u00e1, Mangov\u00e1 \u0161\u0165\u00e1va z koncentr\u00e1tu 0, 1%, Antioxidant: kyselina askorbov\u00e1, Limetkov\u00e1 \u0161\u0165\u00e1va z koncentr\u00e1tu 0, 1%, Barvivo: beta-karoten<\/p>\n<p><strong>Alergeny<\/strong>: Neobsahuje alergeny. Bez lepku.<\/p>\n<p><strong>V\u00fd\u017eivov\u00e9 hodnoty (na 100 ml)<\/strong>:\u00a0Kalorie 48 kcal, Tuky 0 g, Sacharidy 4,9 g, B\u00edlkoviny 0 g, s\u016fl 0,02 g<\/p>\n<p><strong>V\u00fdrobce<\/strong>:\u00a0Plze\u0148sk\u00fd Prazdroj, a.s.<\/p>\n<p><strong>Zem\u011b p\u016fvodu<\/strong>:\u00a0\u010cesk\u00e1 republika<\/p>\n","protected":false},"excerpt":{"rendered":"<p>Frisco Mango a Limetka kombinuje sladkost manga se sv\u011b\u017eest\u00ed limetky a je ide\u00e1ln\u00ed pro letn\u00ed osv\u011b\u017een\u00ed nebo p\u00e1rty.<\/p>\n","protected":false},"featured_media":5081,"comment_status":"open","ping_status":"closed","template":"","meta":[],"product_brand":[],"product_cat":[1390],"product_tag":[183,182,1410,1409,1402],"class_list":{"0":"post-5079","1":"product","2":"type-product","3":"status-publish","4":"has-post-thumbnail","6":"product_cat-cidery","7":"product_tag-alkoholicke-napoje","8":"product_tag-cider","9":"product_tag-limetka","10":"product_tag-mango","11":"product_tag-ovocny-cider","13":"first","14":"instock","15":"sale","16":"taxable","17":"shipping-taxable","18":"purchasable","19":"product-type-simple"},"jetpack_sharing_enabled":true,"_links":{"self":[{"href":"https:\/\/etev7e.pef.czu.cz\/zs2223\/wp-json\/wp\/v2\/product\/5079","targetHints":{"allow":["GET"]}}],"collection":[{"href":"https:\/\/etev7e.pef.czu.cz\/zs2223\/wp-json\/wp\/v2\/product"}],"about":[{"href":"https:\/\/etev7e.pef.czu.cz\/zs2223\/wp-json\/wp\/v2\/types\/product"}],"replies":[{"embeddable":true,"href":"https:\/\/etev7e.pef.czu.cz\/zs2223\/wp-json\/wp\/v2\/comments?post=5079"}],"wp:featuredmedia":[{"embeddable":true,"href":"https:\/\/etev7e.pef.czu.cz\/zs2223\/wp-json\/wp\/v2\/media\/5081"}],"wp:attachment":[{"href":"https:\/\/etev7e.pef.czu.cz\/zs2223\/wp-json\/wp\/v2\/media?parent=5079"}],"wp:term":[{"taxonomy":"product_brand","embeddable":true,"href":"https:\/\/etev7e.pef.czu.cz\/zs2223\/wp-json\/wp\/v2\/product_brand?post=5079"},{"taxonomy":"product_cat","embeddable":true,"href":"https:\/\/etev7e.pef.czu.cz\/zs2223\/wp-json\/wp\/v2\/product_cat?post=5079"},{"taxonomy":"product_tag","embeddable":true,"href":"https:\/\/etev7e.pef.czu.cz\/zs2223\/wp-json\/wp\/v2\/product_tag?post=5079"}],"curies":[{"name":"wp","href":"https:\/\/api.w.org\/{rel}","templated":true}]}}