{"id":5080,"date":"2024-11-04T18:59:06","date_gmt":"2024-11-04T17:59:06","guid":{"rendered":"https:\/\/etev7e.pef.czu.cz\/zs2223\/?post_type=product&#038;p=5080"},"modified":"2024-11-04T19:47:00","modified_gmt":"2024-11-04T18:47:00","slug":"cistici-ubrousky-na-kozeny-povrch-w5","status":"publish","type":"product","link":"https:\/\/etev7e.pef.czu.cz\/zs2223\/produkt\/cistici-ubrousky-na-kozeny-povrch-w5\/","title":{"rendered":"\u010cistic\u00ed ubrousky na ko\u017een\u00fd povrch W5"},"content":{"rendered":"<p><strong>W5 carcare \u010distic\u00ed ubrousky na ko\u017een\u00fd povrch<\/strong><\/p>\n<p>popis produktu: Ubrousky W5 slou\u017e\u00ed k\u00a0\u010di\u0161t\u011bn\u00ed, odma\u0161\u0165ov\u00e1n\u00ed a o\u0161et\u0159en\u00ed ko\u017een\u00fdch povrch\u016f. O\u0161et\u0159en\u00edm ko\u017een\u00e9 plochy nedoch\u00e1z\u00ed k\u00a0jej\u00edmu st\u00e1rnut\u00ed a z\u00edsk\u00e1v\u00e1 v\u00edce ochrany a nov\u00fd vzhled. Po vyta\u017een\u00ed z\u00a0obalu sta\u010d\u00ed pou\u017e\u00edt na o\u0161et\u0159ovan\u00e9 m\u00edsto, snadno uzav\u00edrateln\u00fd obal. Povrch po aplikaci nezanech\u00e1v\u00e1 \u0161mouhy, \u0161etrn\u00fd ke k\u016f\u017ei, jednoduch\u00e1 aplikace. Mo\u017en\u00e9 pou\u017eit\u00ed na v\u0161echny druhy k\u016f\u017ee.<\/p>\n<p>Balen\u00ed obsahuje 25 kus\u016f.<\/p>\n","protected":false},"excerpt":{"rendered":"<p>W5 carcare \u010distic\u00ed ubrousky na ko\u017een\u00fd povrch popis produktu: Ubrousky W5 slou\u017e\u00ed k\u00a0\u010di\u0161t\u011bn\u00ed, odma\u0161\u0165ov\u00e1n\u00ed a o\u0161et\u0159en\u00ed ko\u017een\u00fdch povrch\u016f. O\u0161et\u0159en\u00edm ko\u017een\u00e9 plochy nedoch\u00e1z\u00ed k\u00a0jej\u00edmu st\u00e1rnut\u00ed a z\u00edsk\u00e1v\u00e1 v\u00edce ochrany a nov\u00fd vzhled. Po vyta\u017een\u00ed z\u00a0obalu sta\u010d\u00ed pou\u017e\u00edt na o\u0161et\u0159ovan\u00e9 m\u00edsto, snadno uzav\u00edrateln\u00fd obal. Povrch po aplikaci nezanech\u00e1v\u00e1 \u0161mouhy, \u0161etrn\u00fd ke k\u016f\u017ei, jednoduch\u00e1 aplikace. Mo\u017en\u00e9 pou\u017eit\u00ed na [&hellip;]<\/p>\n","protected":false},"featured_media":5082,"comment_status":"open","ping_status":"closed","template":"","meta":[],"product_brand":[],"product_cat":[1329],"product_tag":[1411,1399,1412,1413],"class_list":{"0":"post-5080","1":"product","2":"type-product","3":"status-publish","4":"has-post-thumbnail","6":"product_cat-autokosmetika","7":"product_tag-cistici-ubrousky","8":"product_tag-detailing","9":"product_tag-kozeny-povrch","10":"product_tag-na-kuzi","12":"first","13":"instock","14":"sale","15":"taxable","16":"shipping-taxable","17":"purchasable","18":"product-type-simple"},"jetpack_sharing_enabled":true,"_links":{"self":[{"href":"https:\/\/etev7e.pef.czu.cz\/zs2223\/wp-json\/wp\/v2\/product\/5080","targetHints":{"allow":["GET"]}}],"collection":[{"href":"https:\/\/etev7e.pef.czu.cz\/zs2223\/wp-json\/wp\/v2\/product"}],"about":[{"href":"https:\/\/etev7e.pef.czu.cz\/zs2223\/wp-json\/wp\/v2\/types\/product"}],"replies":[{"embeddable":true,"href":"https:\/\/etev7e.pef.czu.cz\/zs2223\/wp-json\/wp\/v2\/comments?post=5080"}],"wp:featuredmedia":[{"embeddable":true,"href":"https:\/\/etev7e.pef.czu.cz\/zs2223\/wp-json\/wp\/v2\/media\/5082"}],"wp:attachment":[{"href":"https:\/\/etev7e.pef.czu.cz\/zs2223\/wp-json\/wp\/v2\/media?parent=5080"}],"wp:term":[{"taxonomy":"product_brand","embeddable":true,"href":"https:\/\/etev7e.pef.czu.cz\/zs2223\/wp-json\/wp\/v2\/product_brand?post=5080"},{"taxonomy":"product_cat","embeddable":true,"href":"https:\/\/etev7e.pef.czu.cz\/zs2223\/wp-json\/wp\/v2\/product_cat?post=5080"},{"taxonomy":"product_tag","embeddable":true,"href":"https:\/\/etev7e.pef.czu.cz\/zs2223\/wp-json\/wp\/v2\/product_tag?post=5080"}],"curies":[{"name":"wp","href":"https:\/\/api.w.org\/{rel}","templated":true}]}}