{"id":5090,"date":"2024-11-04T21:02:52","date_gmt":"2024-11-04T20:02:52","guid":{"rendered":"https:\/\/etev7e.pef.czu.cz\/zs2223\/?post_type=product&#038;p=5090"},"modified":"2024-11-04T21:13:04","modified_gmt":"2024-11-04T20:13:04","slug":"tassimo-lor-cafe-lungo-brazil-kapsle-16ks","status":"publish","type":"product","link":"https:\/\/etev7e.pef.czu.cz\/zs2223\/produkt\/tassimo-lor-cafe-lungo-brazil-kapsle-16ks\/","title":{"rendered":"Tassimo L&#8217;OR Caf\u00e9 Lungo Brazil kapsle 16ks"},"content":{"rendered":"<p>Snoub\u00ed se v n\u00ed\u00a0pln\u00e1, aromatick\u00e1, p\u0159\u00edjemn\u011b nakysl\u00e1 a lehce naho\u0159kl\u00e1 chu\u0165. Je ide\u00e1ln\u00ed pro p\u0159\u00edpravu espressa s hustou a kr\u00e9movou p\u011bnou. K\u00e1va s ovocn\u00fdmi, lehce o\u0159\u00ed\u0161kov\u00fdmi t\u00f3ny sko\u0159icov\u00e9 barvy. Intenzita: 6 \u2013 st\u0159edn\u011b siln\u00e1. Doporu\u010den\u00e9 d\u00e1vkov\u00e1n\u00ed: 120 ml<\/p>\n<p><b>Hmotnost\/rozm\u011bry\u00a0<\/b>16 ks<\/p>\n<p><b>Komplementy\u00a0<\/b>kapslov\u00fd k\u00e1vovar, cukr, z\u00e1sobn\u00edk na kapsle<\/p>\n<p><b>Substituty\u00a0<\/b>Tassimo L&#8217;OR Caf\u00e9 Lungo Profondo kapsle 16ks<b><\/b><\/p>\n<p><b>Varianty:\u00a0<\/b>16 ks, 32 ks<\/p>\n<p><b>Typ k\u00e1vovaru:\u00a0<\/b>Bosch Tassimo<\/p>\n","protected":false},"excerpt":{"rendered":"<p>K\u00e1va s ovocn\u00fdmi, lehce o\u0159\u00ed\u0161kov\u00fdmi t\u00f3ny sko\u0159icov\u00e9 barvy. Intenzita: 6 \u2013 st\u0159edn\u011b siln\u00e1. Doporu\u010den\u00e9 d\u00e1vkov\u00e1n\u00ed: 120 ml<\/p>\n","protected":false},"featured_media":5115,"comment_status":"open","ping_status":"closed","template":"","meta":[],"product_brand":[],"product_cat":[1414],"product_tag":[1423,1416,1418],"class_list":{"0":"post-5090","1":"product","2":"type-product","3":"status-publish","4":"has-post-thumbnail","6":"product_cat-kavove-kapsle","7":"product_tag-bosch-tassimo","8":"product_tag-kavove-kapsle","9":"product_tag-lungo","11":"first","12":"instock","13":"sale","14":"taxable","15":"shipping-taxable","16":"purchasable","17":"product-type-simple"},"jetpack_sharing_enabled":true,"_links":{"self":[{"href":"https:\/\/etev7e.pef.czu.cz\/zs2223\/wp-json\/wp\/v2\/product\/5090","targetHints":{"allow":["GET"]}}],"collection":[{"href":"https:\/\/etev7e.pef.czu.cz\/zs2223\/wp-json\/wp\/v2\/product"}],"about":[{"href":"https:\/\/etev7e.pef.czu.cz\/zs2223\/wp-json\/wp\/v2\/types\/product"}],"replies":[{"embeddable":true,"href":"https:\/\/etev7e.pef.czu.cz\/zs2223\/wp-json\/wp\/v2\/comments?post=5090"}],"wp:featuredmedia":[{"embeddable":true,"href":"https:\/\/etev7e.pef.czu.cz\/zs2223\/wp-json\/wp\/v2\/media\/5115"}],"wp:attachment":[{"href":"https:\/\/etev7e.pef.czu.cz\/zs2223\/wp-json\/wp\/v2\/media?parent=5090"}],"wp:term":[{"taxonomy":"product_brand","embeddable":true,"href":"https:\/\/etev7e.pef.czu.cz\/zs2223\/wp-json\/wp\/v2\/product_brand?post=5090"},{"taxonomy":"product_cat","embeddable":true,"href":"https:\/\/etev7e.pef.czu.cz\/zs2223\/wp-json\/wp\/v2\/product_cat?post=5090"},{"taxonomy":"product_tag","embeddable":true,"href":"https:\/\/etev7e.pef.czu.cz\/zs2223\/wp-json\/wp\/v2\/product_tag?post=5090"}],"curies":[{"name":"wp","href":"https:\/\/api.w.org\/{rel}","templated":true}]}}