{"id":5091,"date":"2024-11-04T21:19:58","date_gmt":"2024-11-04T20:19:58","guid":{"rendered":"https:\/\/etev7e.pef.czu.cz\/zs2223\/?post_type=product&#038;p=5091"},"modified":"2024-11-04T21:19:58","modified_gmt":"2024-11-04T20:19:58","slug":"costa-coffee-do-nespresso-signature-blend-lungo-10ks","status":"publish","type":"product","link":"https:\/\/etev7e.pef.czu.cz\/zs2223\/produkt\/costa-coffee-do-nespresso-signature-blend-lungo-10ks\/","title":{"rendered":"Costa Coffee Do Nespresso Signature Blend Lungo 10ks"},"content":{"rendered":"<p>Vhodn\u00e1 pro Lungo s t\u00f3ny karamelu a o\u0159ech\u016f. V kombinaci s ml\u00e9kem dod\u00e1 v\u00fdraznou chu\u0165 su\u0161enek. Ide\u00e1ln\u00ed sm\u011bs pro ka\u017ed\u00fd den. 100% mlet\u00e1 k\u00e1va, 40 % arabica, 60 % robusta; intenzita 7\/12<\/p>\n<p><b>Hmotnost\/rozm\u011bry\u00a0<\/b>hlin\u00edkov\u00e9 kapsle 10 ks<\/p>\n<p><b>Komplementy\u00a0<\/b>kapslov\u00fd k\u00e1vovar, cukr, z\u00e1sobn\u00edk na kapsle<\/p>\n<p><b>Substituty\u00a0<\/b>Nespresso Original Kahawa ya Congo Organic, Nespresso Original India<b><\/b><\/p>\n<p><b>Varianty:\u00a0<\/b>&#8211;<\/p>\n<p><b>Typ k\u00e1vovaru:<\/b>\u00a0Nespresso Original<\/p>\n","protected":false},"excerpt":{"rendered":"<p>Vhodn\u00e1 pro Lungo s t\u00f3ny karamelu a o\u0159ech\u016f. 100% mlet\u00e1 k\u00e1va, 40 % arabica, 60 % robusta; intenzita 7\/12.<\/p>\n","protected":false},"featured_media":5116,"comment_status":"open","ping_status":"closed","template":"","meta":[],"product_brand":[],"product_cat":[1414],"product_tag":[1416,1418,1429],"class_list":{"0":"post-5091","1":"product","2":"type-product","3":"status-publish","4":"has-post-thumbnail","6":"product_cat-kavove-kapsle","7":"product_tag-kavove-kapsle","8":"product_tag-lungo","9":"product_tag-nespresso-original","11":"first","12":"instock","13":"sale","14":"taxable","15":"shipping-taxable","16":"purchasable","17":"product-type-simple"},"jetpack_sharing_enabled":true,"_links":{"self":[{"href":"https:\/\/etev7e.pef.czu.cz\/zs2223\/wp-json\/wp\/v2\/product\/5091","targetHints":{"allow":["GET"]}}],"collection":[{"href":"https:\/\/etev7e.pef.czu.cz\/zs2223\/wp-json\/wp\/v2\/product"}],"about":[{"href":"https:\/\/etev7e.pef.czu.cz\/zs2223\/wp-json\/wp\/v2\/types\/product"}],"replies":[{"embeddable":true,"href":"https:\/\/etev7e.pef.czu.cz\/zs2223\/wp-json\/wp\/v2\/comments?post=5091"}],"wp:featuredmedia":[{"embeddable":true,"href":"https:\/\/etev7e.pef.czu.cz\/zs2223\/wp-json\/wp\/v2\/media\/5116"}],"wp:attachment":[{"href":"https:\/\/etev7e.pef.czu.cz\/zs2223\/wp-json\/wp\/v2\/media?parent=5091"}],"wp:term":[{"taxonomy":"product_brand","embeddable":true,"href":"https:\/\/etev7e.pef.czu.cz\/zs2223\/wp-json\/wp\/v2\/product_brand?post=5091"},{"taxonomy":"product_cat","embeddable":true,"href":"https:\/\/etev7e.pef.czu.cz\/zs2223\/wp-json\/wp\/v2\/product_cat?post=5091"},{"taxonomy":"product_tag","embeddable":true,"href":"https:\/\/etev7e.pef.czu.cz\/zs2223\/wp-json\/wp\/v2\/product_tag?post=5091"}],"curies":[{"name":"wp","href":"https:\/\/api.w.org\/{rel}","templated":true}]}}