{"id":5092,"date":"2024-11-04T21:25:24","date_gmt":"2024-11-04T20:25:24","guid":{"rendered":"https:\/\/etev7e.pef.czu.cz\/zs2223\/?post_type=product&#038;p=5092"},"modified":"2024-11-04T21:25:24","modified_gmt":"2024-11-04T20:25:24","slug":"lor-lungo-intense-kavove-kapsle-do-nespresso-professional-50ks","status":"publish","type":"product","link":"https:\/\/etev7e.pef.czu.cz\/zs2223\/produkt\/lor-lungo-intense-kavove-kapsle-do-nespresso-professional-50ks\/","title":{"rendered":"L\u2018OR Lungo Intense k\u00e1vov\u00e9 kapsle do Nespresso Professional 50ks"},"content":{"rendered":"<p>Aromatick\u00e1 a osv\u011b\u017euj\u00edc\u00ed k\u00e1va. Certifikace Rainforest Alliance. Zachov\u00e1n\u00ed aroma a \u010derstvosti ka\u017ed\u00e9ho \u0161\u00e1lku k\u00e1vy d\u00edky hermeticky uzav\u0159en\u00fdm hlin\u00edkov\u00fdm kapsl\u00edm. Kapsle kompatibiln\u00ed s profesion\u00e1ln\u00edmi k\u00e1vovary Nespresso. Ide\u00e1ln\u00ed pro k\u00e1vu espresso. 100 % arabica, intenzita 5\/10.<\/p>\n<p><b>Hmotnost\/rozm\u011bry\u00a0<\/b>hlin\u00edkov\u00e9 kapsle 50 ks<\/p>\n<p><b>Komplementy\u00a0<\/b>kapslov\u00fd k\u00e1vovar, cukr, z\u00e1sobn\u00edk na kapsle<\/p>\n<p><b>Substituty\u00a0<\/b>Nespresso Professional Indonesia Box 50 ks, Nespresso Professional Brazil Organic Box 50 ks<b><\/b><\/p>\n<p><b>Varianty:\u00a0<\/b>50 ks, 100 ks<\/p>\n<p><b>Typ k\u00e1vovaru:\u00a0<\/b><span lang=\"en-gb\" xml:lang=\"en-gb\"><a href=\"https:\/\/www.nejkafe.cz\/kavove-kapsle-l-or-do-nespresso-professional\/\"><span lang=\"cs\" xml:lang=\"cs\">Nespresso\u00ae Professional<\/span><\/a><\/span><\/p>\n","protected":false},"excerpt":{"rendered":"<p>Kapsle kompatibiln\u00ed s profesion\u00e1ln\u00edmi k\u00e1vovary Nespresso. Ide\u00e1ln\u00ed pro k\u00e1vu espresso. 100 % arabica, intenzita 5\/10.<\/p>\n","protected":false},"featured_media":5118,"comment_status":"open","ping_status":"closed","template":"","meta":[],"product_brand":[],"product_cat":[1414],"product_tag":[1416,1418,1430],"class_list":{"0":"post-5092","1":"product","2":"type-product","3":"status-publish","4":"has-post-thumbnail","6":"product_cat-kavove-kapsle","7":"product_tag-kavove-kapsle","8":"product_tag-lungo","9":"product_tag-nespresso-professional","11":"first","12":"instock","13":"sale","14":"taxable","15":"shipping-taxable","16":"purchasable","17":"product-type-simple"},"jetpack_sharing_enabled":true,"_links":{"self":[{"href":"https:\/\/etev7e.pef.czu.cz\/zs2223\/wp-json\/wp\/v2\/product\/5092","targetHints":{"allow":["GET"]}}],"collection":[{"href":"https:\/\/etev7e.pef.czu.cz\/zs2223\/wp-json\/wp\/v2\/product"}],"about":[{"href":"https:\/\/etev7e.pef.czu.cz\/zs2223\/wp-json\/wp\/v2\/types\/product"}],"replies":[{"embeddable":true,"href":"https:\/\/etev7e.pef.czu.cz\/zs2223\/wp-json\/wp\/v2\/comments?post=5092"}],"wp:featuredmedia":[{"embeddable":true,"href":"https:\/\/etev7e.pef.czu.cz\/zs2223\/wp-json\/wp\/v2\/media\/5118"}],"wp:attachment":[{"href":"https:\/\/etev7e.pef.czu.cz\/zs2223\/wp-json\/wp\/v2\/media?parent=5092"}],"wp:term":[{"taxonomy":"product_brand","embeddable":true,"href":"https:\/\/etev7e.pef.czu.cz\/zs2223\/wp-json\/wp\/v2\/product_brand?post=5092"},{"taxonomy":"product_cat","embeddable":true,"href":"https:\/\/etev7e.pef.czu.cz\/zs2223\/wp-json\/wp\/v2\/product_cat?post=5092"},{"taxonomy":"product_tag","embeddable":true,"href":"https:\/\/etev7e.pef.czu.cz\/zs2223\/wp-json\/wp\/v2\/product_tag?post=5092"}],"curies":[{"name":"wp","href":"https:\/\/api.w.org\/{rel}","templated":true}]}}