{"id":5104,"date":"2024-11-04T20:30:18","date_gmt":"2024-11-04T19:30:18","guid":{"rendered":"https:\/\/etev7e.pef.czu.cz\/zs2223\/?post_type=product&#038;p=5104"},"modified":"2024-11-04T20:30:18","modified_gmt":"2024-11-04T19:30:18","slug":"nespresso-original-master-origins-colombia-10-ks","status":"publish","type":"product","link":"https:\/\/etev7e.pef.czu.cz\/zs2223\/produkt\/nespresso-original-master-origins-colombia-10-ks\/","title":{"rendered":"Nespresso Original Master Origins Colombia 10 ks"},"content":{"rendered":"<p><span lang=\"en-gb\" xml:lang=\"en-gb\">Master Origins COLOMBIA je Arabikou z pozdn\u00ed sklizn\u011b, slo\u017een\u00e1 pouze z dokonale zral\u00fdch zrn z kolumbijsk\u00fdch hor. Je p\u0159ekvapiv\u00e1 a temperamentn\u00ed, pln\u00e1 vinn\u00fdch a ovocn\u00fdch t\u00f3n\u016f p\u0159ipom\u00ednaj\u00edc\u00ed \u010dern\u00fd ryb\u00edz a brusinky.<\/span><\/p>\n<p><span lang=\"en-gb\" xml:lang=\"en-gb\">Kr\u00e1tk\u00e9 pra\u017een\u00ed p\u0159i st\u0159edn\u00edch teplot\u00e1ch zachov\u00e1v\u00e1 rovnov\u00e1hu syt\u00fdch a jemn\u00fdch aromatick\u00fdch t\u00f3n\u016f Master Origins COLOMBIA z pozdn\u00ed sklizn\u011b.<\/span><\/p>\n<p><span lang=\"en-gb\" xml:lang=\"en-gb\">Master Origins COLOMBIA s Arabikou z pozdn\u00ed sklizn\u011b, k\u00e1va z\u00e1rove\u0148 hebk\u00e1 i ovocn\u00e1. Ochutn\u00e1te vinn\u00e9 t\u00f3ny spole\u010dn\u011b s pestrou m\u00edsou \u010derven\u00e9ho ovoce, \u010dern\u00e9ho ryb\u00edzu a brusinek. Jisk\u0159iv\u00e1 kyselinka z n\u011bj \u010din\u00ed energickou a temperamentn\u00ed k\u00e1vu. Intenzita : 6\/12, ho\u0159kost: 3\/5, p\u0159\u00edprava 40 ml\/110 ml<\/span><\/p>\n<p><b>Hmotnost\/rozm\u011bry:\u00a0<\/b>10 ks 56 g<\/p>\n<p><b>Komplementy\u00a0<\/b>kapslov\u00fd k\u00e1vovar, cukr, z\u00e1sobn\u00edk na kapsle<\/p>\n<p><b>Substituty\u00a0<\/b>Nespresso Original Kahawa ya Congo Organic, Nespresso Original India<\/p>\n<p><b>Varianty:\u00a0<\/b>10 ks, 50 ks, 100 ks<\/p>\n<p><b>Typ k\u00e1vovaru:<\/b>\u00a0Nespresso Original<\/p>\n","protected":false},"excerpt":{"rendered":"<p>Master Origins COLOMBIA s Arabikou z pozdn\u00ed sklizn\u011b, k\u00e1va z\u00e1rove\u0148 hebk\u00e1 i ovocn\u00e1.<\/p>\n<p>Intenzita : 6\/12, ho\u0159kost: 3\/5, p\u0159\u00edprava 40 ml\/110 ml<\/p>\n","protected":false},"featured_media":5106,"comment_status":"open","ping_status":"closed","template":"","meta":[],"product_brand":[],"product_cat":[1414],"product_tag":[1416,1418,1421,1422],"class_list":{"0":"post-5104","1":"product","2":"type-product","3":"status-publish","4":"has-post-thumbnail","6":"product_cat-kavove-kapsle","7":"product_tag-kavove-kapsle","8":"product_tag-lungo","9":"product_tag-nespresso","10":"product_tag-original","12":"first","13":"instock","14":"sale","15":"taxable","16":"shipping-taxable","17":"purchasable","18":"product-type-simple"},"jetpack_sharing_enabled":true,"_links":{"self":[{"href":"https:\/\/etev7e.pef.czu.cz\/zs2223\/wp-json\/wp\/v2\/product\/5104","targetHints":{"allow":["GET"]}}],"collection":[{"href":"https:\/\/etev7e.pef.czu.cz\/zs2223\/wp-json\/wp\/v2\/product"}],"about":[{"href":"https:\/\/etev7e.pef.czu.cz\/zs2223\/wp-json\/wp\/v2\/types\/product"}],"replies":[{"embeddable":true,"href":"https:\/\/etev7e.pef.czu.cz\/zs2223\/wp-json\/wp\/v2\/comments?post=5104"}],"wp:featuredmedia":[{"embeddable":true,"href":"https:\/\/etev7e.pef.czu.cz\/zs2223\/wp-json\/wp\/v2\/media\/5106"}],"wp:attachment":[{"href":"https:\/\/etev7e.pef.czu.cz\/zs2223\/wp-json\/wp\/v2\/media?parent=5104"}],"wp:term":[{"taxonomy":"product_brand","embeddable":true,"href":"https:\/\/etev7e.pef.czu.cz\/zs2223\/wp-json\/wp\/v2\/product_brand?post=5104"},{"taxonomy":"product_cat","embeddable":true,"href":"https:\/\/etev7e.pef.czu.cz\/zs2223\/wp-json\/wp\/v2\/product_cat?post=5104"},{"taxonomy":"product_tag","embeddable":true,"href":"https:\/\/etev7e.pef.czu.cz\/zs2223\/wp-json\/wp\/v2\/product_tag?post=5104"}],"curies":[{"name":"wp","href":"https:\/\/api.w.org\/{rel}","templated":true}]}}