{"id":5135,"date":"2024-11-05T12:52:08","date_gmt":"2024-11-05T11:52:08","guid":{"rendered":"https:\/\/etev7e.pef.czu.cz\/zs2223\/?post_type=product&#038;p=5135"},"modified":"2024-11-05T12:52:08","modified_gmt":"2024-11-05T11:52:08","slug":"stan","status":"publish","type":"product","link":"https:\/\/etev7e.pef.czu.cz\/zs2223\/produkt\/stan\/","title":{"rendered":"Stan"},"content":{"rendered":"<p>Stan outdoorov\u00fd; tvar: igl\u016f s apsidou; pro 3 osoby; sklolamin\u00e1tov\u00e1 konstrukce<\/p>\n<p>V\u00fdrobce: Husky<\/p>\n<p>Pou\u017eit\u00ed:\u00a0 Ide\u00e1ln\u00ed stan pro t\u0159i nen\u00e1ro\u010dn\u00e9 cestovatele na jejich toulk\u00e1ch p\u0159\u00edrodou. Vhodn\u00fd pro lehkou turistiku a kemping.<\/p>\n","protected":false},"excerpt":{"rendered":"<p>Venkovn\u00ed stan ide\u00e1ln\u00ed pro 3 osoby, kter\u00fd je vhodn\u00fd pro lehkou turistiku a kempov\u00e1n\u00ed.<\/p>\n","protected":false},"featured_media":5138,"comment_status":"open","ping_status":"closed","template":"","meta":[],"product_brand":[],"product_cat":[1442],"product_tag":[1443,834,1444],"class_list":{"0":"post-5135","1":"product","2":"type-product","3":"status-publish","4":"has-post-thumbnail","6":"product_cat-outdoorove-vybaveni","7":"product_tag-husky","8":"product_tag-kempovani","9":"product_tag-turistika","11":"first","12":"instock","13":"taxable","14":"shipping-taxable","15":"purchasable","16":"product-type-simple"},"jetpack_sharing_enabled":true,"_links":{"self":[{"href":"https:\/\/etev7e.pef.czu.cz\/zs2223\/wp-json\/wp\/v2\/product\/5135","targetHints":{"allow":["GET"]}}],"collection":[{"href":"https:\/\/etev7e.pef.czu.cz\/zs2223\/wp-json\/wp\/v2\/product"}],"about":[{"href":"https:\/\/etev7e.pef.czu.cz\/zs2223\/wp-json\/wp\/v2\/types\/product"}],"replies":[{"embeddable":true,"href":"https:\/\/etev7e.pef.czu.cz\/zs2223\/wp-json\/wp\/v2\/comments?post=5135"}],"wp:featuredmedia":[{"embeddable":true,"href":"https:\/\/etev7e.pef.czu.cz\/zs2223\/wp-json\/wp\/v2\/media\/5138"}],"wp:attachment":[{"href":"https:\/\/etev7e.pef.czu.cz\/zs2223\/wp-json\/wp\/v2\/media?parent=5135"}],"wp:term":[{"taxonomy":"product_brand","embeddable":true,"href":"https:\/\/etev7e.pef.czu.cz\/zs2223\/wp-json\/wp\/v2\/product_brand?post=5135"},{"taxonomy":"product_cat","embeddable":true,"href":"https:\/\/etev7e.pef.czu.cz\/zs2223\/wp-json\/wp\/v2\/product_cat?post=5135"},{"taxonomy":"product_tag","embeddable":true,"href":"https:\/\/etev7e.pef.czu.cz\/zs2223\/wp-json\/wp\/v2\/product_tag?post=5135"}],"curies":[{"name":"wp","href":"https:\/\/api.w.org\/{rel}","templated":true}]}}