{"id":5137,"date":"2024-11-05T13:01:43","date_gmt":"2024-11-05T12:01:43","guid":{"rendered":"https:\/\/etev7e.pef.czu.cz\/zs2223\/?post_type=product&#038;p=5137"},"modified":"2024-11-05T14:29:36","modified_gmt":"2024-11-05T13:29:36","slug":"yves-saint-laurent-black-opium","status":"publish","type":"product","link":"https:\/\/etev7e.pef.czu.cz\/zs2223\/produkt\/yves-saint-laurent-black-opium\/","title":{"rendered":"Yves Saint Laurent &#8211; Black Opium"},"content":{"rendered":"<p>v\u00fdrazn\u00e1 orient\u00e1ln\u00ed v\u016fn\u011b vhodn\u00e1 do zimn\u00edch m\u011bs\u00edc\u016f<\/p>\n<p>pro energick\u00e9 a sebejist\u00e9 \u017eeny<\/p>\n<p>hod\u00ed se pro ve\u010dern\u00ed no\u0161en\u00ed a slavnostn\u00ed p\u0159\u00edle\u017eitosti<\/p>\n<p>hlava: r\u016f\u017eov\u00fd pep\u0159, kv\u011bt pomeran\u010dovn\u00edku, hru\u0161ka<\/p>\n<p>srdce: k\u00e1va, jasm\u00edn<\/p>\n<p>z\u00e1klad: vanilka, pa\u010duli, cedr<\/p>\n<p>druh v\u016fn\u011b: orient\u00e1ln\u00ed<\/p>\n<p>neobsahuje: bez mikroplast\u016f<\/p>\n<p>slo\u017een\u00ed v\u016fn\u011b: Ovocn\u00e9 hru\u0161kov\u00e9 t\u00f3ny jsou v \u00favodu v\u016fn\u011b sm\u00edchan\u00e9 s kv\u011btem pomeran\u010dovn\u00edku a oko\u0159en\u011bn\u00e9 r\u016f\u017eov\u00fdm pep\u0159em. Intenzivn\u00ed k\u00e1vov\u00e9 srdce je podbarveno jasm\u00ednov\u00fdmi akordy a z\u00e1kladu parf\u00e9movan\u00e9 vody dominuje h\u0159ejiv\u00e1 vanilka.<\/p>\n","protected":false},"excerpt":{"rendered":"<p>Jako d\u00e1vka nov\u00e9 energie, pln\u00e1 elektrizuj\u00edc\u00edho n\u00e1boje, na v\u00e1s zap\u016fsob\u00ed parf\u00e9movan\u00e1 voda pro \u017eeny Yves Saint Laurent Black Opium. Provokativn\u00ed, sv\u016fdn\u00e1 a vysoce n\u00e1vykov\u00e1 v\u016fn\u011b je zt\u011blesn\u011bn\u00edm svobodn\u00e9 a sebev\u011bdom\u00e9 \u017eeny, kter\u00e1 hled\u00e1 nov\u00e9 z\u00e1\u017eitky a nic ji nezastav\u00ed.<\/p>\n","protected":false},"featured_media":5148,"comment_status":"open","ping_status":"closed","template":"","meta":[],"product_brand":[],"product_cat":[1368],"product_tag":[1096,997,943,330],"class_list":{"0":"post-5137","1":"product","2":"type-product","3":"status-publish","4":"has-post-thumbnail","6":"product_cat-luxusni-parfemy","7":"product_tag-damske-parfemy","8":"product_tag-drogerie","9":"product_tag-kosmetika","10":"product_tag-parfemy","12":"first","13":"instock","14":"taxable","15":"shipping-taxable","16":"purchasable","17":"product-type-simple"},"jetpack_sharing_enabled":true,"_links":{"self":[{"href":"https:\/\/etev7e.pef.czu.cz\/zs2223\/wp-json\/wp\/v2\/product\/5137","targetHints":{"allow":["GET"]}}],"collection":[{"href":"https:\/\/etev7e.pef.czu.cz\/zs2223\/wp-json\/wp\/v2\/product"}],"about":[{"href":"https:\/\/etev7e.pef.czu.cz\/zs2223\/wp-json\/wp\/v2\/types\/product"}],"replies":[{"embeddable":true,"href":"https:\/\/etev7e.pef.czu.cz\/zs2223\/wp-json\/wp\/v2\/comments?post=5137"}],"wp:featuredmedia":[{"embeddable":true,"href":"https:\/\/etev7e.pef.czu.cz\/zs2223\/wp-json\/wp\/v2\/media\/5148"}],"wp:attachment":[{"href":"https:\/\/etev7e.pef.czu.cz\/zs2223\/wp-json\/wp\/v2\/media?parent=5137"}],"wp:term":[{"taxonomy":"product_brand","embeddable":true,"href":"https:\/\/etev7e.pef.czu.cz\/zs2223\/wp-json\/wp\/v2\/product_brand?post=5137"},{"taxonomy":"product_cat","embeddable":true,"href":"https:\/\/etev7e.pef.czu.cz\/zs2223\/wp-json\/wp\/v2\/product_cat?post=5137"},{"taxonomy":"product_tag","embeddable":true,"href":"https:\/\/etev7e.pef.czu.cz\/zs2223\/wp-json\/wp\/v2\/product_tag?post=5137"}],"curies":[{"name":"wp","href":"https:\/\/api.w.org\/{rel}","templated":true}]}}