{"id":5139,"date":"2024-11-05T12:59:28","date_gmt":"2024-11-05T11:59:28","guid":{"rendered":"https:\/\/etev7e.pef.czu.cz\/zs2223\/?post_type=product&#038;p=5139"},"modified":"2024-11-05T13:01:25","modified_gmt":"2024-11-05T12:01:25","slug":"spaci-pytel","status":"publish","type":"product","link":"https:\/\/etev7e.pef.czu.cz\/zs2223\/produkt\/spaci-pytel\/","title":{"rendered":"Spac\u00ed pytel"},"content":{"rendered":"<p dir=\"ltr\">Ultralehk\u00fd spac\u00ed pytel o hmotnosti pouh\u00fdch 900 g, vhodn\u00fd pro outdoorov\u00e9 aktivity, jako je ryba\u0159en\u00ed, turistika a volno\u010dasov\u00e9 aktivity. M\u011bkk\u00e1 v\u00fdpl\u0148 z mikrovl\u00e1kna 3D Dural Downhill 150 g\/m3. Pou\u017eit\u00ed: Kempov\u00e1n\u00ed, turistika, span\u00ed v chladn\u00fdch podm\u00ednk\u00e1ch +2\u00b0C\/+18\u00b0C. Odolnost: \u00a0Dvouvrstv\u00e1 n\u00e1pl\u0148 pro pou\u017eit\u00ed v chladn\u011bj\u0161\u00edch ve\u010derech +2\u00b0C\/+18\u00b0C. Vn\u011bj\u0161\u00ed materi\u00e1l 300T Micro Diamond s Ripstop \u00fapravou, vnit\u0159n\u00ed materi\u00e1l 290T\/50D.<\/p>\n","protected":false},"excerpt":{"rendered":"<p>Ultralehk\u00fd spac\u00ed pytel s m\u011bkkou v\u00fdpln\u00ed z mikrovl\u00e1kna vhodn\u00fd pro outdoorov\u00e9 aktivity.<\/p>\n<p>&nbsp;<\/p>\n","protected":false},"featured_media":5140,"comment_status":"open","ping_status":"closed","template":"","meta":[],"product_brand":[],"product_cat":[1442],"product_tag":[834,935],"class_list":{"0":"post-5139","1":"product","2":"type-product","3":"status-publish","4":"has-post-thumbnail","6":"product_cat-outdoorove-vybaveni","7":"product_tag-kempovani","8":"product_tag-outdoor","10":"first","11":"instock","12":"taxable","13":"shipping-taxable","14":"purchasable","15":"product-type-simple"},"jetpack_sharing_enabled":true,"_links":{"self":[{"href":"https:\/\/etev7e.pef.czu.cz\/zs2223\/wp-json\/wp\/v2\/product\/5139","targetHints":{"allow":["GET"]}}],"collection":[{"href":"https:\/\/etev7e.pef.czu.cz\/zs2223\/wp-json\/wp\/v2\/product"}],"about":[{"href":"https:\/\/etev7e.pef.czu.cz\/zs2223\/wp-json\/wp\/v2\/types\/product"}],"replies":[{"embeddable":true,"href":"https:\/\/etev7e.pef.czu.cz\/zs2223\/wp-json\/wp\/v2\/comments?post=5139"}],"wp:featuredmedia":[{"embeddable":true,"href":"https:\/\/etev7e.pef.czu.cz\/zs2223\/wp-json\/wp\/v2\/media\/5140"}],"wp:attachment":[{"href":"https:\/\/etev7e.pef.czu.cz\/zs2223\/wp-json\/wp\/v2\/media?parent=5139"}],"wp:term":[{"taxonomy":"product_brand","embeddable":true,"href":"https:\/\/etev7e.pef.czu.cz\/zs2223\/wp-json\/wp\/v2\/product_brand?post=5139"},{"taxonomy":"product_cat","embeddable":true,"href":"https:\/\/etev7e.pef.czu.cz\/zs2223\/wp-json\/wp\/v2\/product_cat?post=5139"},{"taxonomy":"product_tag","embeddable":true,"href":"https:\/\/etev7e.pef.czu.cz\/zs2223\/wp-json\/wp\/v2\/product_tag?post=5139"}],"curies":[{"name":"wp","href":"https:\/\/api.w.org\/{rel}","templated":true}]}}