{"id":5141,"date":"2024-11-05T13:24:53","date_gmt":"2024-11-05T12:24:53","guid":{"rendered":"https:\/\/etev7e.pef.czu.cz\/zs2223\/?post_type=product&#038;p=5141"},"modified":"2024-11-10T09:31:39","modified_gmt":"2024-11-10T08:31:39","slug":"apple-pruhledny-kryt-s-magsafe-na-iphone-16","status":"publish","type":"product","link":"https:\/\/etev7e.pef.czu.cz\/zs2223\/produkt\/apple-pruhledny-kryt-s-magsafe-na-iphone-16\/","title":{"rendered":"Apple pr\u016fhledn\u00fd kryt s MagSafe na iPhone 16"},"content":{"rendered":"<p>Pr\u016fhledn\u00fd kryt s bezdr\u00e1tov\u00fdm nab\u00edjen\u00edm MagSafe<\/p>\n<ul>\n<li>kompatibilita s Apple iPhone 16<\/li>\n<li>podporuje bezdr\u00e1tov\u00e9 dob\u00edjen\u00ed &#8211; pln\u011b kompatibiln\u00ed s ve\u0161ker\u00fdm MagSafe p\u0159\u00edslu\u0161enstv\u00edm (nab\u00edje\u010dky typu MagSafe, s certifikac\u00ed Qi2\/Qi)<\/li>\n<li>ochrana zadn\u00ed strany p\u0159ed n\u00e1razy a po\u0161kr\u00e1b\u00e1n\u00edm<\/li>\n<li>d\u00edky kvalitn\u00edmu materi\u00e1lu neze\u017eloutne ani po del\u0161\u00ed dob\u011b pou\u017e\u00edv\u00e1n\u00ed, materi\u00e1l: polykarbon\u00e1t<\/li>\n<li>integrovan\u00e9 magnety pro dokonal\u00e9 zarovn\u00e1n\u00ed p\u0159i nasazen\u00ed<\/li>\n<li>v\u00fd\u0159ezy pro konektory a tla\u010d\u00edtka<\/li>\n<\/ul>\n","protected":false},"excerpt":{"rendered":"<p>Pr\u016fhledn\u00fd kryt na Iphone 16, ochrana zadn\u00ed strany, materi\u00e1l polykarbon\u00e1t, bezdr\u00e1tov\u00e9 nab\u00edjen\u00ed MagSafe, integrovan\u00e9 magnety pro dokonal\u00e9 zarovn\u00e1n\u00ed p\u0159i nasazen\u00ed, v\u00fd\u0159ezy pro konektory a tla\u010d\u00edtka<\/p>\n","protected":false},"featured_media":5169,"comment_status":"open","ping_status":"closed","template":"","meta":[],"product_brand":[],"product_cat":[1445],"product_tag":[886,894,1448,1449,1450],"class_list":{"0":"post-5141","1":"product","2":"type-product","3":"status-publish","4":"has-post-thumbnail","6":"product_cat-prislusenstvi-pro-mobilni-telefony","7":"product_tag-iphone-prislusenstvi","8":"product_tag-kryt-na-mobilni-telefon","9":"product_tag-kryty-a-pouzdra-na-iphone","10":"product_tag-prislusenstvi-k-iphone","11":"product_tag-prislusenstvi-k-mobilnim-telefonum","13":"first","14":"instock","15":"sale","16":"taxable","17":"shipping-taxable","18":"purchasable","19":"product-type-simple"},"jetpack_sharing_enabled":true,"_links":{"self":[{"href":"https:\/\/etev7e.pef.czu.cz\/zs2223\/wp-json\/wp\/v2\/product\/5141","targetHints":{"allow":["GET"]}}],"collection":[{"href":"https:\/\/etev7e.pef.czu.cz\/zs2223\/wp-json\/wp\/v2\/product"}],"about":[{"href":"https:\/\/etev7e.pef.czu.cz\/zs2223\/wp-json\/wp\/v2\/types\/product"}],"replies":[{"embeddable":true,"href":"https:\/\/etev7e.pef.czu.cz\/zs2223\/wp-json\/wp\/v2\/comments?post=5141"}],"wp:featuredmedia":[{"embeddable":true,"href":"https:\/\/etev7e.pef.czu.cz\/zs2223\/wp-json\/wp\/v2\/media\/5169"}],"wp:attachment":[{"href":"https:\/\/etev7e.pef.czu.cz\/zs2223\/wp-json\/wp\/v2\/media?parent=5141"}],"wp:term":[{"taxonomy":"product_brand","embeddable":true,"href":"https:\/\/etev7e.pef.czu.cz\/zs2223\/wp-json\/wp\/v2\/product_brand?post=5141"},{"taxonomy":"product_cat","embeddable":true,"href":"https:\/\/etev7e.pef.czu.cz\/zs2223\/wp-json\/wp\/v2\/product_cat?post=5141"},{"taxonomy":"product_tag","embeddable":true,"href":"https:\/\/etev7e.pef.czu.cz\/zs2223\/wp-json\/wp\/v2\/product_tag?post=5141"}],"curies":[{"name":"wp","href":"https:\/\/api.w.org\/{rel}","templated":true}]}}