{"id":5143,"date":"2024-11-05T13:06:33","date_gmt":"2024-11-05T12:06:33","guid":{"rendered":"https:\/\/etev7e.pef.czu.cz\/zs2223\/?post_type=product&#038;p=5143"},"modified":"2024-11-05T13:06:33","modified_gmt":"2024-11-05T12:06:33","slug":"trekove-hole","status":"publish","type":"product","link":"https:\/\/etev7e.pef.czu.cz\/zs2223\/produkt\/trekove-hole\/","title":{"rendered":"Trekov\u00e9 hole"},"content":{"rendered":"<p>Trekov\u00e9 hole s odn\u00edmatelnou rukavi\u010dku s otvorem pro palec, madlo ze syntetick\u00e9ho korku pro pohodln\u00fd \u00fachop a gumov\u00e9 boti\u010dky. Nordic walking hole Warg Nordic Twistlock jsou perfektn\u00ed volbou pro aktivn\u00ed pohyb ve m\u011bst\u011b i v p\u0159\u00edrod\u011b. Trekov\u00e9 hole jsou vyrobeny z lehk\u00e9ho a odoln\u00e9ho materi\u00e1lu Aluminium 7075.<\/p>\n","protected":false},"excerpt":{"rendered":"<p>Trekov\u00e9 hole zna\u010dky Nordic jsou perfektn\u00ed volbou pro aktivn\u00ed pohyb ve m\u011bst\u011b i v p\u0159\u00edrod\u011b. Vyrobeny z lehk\u00e9ho a odoln\u00e9ho materi\u00e1lu.<\/p>\n","protected":false},"featured_media":5145,"comment_status":"open","ping_status":"closed","template":"","meta":[],"product_brand":[],"product_cat":[1442],"product_tag":[1446,350,1444],"class_list":{"0":"post-5143","1":"product","2":"type-product","3":"status-publish","4":"has-post-thumbnail","6":"product_cat-outdoorove-vybaveni","7":"product_tag-nordic","8":"product_tag-sport","9":"product_tag-turistika","11":"first","12":"instock","13":"taxable","14":"shipping-taxable","15":"purchasable","16":"product-type-simple"},"jetpack_sharing_enabled":true,"_links":{"self":[{"href":"https:\/\/etev7e.pef.czu.cz\/zs2223\/wp-json\/wp\/v2\/product\/5143","targetHints":{"allow":["GET"]}}],"collection":[{"href":"https:\/\/etev7e.pef.czu.cz\/zs2223\/wp-json\/wp\/v2\/product"}],"about":[{"href":"https:\/\/etev7e.pef.czu.cz\/zs2223\/wp-json\/wp\/v2\/types\/product"}],"replies":[{"embeddable":true,"href":"https:\/\/etev7e.pef.czu.cz\/zs2223\/wp-json\/wp\/v2\/comments?post=5143"}],"wp:featuredmedia":[{"embeddable":true,"href":"https:\/\/etev7e.pef.czu.cz\/zs2223\/wp-json\/wp\/v2\/media\/5145"}],"wp:attachment":[{"href":"https:\/\/etev7e.pef.czu.cz\/zs2223\/wp-json\/wp\/v2\/media?parent=5143"}],"wp:term":[{"taxonomy":"product_brand","embeddable":true,"href":"https:\/\/etev7e.pef.czu.cz\/zs2223\/wp-json\/wp\/v2\/product_brand?post=5143"},{"taxonomy":"product_cat","embeddable":true,"href":"https:\/\/etev7e.pef.czu.cz\/zs2223\/wp-json\/wp\/v2\/product_cat?post=5143"},{"taxonomy":"product_tag","embeddable":true,"href":"https:\/\/etev7e.pef.czu.cz\/zs2223\/wp-json\/wp\/v2\/product_tag?post=5143"}],"curies":[{"name":"wp","href":"https:\/\/api.w.org\/{rel}","templated":true}]}}