{"id":5144,"date":"2024-11-05T13:07:34","date_gmt":"2024-11-05T12:07:34","guid":{"rendered":"https:\/\/etev7e.pef.czu.cz\/zs2223\/?post_type=product&#038;p=5144"},"modified":"2024-11-05T14:30:46","modified_gmt":"2024-11-05T13:30:46","slug":"guess-seductive","status":"publish","type":"product","link":"https:\/\/etev7e.pef.czu.cz\/zs2223\/produkt\/guess-seductive\/","title":{"rendered":"Guess &#8211; Seductive"},"content":{"rendered":"<p>Ovocno-kv\u011btinov\u00e1 v\u016fn\u011b s t\u00f3ny vanilky, hru\u0161ky a citrus\u016f, pro \u017eeny, kter\u00e9 cht\u011bj\u00ed p\u016fsobit p\u0159ita\u017eliv\u011b. Ide\u00e1ln\u00ed na no\u0161en\u00ed po cel\u00fd rok.<\/p>\n<p>hlava: bergamot, \u010dern\u00fd ryb\u00edz, hru\u0161ka<\/p>\n<p>srdce: jasm\u00edn, kv\u011bt pomeran\u010dovn\u00edku, ko\u0159en kosatce<\/p>\n<p>z\u00e1klad: kadidlo, vanilka<\/p>\n<p>druh v\u016fn\u011b: ovocn\u00e1, kv\u011btinov\u00e1<\/p>\n","protected":false},"excerpt":{"rendered":"<p>Toaletn\u00ed voda pro \u017eeny Guess Seductive v\u00e1m dod\u00e1 pot\u0159ebn\u00e9 sebev\u011bdom\u00ed, d\u00edky kter\u00e9mu budete m\u00edt v\u017edy navrch. Jej\u00ed ovocno-kv\u011btinov\u00e9 t\u00f3ny dokonale podtrhnou va\u0161i \u017eenskost a nechaj\u00ed vyniknout v\u00e1\u0161 osobit\u00fd \u0161arm, d\u00edky n\u011bmu\u017e v\u00e1m nikdo neodol\u00e1.<\/p>\n","protected":false},"featured_media":5147,"comment_status":"open","ping_status":"closed","template":"","meta":[],"product_brand":[],"product_cat":[1368],"product_tag":[1096,997,943,330],"class_list":{"0":"post-5144","1":"product","2":"type-product","3":"status-publish","4":"has-post-thumbnail","6":"product_cat-luxusni-parfemy","7":"product_tag-damske-parfemy","8":"product_tag-drogerie","9":"product_tag-kosmetika","10":"product_tag-parfemy","12":"first","13":"instock","14":"taxable","15":"shipping-taxable","16":"purchasable","17":"product-type-simple"},"jetpack_sharing_enabled":true,"_links":{"self":[{"href":"https:\/\/etev7e.pef.czu.cz\/zs2223\/wp-json\/wp\/v2\/product\/5144","targetHints":{"allow":["GET"]}}],"collection":[{"href":"https:\/\/etev7e.pef.czu.cz\/zs2223\/wp-json\/wp\/v2\/product"}],"about":[{"href":"https:\/\/etev7e.pef.czu.cz\/zs2223\/wp-json\/wp\/v2\/types\/product"}],"replies":[{"embeddable":true,"href":"https:\/\/etev7e.pef.czu.cz\/zs2223\/wp-json\/wp\/v2\/comments?post=5144"}],"wp:featuredmedia":[{"embeddable":true,"href":"https:\/\/etev7e.pef.czu.cz\/zs2223\/wp-json\/wp\/v2\/media\/5147"}],"wp:attachment":[{"href":"https:\/\/etev7e.pef.czu.cz\/zs2223\/wp-json\/wp\/v2\/media?parent=5144"}],"wp:term":[{"taxonomy":"product_brand","embeddable":true,"href":"https:\/\/etev7e.pef.czu.cz\/zs2223\/wp-json\/wp\/v2\/product_brand?post=5144"},{"taxonomy":"product_cat","embeddable":true,"href":"https:\/\/etev7e.pef.czu.cz\/zs2223\/wp-json\/wp\/v2\/product_cat?post=5144"},{"taxonomy":"product_tag","embeddable":true,"href":"https:\/\/etev7e.pef.czu.cz\/zs2223\/wp-json\/wp\/v2\/product_tag?post=5144"}],"curies":[{"name":"wp","href":"https:\/\/api.w.org\/{rel}","templated":true}]}}