{"id":5146,"date":"2024-11-05T13:13:10","date_gmt":"2024-11-05T12:13:10","guid":{"rendered":"https:\/\/etev7e.pef.czu.cz\/zs2223\/?post_type=product&#038;p=5146"},"modified":"2024-11-05T13:13:10","modified_gmt":"2024-11-05T12:13:10","slug":"batoh-na-turistiku","status":"publish","type":"product","link":"https:\/\/etev7e.pef.czu.cz\/zs2223\/produkt\/batoh-na-turistiku\/","title":{"rendered":"Batoh na turistiku"},"content":{"rendered":"<p>Turistick\u00fd batoh Zulu Sandstone 45+5l m\u00e1 odv\u011btran\u00e1 z\u00e1da se s\u00ed\u0165ovinovou konstrukc\u00ed, to p\u0159ijde vhod hlavn\u011b za hork\u00fdch letn\u00edch dn\u016f, kdy se va\u0161e z\u00e1da budou v\u00fdrazn\u011b m\u00e9n\u011b potit. Na bedern\u00edm p\u00e1su se nach\u00e1z\u00ed dv\u011b kapsi\u010dky na ty\u010dinku, mobiln\u00ed telefon nebo dal\u0161\u00ed drobnosti, kter\u00e9 chcete m\u00edt okam\u017eit\u011b po ruce. Na v\u00edku batohu je jedna vnit\u0159n\u00ed i vn\u011bj\u0161\u00ed kapsa na doklady, kl\u00ed\u010de a jin\u00e9 vybaven\u00ed. Je ur\u010den pro v\u00edkendov\u00e9 i v\u00edcedenn\u00ed v\u00fdlety v kopc\u00edch. S p\u0159\u00eddavnou pl\u00e1\u0161t\u011bnkou je odoln\u00fd v\u016f\u010di vod\u011b.<\/p>\n","protected":false},"excerpt":{"rendered":"<p>Turistick\u00fd batoh s objemem 45+5 litr\u016f je vhodn\u00fd pro v\u00edkendov\u00e9 i v\u00edcedenn\u00ed turistick\u00fd pobyt. Je velmi prostorn\u00fd a pohodln\u00fd.<\/p>\n","protected":false},"featured_media":5152,"comment_status":"open","ping_status":"closed","template":"","meta":[],"product_brand":[],"product_cat":[1442],"product_tag":[935,350,1447],"class_list":{"0":"post-5146","1":"product","2":"type-product","3":"status-publish","4":"has-post-thumbnail","6":"product_cat-outdoorove-vybaveni","7":"product_tag-outdoor","8":"product_tag-sport","9":"product_tag-vylety","11":"first","12":"instock","13":"taxable","14":"shipping-taxable","15":"purchasable","16":"product-type-simple"},"jetpack_sharing_enabled":true,"_links":{"self":[{"href":"https:\/\/etev7e.pef.czu.cz\/zs2223\/wp-json\/wp\/v2\/product\/5146","targetHints":{"allow":["GET"]}}],"collection":[{"href":"https:\/\/etev7e.pef.czu.cz\/zs2223\/wp-json\/wp\/v2\/product"}],"about":[{"href":"https:\/\/etev7e.pef.czu.cz\/zs2223\/wp-json\/wp\/v2\/types\/product"}],"replies":[{"embeddable":true,"href":"https:\/\/etev7e.pef.czu.cz\/zs2223\/wp-json\/wp\/v2\/comments?post=5146"}],"wp:featuredmedia":[{"embeddable":true,"href":"https:\/\/etev7e.pef.czu.cz\/zs2223\/wp-json\/wp\/v2\/media\/5152"}],"wp:attachment":[{"href":"https:\/\/etev7e.pef.czu.cz\/zs2223\/wp-json\/wp\/v2\/media?parent=5146"}],"wp:term":[{"taxonomy":"product_brand","embeddable":true,"href":"https:\/\/etev7e.pef.czu.cz\/zs2223\/wp-json\/wp\/v2\/product_brand?post=5146"},{"taxonomy":"product_cat","embeddable":true,"href":"https:\/\/etev7e.pef.czu.cz\/zs2223\/wp-json\/wp\/v2\/product_cat?post=5146"},{"taxonomy":"product_tag","embeddable":true,"href":"https:\/\/etev7e.pef.czu.cz\/zs2223\/wp-json\/wp\/v2\/product_tag?post=5146"}],"curies":[{"name":"wp","href":"https:\/\/api.w.org\/{rel}","templated":true}]}}