{"id":5156,"date":"2024-11-05T13:24:36","date_gmt":"2024-11-05T12:24:36","guid":{"rendered":"https:\/\/etev7e.pef.czu.cz\/zs2223\/?post_type=product&#038;p=5156"},"modified":"2024-11-05T14:31:34","modified_gmt":"2024-11-05T13:31:34","slug":"miss-dior-eau-de-parfum","status":"publish","type":"product","link":"https:\/\/etev7e.pef.czu.cz\/zs2223\/produkt\/miss-dior-eau-de-parfum\/","title":{"rendered":"Miss Dior &#8211; Eau de Parfum"},"content":{"rendered":"<p>Parf\u00e9movan\u00e1 voda Miss Dior p\u0159edstavuje pestrobarevnou kv\u011btinovou kytici \u201emillefiori\u201c, v n\u00ed\u017e o\u017e\u00edvaj\u00ed t\u00f3ny r\u016f\u017ee z Grasse, pivon\u011bk, kosatc\u016f a konvalinek. V\u00fdjime\u010dn\u00e1 stuha uv\u00e1zan\u00e1 kolem hrdla v\u016fn\u011b Miss Dior je vy\u0161ita nes\u010detn\u00fdm mno\u017estv\u00edm barevn\u00fdch skvrnek, kter\u00e9 jsou stejn\u011b \u017eiv\u00e9 jako kv\u011btiny samy.<\/p>\n<p>hlava: konvalinka, pivo\u0148ka, kosatec<\/p>\n<p>srdce: r\u016f\u017ee<\/p>\n<p>z\u00e1klad: pi\u017emo, vanilka, benzoin, tonka fazole, santalov\u00e9 d\u0159evo<\/p>\n<p>druh v\u016fn\u011b: kv\u011btinov\u00e1<\/p>\n","protected":false},"excerpt":{"rendered":"<p>Parf\u00e9movan\u00e1 voda Miss Dior p\u0159edstavuje pestrobarevnou kv\u011btinovou kytici \u201emillefiori\u201c, v n\u00ed\u017e o\u017e\u00edvaj\u00ed t\u00f3ny r\u016f\u017ee z Grasse, pivon\u011bk, kosatc\u016f a konvalinek.<\/p>\n","protected":false},"featured_media":5159,"comment_status":"open","ping_status":"closed","template":"","meta":[],"product_brand":[],"product_cat":[1368],"product_tag":[1096,997,943,330],"class_list":{"0":"post-5156","1":"product","2":"type-product","3":"status-publish","4":"has-post-thumbnail","6":"product_cat-luxusni-parfemy","7":"product_tag-damske-parfemy","8":"product_tag-drogerie","9":"product_tag-kosmetika","10":"product_tag-parfemy","12":"first","13":"instock","14":"sale","15":"taxable","16":"shipping-taxable","17":"purchasable","18":"product-type-simple"},"jetpack_sharing_enabled":true,"_links":{"self":[{"href":"https:\/\/etev7e.pef.czu.cz\/zs2223\/wp-json\/wp\/v2\/product\/5156","targetHints":{"allow":["GET"]}}],"collection":[{"href":"https:\/\/etev7e.pef.czu.cz\/zs2223\/wp-json\/wp\/v2\/product"}],"about":[{"href":"https:\/\/etev7e.pef.czu.cz\/zs2223\/wp-json\/wp\/v2\/types\/product"}],"replies":[{"embeddable":true,"href":"https:\/\/etev7e.pef.czu.cz\/zs2223\/wp-json\/wp\/v2\/comments?post=5156"}],"wp:featuredmedia":[{"embeddable":true,"href":"https:\/\/etev7e.pef.czu.cz\/zs2223\/wp-json\/wp\/v2\/media\/5159"}],"wp:attachment":[{"href":"https:\/\/etev7e.pef.czu.cz\/zs2223\/wp-json\/wp\/v2\/media?parent=5156"}],"wp:term":[{"taxonomy":"product_brand","embeddable":true,"href":"https:\/\/etev7e.pef.czu.cz\/zs2223\/wp-json\/wp\/v2\/product_brand?post=5156"},{"taxonomy":"product_cat","embeddable":true,"href":"https:\/\/etev7e.pef.czu.cz\/zs2223\/wp-json\/wp\/v2\/product_cat?post=5156"},{"taxonomy":"product_tag","embeddable":true,"href":"https:\/\/etev7e.pef.czu.cz\/zs2223\/wp-json\/wp\/v2\/product_tag?post=5156"}],"curies":[{"name":"wp","href":"https:\/\/api.w.org\/{rel}","templated":true}]}}